{"id":11837,"date":"2020-11-24T12:08:29","date_gmt":"2020-11-24T11:08:29","guid":{"rendered":"http:\/\/ffbozen.it\/de\/?page_id=11837"},"modified":"2026-03-25T20:28:49","modified_gmt":"2026-03-25T19:28:49","slug":"jetzt-spenden","status":"publish","type":"page","link":"https:\/\/ffbozen.it\/de\/jetzt-spenden\/","title":{"rendered":"Jetzt spenden"},"content":{"rendered":"<div class=\"brz-root__container brz-reset-all\">\n<section data-uid=\"nkinzooydnufzcmvqmsnfxdzeosrvwdgsclj\" id=\"nkinzooydnufzcmvqmsnfxdzeosrvwdgsclj\" class=\"brz-section brz-css-rasjx\">\n<div class=\"brz-section__content brz-section--boxed brz-css-vrpch brz-css-pztrg\" data-custom-id=\"fcgrpaydvzqqvwsazswquyzthucljqtkjjol\">\n<div class=\"brz-container brz-css-pgzwu\">\n<div class=\"brz-css-vqkna brz-css-xpwzi brz-wrapper\">\n<div class=\"brz-rich-text brz-css-oybkq\" data-custom-id=\"btwcdzdyvghzvlajgiqzmguhbxqhtzyzcyse\">\n<div>\n<p class=\"brz-css-xggwt\"><span>Hilf uns helfen&#8230;<\/span><\/p>\n<p class=\"brz-css-xdzed\"><span>und unterst\u00fctze uns, f\u00fcr Euch da zu sein<\/span><\/p>\n<\/div>\n<\/div>\n<\/div>\n<\/div>\n<\/div>\n<\/section>\n<section data-uid=\"lyfcbmsuqsxxvndmwggueswfwxqzglxnwnyh\" id=\"lyfcbmsuqsxxvndmwggueswfwxqzglxnwnyh\" class=\"brz-section brz-css-rasjx brz-css-uwvxv\">\n<div class=\"brz-section__content brz-section--boxed brz-css-vrpch brz-css-ojtrt\" data-custom-id=\"igkxadrtuxozzsztzkvyzjtznhaicbwtizec\">\n<div class=\"brz-container brz-css-pgzwu\">\n<div class=\"brz-row__container brz-css-zyoox\" data-custom-id=\"uqvxlrglpadyaesismnzpfsdzgtikrtnhddd\">\n<div class=\"brz-row brz-css-lsdjz brz-css-dfkfl\">\n<div class=\"brz-columns brz-css-cgmej brz-css-zqrti\" data-custom-id=\"leaovnipotyoivctprvtgekwifaugdwkvpsy\">\n<div class=\"brz-column__items brz-css-phhvg\">\n<div class=\"brz-css-vqkna brz-wrapper\">\n<div class=\"brz-image brz-css-gylsf\"><img class=\"brz-img\" src=\"https:\/\/ffbozen.it\/de\/wp-content\/uploads\/brizy\/imgs\/FFBozen_spenden_02-455x455x0x82x455x373x1611162628.jpg\" alt=\"\" loading=\"lazy\" \/><\/div>\n<\/div>\n<\/div>\n<\/div>\n<div class=\"brz-columns brz-css-cgmej brz-css-edgyg\" data-custom-id=\"bwntibxlqhkawoademkjimpkhycquizbkjbh\">\n<div class=\"brz-column__items brz-css-phhvg brz-css-emsxu\">\n<div class=\"brz-css-vqkna brz-css-xfbpu brz-wrapper\">\n<div class=\"brz-icon-text brz-css-uewsb\" data-custom-id=\"aezgvrszzalbnacrpduwcehsqxclrctajbir\">\n<div id class=\"brz-icon__container\" data-custom-id=\"wwswmdjddovzvksqrvqjtjsyozerlcqgcmmd\"><span class=\"brz-span brz-icon css-hl8si1\"><\/span><\/div>\n<div class=\"brz-text-btn\">\n<div class=\"brz-rich-text brz-css-oybkq\" data-custom-id=\"oddtemggqwqsgsiddpqnydkyptvckhtammqm\">\n<div>\n<p class=\"brz-css-huoyj\"><span>So wie jede Freiwillige Feuerwehr, sind auch wir eine ehrenamtlich t\u00e4tige Hilfsorganisation ohne Gewinnaussichten &#8211; weder f\u00fcr den Verein noch f\u00fcr unsere Mitglieder selbst.<\/span><\/p>\n<p class=\"brz-css-pwoeq\"><span>Das hei\u00dft allerdings nicht, dass wir auf keine finanzielle Unterst\u00fctzung angewiesen sind, denn unsere Einsatzkr\u00e4fte ben\u00f6tigen eine sichere und passende Schutzausr\u00fcstung, sowie Fahrzeuge, Ger\u00e4te und nicht zuletzt unser Ger\u00e4tehaus gilt es st\u00e4ndig den aktuellen Forderungen gem\u00e4\u00df in Stand zu halten sowie dem Wandel der Zeit zu folgen.<\/span><\/p>\n<p class=\"brz-css-bhrif\"><span>Nur so kann eine schnelle, effiziente und professionelle Hilfe in allen Notsituationen erfolgen.<\/span><\/p>\n<p class=\"brz-css-btplp\"><span>Deshalb sind wir auf jede Spende angewiesen, um auch in Zukunft Hilfe leisten zu k\u00f6nnen.<\/span><\/p>\n<\/div>\n<\/div>\n<\/div>\n<\/div>\n<\/div>\n<\/div>\n<\/div>\n<\/div>\n<\/div>\n<\/div>\n<\/div>\n<\/section>\n<section data-uid=\"icauquzjnabfvpfvgmfkymaysvvcxiartxxz\" id=\"icauquzjnabfvpfvgmfkymaysvvcxiartxxz\" class=\"brz-section brz-css-rasjx\">\n<div class=\"brz-section__content brz-section--boxed brz-css-vrpch brz-css-gbjii\" data-custom-id=\"garskmxrebyquecryyayhkcbxsehddrtexgr\">\n<div class=\"brz-container brz-css-pgzwu\">\n<div class=\"brz-css-vqkna brz-css-sowvj brz-wrapper\">\n<div class=\"brz-rich-text brz-css-oybkq\" data-custom-id=\"ojagylywujywicechhlmvmlhldbxoedairhp\">\n<div>\n<p class=\"brz-css-tylsc\"><span>&#8222;Ehrenamt ist nicht Arbeit, die nicht bezahlt wird,<\/span><\/p>\n<p class=\"brz-css-ribie\"><span>sondern Arbeit die unbezahlbar ist&#8220;<\/span><\/p>\n<\/div>\n<\/div>\n<\/div>\n<\/div>\n<\/div>\n<\/section>\n<section data-uid=\"hmrgdblobgcerwzapsclqifrwdtepggvxcko\" id=\"hmrgdblobgcerwzapsclqifrwdtepggvxcko\" class=\"brz-section brz-css-rasjx\">\n<div class=\"brz-section__content brz-section--boxed brz-css-vrpch brz-css-dcfuz\" data-custom-id=\"oztjkqxklkhfpssovdajtymzgjiwndxxocfi\">\n<div class=\"brz-container brz-css-pgzwu\">\n<div class=\"brz-row__container brz-css-zyoox brz-css-dvqiv\" data-custom-id=\"ypytmfzbaqvympduclrfojaekacaiqohuzfq\">\n<div class=\"brz-row brz-css-lsdjz brz-css-dfkfl\">\n<div data-iteration-count=\"1\" class=\"brz-columns brz-css-cgmej brz-css-uhgfg brz-animated brz-css-evqez brz-css-pvxra\" data-custom-id=\"rcmvsaohuwobrfucsxzgswudigqcodtohejl\">\n<div class=\"brz-bg\">\n<div class=\"brz-bg-color\"><\/div>\n<\/div>\n<div class=\"brz-column__items brz-css-phhvg brz-css-cfhpz\">\n<div class=\"brz-css-vqkna brz-css-nquez brz-wrapper\">\n<div class=\"brz-rich-text brz-css-oybkq\" data-custom-id=\"dfvnznqiscuzpcvnsujnpexmfbfdgczqfnoz\">\n<div>\n<h5 class=\"brz-css-duenx\"><a href=\"https:\/\/www.volksbank.it\/de\/home\" target=\"_blank\" class=\"link--external\" data-brz-link-type=\"external\" rel=\"noopener\">S\u00fcdtiroler Volksbank <\/a><\/h5>\n<h5 class=\"brz-css-nyqhj\"><a href=\"https:\/\/www.volksbank.it\/de\/home\" target=\"_blank\" class=\"link--external brz-cp-color2\" data-brz-link-type=\"external\" rel=\"noopener\">IBAN IT22 T058 5611 6010 5057 0182 286<\/a><\/h5>\n<\/div>\n<\/div>\n<\/div>\n<\/div>\n<\/div>\n<div data-iteration-count=\"1\" class=\"brz-columns brz-css-cgmej brz-css-irmjr brz-animated brz-css-evqez brz-css-ijsyv\" data-custom-id=\"fkbuejamfgdjswjuqtqufabqnxckkftxbhlh\">\n<div class=\"brz-bg\">\n<div class=\"brz-bg-color\"><\/div>\n<\/div>\n<div class=\"brz-column__items brz-css-phhvg brz-css-vidbm\">\n<div class=\"brz-css-vqkna brz-css-wfzkh brz-wrapper\">\n<div class=\"brz-rich-text brz-css-oybkq\" data-custom-id=\"tvbewmlozcwtsglveopvxptucflpeobrpamm\">\n<div>\n<h5 class=\"brz-css-qgozw\"><a href=\"https:\/\/www.raiffeisen.it\/index.php?id=92&amp;L=1\" target=\"_blank\" class=\"link--external\" data-brz-link-type=\"external\" rel=\"noopener\">Raiffeisenkasse Bozen <\/a><\/h5>\n<h5 class=\"brz-css-cjiwv\"><a href=\"https:\/\/www.raiffeisen.it\/index.php?id=92&amp;L=1\" target=\"_blank\" class=\"brz-cp-color2 link--external\" data-brz-link-type=\"external\" rel=\"noopener\">IBAN IT32 C080 8111 6000 0030 0003 425<\/a><\/h5>\n<\/div>\n<\/div>\n<\/div>\n<\/div>\n<\/div>\n<div data-iteration-count=\"1\" class=\"brz-columns brz-css-cgmej brz-css-rxvmm brz-animated brz-css-evqez brz-css-ifokb\" data-custom-id=\"cbjdxzhfrbccfgkusmyedjphjjxyicevwnub\">\n<div class=\"brz-bg\">\n<div class=\"brz-bg-color\"><\/div>\n<\/div>\n<div class=\"brz-column__items brz-css-phhvg brz-css-kfkbq\">\n<div class=\"brz-css-vqkna brz-css-xjtlz brz-wrapper\">\n<div class=\"brz-image brz-css-fzsal brz-css-yvtnc\"><a class=\"brz-a\" href=\"https:\/\/www.paypal.com\/donate?hosted_button_id=69J4U7Q764324\" target=\"_blank\" rel=\"noopener\" data-brz-link-type=\"external\" id data-custom-id=\"fvmvputnmlwprtgxcjkcajhthrpahhctcuup\"><img class=\"brz-img\" src=\"https:\/\/ffbozen.it\/de\/wp-content\/uploads\/brizy\/imgs\/Codice-QR-150x150x0x0x150x150x1606230359.png\" alt=\"\" loading=\"lazy\" \/><\/a><\/div>\n<\/div>\n<div class=\"brz-wrapper-clone brz-css-inlra\">\n<div class=\"brz-d-xs-flex brz-flex-xs-wrap brz-css-ulgce\">\n<div class=\"brz-wrapper-clone__item brz-css-rplje\" id=\"uvgslwkhfcgaddigifedsivhlyqdjiwchkbr\">\n<div id class=\"brz-icon__container\" data-custom-id=\"uvgslwkhfcgaddigifedsivhlyqdjiwchkbr\"><a class=\"brz-a\" href=\"https:\/\/www.paypal.com\/donate?hosted_button_id=69J4U7Q764324\" target=\"_blank\" rel=\"noopener\" data-brz-link-type=\"external\" id><span class=\"brz-span brz-icon css-16blx8z\"><\/span><\/a><\/div>\n<\/div>\n<div class=\"brz-wrapper-clone__item brz-css-rplje\" id=\"xcwzynxlrykizqdzsgduojarreccfvysxgbj\">\n<div id class=\"brz-icon__container\" data-custom-id=\"xcwzynxlrykizqdzsgduojarreccfvysxgbj\"><a class=\"brz-a\" href=\"https:\/\/www.paypal.com\/donate?hosted_button_id=69J4U7Q764324\" target=\"_blank\" rel=\"noopener\" data-brz-link-type=\"external\" id><span class=\"brz-span brz-icon css-16blx8z\"><\/span><\/a><\/div>\n<\/div>\n<\/div>\n<\/div>\n<\/div>\n<\/div>\n<\/div>\n<\/div>\n<\/div>\n<\/div>\n<\/section>\n<\/div>\n<p><!-- version:1774466929 --><\/p>\n","protected":false},"excerpt":{"rendered":"<p>Hilf uns helfen&#8230; und unterst\u00fctze uns, f\u00fcr Euch da zu sein So wie jede Freiwillige Feuerwehr, sind auch wir eine ehrenamtlich t\u00e4tige Hilfsorganisation ohne Gewinnaussichten &#8211; weder f\u00fcr den Verein noch f\u00fcr unsere Mitglieder selbst. Das hei\u00dft allerdings nicht, dass wir auf keine finanzielle Unterst\u00fctzung angewiesen sind, denn unsere Einsatzkr\u00e4fte ben\u00f6tigen eine sichere und passende&nbsp;&hellip;<\/p>\n","protected":false},"author":1,"featured_media":0,"parent":0,"menu_order":0,"comment_status":"closed","ping_status":"closed","template":"","meta":[],"yoast_head":"<!-- This site is optimized with the Yoast SEO plugin v20.4 - https:\/\/yoast.com\/wordpress\/plugins\/seo\/ -->\n<title>Jetzt spenden - Freiwillige Feuerwehr Bozen EO<\/title>\n<meta name=\"robots\" content=\"index, follow, max-snippet:-1, max-image-preview:large, max-video-preview:-1\" \/>\n<link rel=\"canonical\" href=\"https:\/\/ffbozen.it\/de\/jetzt-spenden\/\" \/>\n<meta property=\"og:locale\" content=\"de_DE\" \/>\n<meta property=\"og:type\" content=\"article\" \/>\n<meta property=\"og:title\" content=\"Jetzt spenden - Freiwillige Feuerwehr Bozen EO\" \/>\n<meta property=\"og:description\" content=\"Hilf uns helfen&#8230; und unterst\u00fctze uns, f\u00fcr Euch da zu sein So wie jede Freiwillige Feuerwehr, sind auch wir eine ehrenamtlich t\u00e4tige Hilfsorganisation ohne Gewinnaussichten &#8211; weder f\u00fcr den Verein noch f\u00fcr unsere Mitglieder selbst. Das hei\u00dft allerdings nicht, dass wir auf keine finanzielle Unterst\u00fctzung angewiesen sind, denn unsere Einsatzkr\u00e4fte ben\u00f6tigen eine sichere und passende&nbsp;&hellip;\" \/>\n<meta property=\"og:url\" content=\"https:\/\/ffbozen.it\/de\/jetzt-spenden\/\" \/>\n<meta property=\"og:site_name\" content=\"Freiwillige Feuerwehr Bozen EO\" \/>\n<meta property=\"article:publisher\" content=\"https:\/\/www.facebook.com\/ff.bozen\" \/>\n<meta property=\"article:modified_time\" content=\"2026-03-25T19:28:49+00:00\" \/>\n<meta property=\"og:image\" content=\"https:\/\/ffbozen.it\/de\/wp-content\/uploads\/brizy\/imgs\/FFBozen_spenden_02-455x455x0x82x455x373x1611162628.jpg\" \/>\n<meta name=\"twitter:card\" content=\"summary_large_image\" \/>\n<meta name=\"twitter:label1\" content=\"Gesch\u00e4tzte Lesezeit\" \/>\n\t<meta name=\"twitter:data1\" content=\"1\u00a0Minute\" \/>\n<script type=\"application\/ld+json\" class=\"yoast-schema-graph\">{\"@context\":\"https:\/\/schema.org\",\"@graph\":[{\"@type\":\"WebPage\",\"@id\":\"https:\/\/ffbozen.it\/de\/jetzt-spenden\/\",\"url\":\"https:\/\/ffbozen.it\/de\/jetzt-spenden\/\",\"name\":\"Jetzt spenden - Freiwillige Feuerwehr Bozen EO\",\"isPartOf\":{\"@id\":\"https:\/\/ffbozen.it\/de\/#website\"},\"datePublished\":\"2020-11-24T11:08:29+00:00\",\"dateModified\":\"2026-03-25T19:28:49+00:00\",\"breadcrumb\":{\"@id\":\"https:\/\/ffbozen.it\/de\/jetzt-spenden\/#breadcrumb\"},\"inLanguage\":\"de\",\"potentialAction\":[{\"@type\":\"ReadAction\",\"target\":[\"https:\/\/ffbozen.it\/de\/jetzt-spenden\/\"]}]},{\"@type\":\"BreadcrumbList\",\"@id\":\"https:\/\/ffbozen.it\/de\/jetzt-spenden\/#breadcrumb\",\"itemListElement\":[{\"@type\":\"ListItem\",\"position\":1,\"name\":\"Startseite\",\"item\":\"https:\/\/ffbozen.it\/de\/\"},{\"@type\":\"ListItem\",\"position\":2,\"name\":\"Jetzt spenden\"}]},{\"@type\":\"WebSite\",\"@id\":\"https:\/\/ffbozen.it\/de\/#website\",\"url\":\"https:\/\/ffbozen.it\/de\/\",\"name\":\"Freiwillige Feuerwehr Bozen EO\",\"description\":\"\",\"publisher\":{\"@id\":\"https:\/\/ffbozen.it\/de\/#organization\"},\"potentialAction\":[{\"@type\":\"SearchAction\",\"target\":{\"@type\":\"EntryPoint\",\"urlTemplate\":\"https:\/\/ffbozen.it\/de\/?s={search_term_string}\"},\"query-input\":\"required name=search_term_string\"}],\"inLanguage\":\"de\"},{\"@type\":\"Organization\",\"@id\":\"https:\/\/ffbozen.it\/de\/#organization\",\"name\":\"Freiwillige Feuerwehr Bozen\",\"url\":\"https:\/\/ffbozen.it\/de\/\",\"logo\":{\"@type\":\"ImageObject\",\"inLanguage\":\"de\",\"@id\":\"https:\/\/ffbozen.it\/de\/#\/schema\/logo\/image\/\",\"url\":\"https:\/\/ffbozen.it\/de\/wp-content\/uploads\/2020\/11\/Logo-ohne-Text-scaled-e1606231422963.jpg\",\"contentUrl\":\"https:\/\/ffbozen.it\/de\/wp-content\/uploads\/2020\/11\/Logo-ohne-Text-scaled-e1606231422963.jpg\",\"width\":350,\"height\":140,\"caption\":\"Freiwillige Feuerwehr Bozen\"},\"image\":{\"@id\":\"https:\/\/ffbozen.it\/de\/#\/schema\/logo\/image\/\"},\"sameAs\":[\"https:\/\/www.facebook.com\/ff.bozen\",\"https:\/\/www.instagram.com\/ff.bozen\/\"]}]}<\/script>\n<!-- \/ Yoast SEO plugin. -->","yoast_head_json":{"title":"Jetzt spenden - Freiwillige Feuerwehr Bozen EO","robots":{"index":"index","follow":"follow","max-snippet":"max-snippet:-1","max-image-preview":"max-image-preview:large","max-video-preview":"max-video-preview:-1"},"canonical":"https:\/\/ffbozen.it\/de\/jetzt-spenden\/","og_locale":"de_DE","og_type":"article","og_title":"Jetzt spenden - Freiwillige Feuerwehr Bozen EO","og_description":"Hilf uns helfen&#8230; und unterst\u00fctze uns, f\u00fcr Euch da zu sein So wie jede Freiwillige Feuerwehr, sind auch wir eine ehrenamtlich t\u00e4tige Hilfsorganisation ohne Gewinnaussichten &#8211; weder f\u00fcr den Verein noch f\u00fcr unsere Mitglieder selbst. Das hei\u00dft allerdings nicht, dass wir auf keine finanzielle Unterst\u00fctzung angewiesen sind, denn unsere Einsatzkr\u00e4fte ben\u00f6tigen eine sichere und passende&nbsp;&hellip;","og_url":"https:\/\/ffbozen.it\/de\/jetzt-spenden\/","og_site_name":"Freiwillige Feuerwehr Bozen EO","article_publisher":"https:\/\/www.facebook.com\/ff.bozen","article_modified_time":"2026-03-25T19:28:49+00:00","og_image":[{"url":"https:\/\/ffbozen.it\/de\/wp-content\/uploads\/brizy\/imgs\/FFBozen_spenden_02-455x455x0x82x455x373x1611162628.jpg"}],"twitter_card":"summary_large_image","twitter_misc":{"Gesch\u00e4tzte Lesezeit":"1\u00a0Minute"},"schema":{"@context":"https:\/\/schema.org","@graph":[{"@type":"WebPage","@id":"https:\/\/ffbozen.it\/de\/jetzt-spenden\/","url":"https:\/\/ffbozen.it\/de\/jetzt-spenden\/","name":"Jetzt spenden - Freiwillige Feuerwehr Bozen EO","isPartOf":{"@id":"https:\/\/ffbozen.it\/de\/#website"},"datePublished":"2020-11-24T11:08:29+00:00","dateModified":"2026-03-25T19:28:49+00:00","breadcrumb":{"@id":"https:\/\/ffbozen.it\/de\/jetzt-spenden\/#breadcrumb"},"inLanguage":"de","potentialAction":[{"@type":"ReadAction","target":["https:\/\/ffbozen.it\/de\/jetzt-spenden\/"]}]},{"@type":"BreadcrumbList","@id":"https:\/\/ffbozen.it\/de\/jetzt-spenden\/#breadcrumb","itemListElement":[{"@type":"ListItem","position":1,"name":"Startseite","item":"https:\/\/ffbozen.it\/de\/"},{"@type":"ListItem","position":2,"name":"Jetzt spenden"}]},{"@type":"WebSite","@id":"https:\/\/ffbozen.it\/de\/#website","url":"https:\/\/ffbozen.it\/de\/","name":"Freiwillige Feuerwehr Bozen EO","description":"","publisher":{"@id":"https:\/\/ffbozen.it\/de\/#organization"},"potentialAction":[{"@type":"SearchAction","target":{"@type":"EntryPoint","urlTemplate":"https:\/\/ffbozen.it\/de\/?s={search_term_string}"},"query-input":"required name=search_term_string"}],"inLanguage":"de"},{"@type":"Organization","@id":"https:\/\/ffbozen.it\/de\/#organization","name":"Freiwillige Feuerwehr Bozen","url":"https:\/\/ffbozen.it\/de\/","logo":{"@type":"ImageObject","inLanguage":"de","@id":"https:\/\/ffbozen.it\/de\/#\/schema\/logo\/image\/","url":"https:\/\/ffbozen.it\/de\/wp-content\/uploads\/2020\/11\/Logo-ohne-Text-scaled-e1606231422963.jpg","contentUrl":"https:\/\/ffbozen.it\/de\/wp-content\/uploads\/2020\/11\/Logo-ohne-Text-scaled-e1606231422963.jpg","width":350,"height":140,"caption":"Freiwillige Feuerwehr Bozen"},"image":{"@id":"https:\/\/ffbozen.it\/de\/#\/schema\/logo\/image\/"},"sameAs":["https:\/\/www.facebook.com\/ff.bozen","https:\/\/www.instagram.com\/ff.bozen\/"]}]}},"_links":{"self":[{"href":"https:\/\/ffbozen.it\/de\/wp-json\/wp\/v2\/pages\/11837"}],"collection":[{"href":"https:\/\/ffbozen.it\/de\/wp-json\/wp\/v2\/pages"}],"about":[{"href":"https:\/\/ffbozen.it\/de\/wp-json\/wp\/v2\/types\/page"}],"author":[{"embeddable":true,"href":"https:\/\/ffbozen.it\/de\/wp-json\/wp\/v2\/users\/1"}],"replies":[{"embeddable":true,"href":"https:\/\/ffbozen.it\/de\/wp-json\/wp\/v2\/comments?post=11837"}],"version-history":[{"count":0,"href":"https:\/\/ffbozen.it\/de\/wp-json\/wp\/v2\/pages\/11837\/revisions"}],"wp:attachment":[{"href":"https:\/\/ffbozen.it\/de\/wp-json\/wp\/v2\/media?parent=11837"}],"curies":[{"name":"wp","href":"https:\/\/api.w.org\/{rel}","templated":true}]}}