{"id":15758,"date":"2020-12-22T14:21:37","date_gmt":"2020-12-22T13:21:37","guid":{"rendered":"https:\/\/ffbozen.it\/de\/?page_id=15758"},"modified":"2026-03-26T23:31:01","modified_gmt":"2026-03-26T22:31:01","slug":"kleinloeschfahrzeug-allrad","status":"publish","type":"page","link":"https:\/\/ffbozen.it\/de\/ausruestung\/fuhrpark\/kleinloeschfahrzeug-allrad\/","title":{"rendered":"Kleinl\u00f6schfahrzeug &#8211; Allrad"},"content":{"rendered":"<div class=\"brz-root__container brz-reset-all\">\n<section data-uid=\"wdotymfnirgcpyhmqgnoxuegemhhjkxsbzrg\" id=\"wdotymfnirgcpyhmqgnoxuegemhhjkxsbzrg\" class=\"brz-section brz-css-mujvn brz-css-wqsob\">\n<div class=\"brz-slick-slider brz-slick-slider__section\" data-slides-to-show=\"1\" data-slides-to-scroll=\"1\" data-arrows=\"true\" data-dots=\"true\" data-dots-class=\"brz-slick-slider__dots brz-slick-slider__dots--circle\" data-fade=\"false\" data-vertical=\"false\" data-auto-play=\"true\" data-auto-play-speed=\"3000\" data-swipe=\"true\" data-responsive=\"%5B%7B%22breakpoint%22%3A767%2C%22settings%22%3A%7B%22slidesToShow%22%3A1%2C%22slidesToScroll%22%3A1%7D%7D%5D\">\n<div>\n<div class=\"brz-section__content brz-section--fullWidth brz-css-grlhm brz-css-pdkig\" data-custom-id=\"tbfrdicsfxexyhdihdmprtzhuuaskrxdcywh\">\n<div class=\"brz-container brz-css-pudsq brz-css-oubha\">\n<div class=\"brz-css-ayahg brz-css-szjrw brz-wrapper\">\n<div class=\"brz-image brz-image__lightbox brz-css-btsvq\"><a class=\"brz-a\" href=\"https:\/\/ffbozen.it\/de\/wp-content\/uploads\/2020\/12\/FFBozen_Fahrzeug9_01.jpg\" data-brz-link-type=\"lightBox\" id data-custom-id=\"opiwmawmjvfuyqprfowwzxbujwpyppgwdysl\"><img class=\"brz-img\" src=\"https:\/\/ffbozen.it\/de\/wp-content\/uploads\/brizy\/imgs\/FFBozen_Fahrzeug9_01-1920x1080x0x0x1920x1080x1610545897.jpg\" alt=\"\" loading=\"lazy\" \/><\/a><\/div>\n<\/div>\n<\/div>\n<\/div>\n<\/div>\n<div>\n<div class=\"brz-section__content brz-section--fullWidth brz-css-grlhm brz-css-glyxv\" data-custom-id=\"oiajzwguyfhgclincnuukqbqixbgehlxkqfq\">\n<div class=\"brz-container brz-css-pudsq brz-css-jggch\">\n<div class=\"brz-css-ayahg brz-css-wqpoc brz-wrapper\">\n<div class=\"brz-image brz-image__lightbox brz-css-yizkd\"><a class=\"brz-a\" href=\"https:\/\/ffbozen.it\/de\/wp-content\/uploads\/2020\/12\/FFBozen_Fahrzeug9_02.jpg\" data-brz-link-type=\"lightBox\" id data-custom-id=\"ceraouentccdqeucfnaisymkejlcsjanimfe\"><img class=\"brz-img\" src=\"https:\/\/ffbozen.it\/de\/wp-content\/uploads\/brizy\/imgs\/FFBozen_Fahrzeug9_02-1920x1080x0x0x1920x1080x1610545916.jpg\" alt=\"\" loading=\"lazy\" \/><\/a><\/div>\n<\/div>\n<\/div>\n<\/div>\n<\/div>\n<div>\n<div class=\"brz-section__content brz-section--fullWidth brz-css-grlhm brz-css-fskxc\" data-custom-id=\"jsjbdnooliwajjilnrhxgavjwpwypumbesop\">\n<div class=\"brz-container brz-css-pudsq brz-css-qeail\">\n<div class=\"brz-css-ayahg brz-css-jsiyr brz-wrapper\">\n<div class=\"brz-image brz-image__lightbox brz-css-tfffh\"><a class=\"brz-a\" href=\"https:\/\/ffbozen.it\/de\/wp-content\/uploads\/2020\/12\/FFBozen_Fahrzeug9_03.jpg\" data-brz-link-type=\"lightBox\" id data-custom-id=\"aomalneovdifbfiovwpyjpxvtqcjuvxkoakq\"><img class=\"brz-img\" src=\"https:\/\/ffbozen.it\/de\/wp-content\/uploads\/brizy\/imgs\/FFBozen_Fahrzeug9_03-1920x1080x0x0x1920x1080x1610545938.jpg\" alt=\"\" loading=\"lazy\" \/><\/a><\/div>\n<\/div>\n<\/div>\n<\/div>\n<\/div>\n<div>\n<div class=\"brz-section__content brz-section--fullWidth brz-css-grlhm brz-css-srqly\" data-custom-id=\"zxjbfwzxnqsfhrkvwbuxbvkhridkpxadwbbk\">\n<div class=\"brz-container brz-css-pudsq brz-css-bevro\">\n<div class=\"brz-css-ayahg brz-css-eypum brz-wrapper\">\n<div class=\"brz-image brz-image__lightbox brz-css-nuygv\"><a class=\"brz-a\" href=\"https:\/\/ffbozen.it\/de\/wp-content\/uploads\/2020\/12\/FFBozen_Fahrzeug9_04.jpg\" data-brz-link-type=\"lightBox\" id data-custom-id=\"lqedqmvnprsmaslzatsdhqhtmyrtxhizbjdo\"><img class=\"brz-img\" src=\"https:\/\/ffbozen.it\/de\/wp-content\/uploads\/brizy\/imgs\/FFBozen_Fahrzeug9_04-1920x1080x0x0x1920x1080x1610545974.jpg\" alt=\"\" loading=\"lazy\" \/><\/a><\/div>\n<\/div>\n<\/div>\n<\/div>\n<\/div>\n<div>\n<div class=\"brz-section__content brz-section--fullWidth brz-css-grlhm brz-css-jnjoy\" data-custom-id=\"bicnizwlyrvajilohghxihmvhbxdvfgxuhaj\">\n<div class=\"brz-container brz-css-pudsq brz-css-yjpoa\">\n<div class=\"brz-css-ayahg brz-css-jevwl brz-wrapper\">\n<div class=\"brz-image brz-image__lightbox brz-css-lxwdg\"><a class=\"brz-a\" href=\"https:\/\/ffbozen.it\/de\/wp-content\/uploads\/2020\/12\/FFBozen_Fahrzeug9_05.jpg\" data-brz-link-type=\"lightBox\" id data-custom-id=\"bbpitajovitbynqasyyeqzdwmjuggtbbcoxg\"><img class=\"brz-img\" src=\"https:\/\/ffbozen.it\/de\/wp-content\/uploads\/brizy\/imgs\/FFBozen_Fahrzeug9_05-1920x1080x0x0x1920x1080x1610545991.jpg\" alt=\"\" loading=\"lazy\" \/><\/a><\/div>\n<\/div>\n<\/div>\n<\/div>\n<\/div>\n<div>\n<div class=\"brz-section__content brz-section--fullWidth brz-css-grlhm brz-css-uwvhy\" data-custom-id=\"ghxxzphxkrcuqtgcefxfualjgxtxyhedkbko\">\n<div class=\"brz-container brz-css-pudsq brz-css-nkpnb\">\n<div class=\"brz-css-ayahg brz-css-dcmey brz-wrapper\">\n<div class=\"brz-image brz-image__lightbox brz-css-szrot\"><a class=\"brz-a\" href=\"https:\/\/ffbozen.it\/de\/wp-content\/uploads\/2021\/02\/FFBozen_Fahrzeug9_12.jpg\" data-brz-link-type=\"lightBox\" id data-custom-id=\"iwtvtuyztvrqldordzvykjugevwemxppdfnq\"><img class=\"brz-img\" src=\"https:\/\/ffbozen.it\/de\/wp-content\/uploads\/brizy\/imgs\/FFBozen_Fahrzeug9_12-1920x1079x0x0x1920x1079x1612186308.jpg\" alt=\"\" loading=\"lazy\" \/><\/a><\/div>\n<\/div>\n<\/div>\n<\/div>\n<\/div>\n<div>\n<div class=\"brz-section__content brz-section--fullWidth brz-css-grlhm brz-css-ddfnh\" data-custom-id=\"cjunvmfyykqshhobbguitobmluauaopisopa\">\n<div class=\"brz-container brz-css-pudsq brz-css-jvmhm\">\n<div class=\"brz-css-ayahg brz-css-pvtce brz-wrapper\">\n<div class=\"brz-image brz-image__lightbox brz-css-ugabk\"><a class=\"brz-a\" href=\"https:\/\/ffbozen.it\/de\/wp-content\/uploads\/2021\/02\/FFBozen_Fahrzeug9_13.jpg\" data-brz-link-type=\"lightBox\" id data-custom-id=\"reziisyaehfuftcklortgevymorkjhqryrdp\"><img class=\"brz-img\" src=\"https:\/\/ffbozen.it\/de\/wp-content\/uploads\/brizy\/imgs\/FFBozen_Fahrzeug9_13-1920x1079x0x0x1920x1079x1612186309.jpg\" alt=\"\" loading=\"lazy\" \/><\/a><\/div>\n<\/div>\n<\/div>\n<\/div>\n<\/div>\n<p><title>tail<\/title>\n<\/div>\n<\/section>\n<section data-uid=\"smvtimedzngjwmxpunvyszlsqhkvofkgbnee\" id=\"smvtimedzngjwmxpunvyszlsqhkvofkgbnee\" class=\"brz-section brz-css-mujvn\">\n<div class=\"brz-section__content brz-section--fullWidth brz-css-grlhm brz-css-tlfrj\" data-custom-id=\"apihmoxksljlhhngcjamrapprtawznuwkkex\">\n<div class=\"brz-bg\">\n<div class=\"brz-bg-color\"><\/div>\n<\/div>\n<div class=\"brz-container brz-css-pudsq brz-css-jcrbt\">\n<div class=\"brz-row__container brz-css-ngeyv\" data-custom-id=\"wmlivrlznecjbbnhmlopxfwelvjlkbxknpou\">\n<div class=\"brz-row brz-css-orowd brz-css-cekdl\">\n<div class=\"brz-columns brz-css-vspkr brz-css-veuxs\" data-custom-id=\"chmcvajqixxvlnelgmarwoszeqlomgywiehi\">\n<div class=\"brz-column__items brz-css-hahjn brz-css-tydow\">\n<div class=\"brz-css-ayahg brz-css-idmfm brz-wrapper\">\n<div class=\"brz-rich-text brz-css-hownk\" data-custom-id=\"numoojbayqwpsncuwqpwaeetxhcwaqqockfu\">\n<div>\n<h2 class=\"brz-css-xbflt\"><span>Kleinl\u00f6schfahrzeug &#8211; Allrad<\/span><\/h2>\n<\/div>\n<\/div>\n<\/div>\n<\/div>\n<\/div>\n<\/div>\n<\/div>\n<div class=\"brz-row__container brz-css-ngeyv\" data-custom-id=\"jzfhhzagqherawkescksialkkercxtbckogf\">\n<div class=\"brz-row brz-css-orowd brz-css-cekdl\">\n<div class=\"brz-columns brz-css-vspkr brz-css-cfodl\" data-custom-id=\"hmasmpjxoplfgpxcvfynxzaaqwbudvcmzfaf\">\n<div class=\"brz-column__items brz-css-hahjn brz-css-eukov\">\n<div class=\"brz-css-ayahg brz-css-gpkuy brz-wrapper\">\n<div class=\"brz-rich-text brz-css-hownk\" data-custom-id=\"muqftsucmoobwtqturzrayschbwwfkjqewgm\">\n<div>\n<p class=\"brz-css-whxyc\"><span class=\"brz-cp-color7\">Dieses Kleinl\u00f6schfahrzeug ist gel\u00e4ndeg\u00e4ngig und wird vorrangig bei Brandeins\u00e4tzen im Berggebiet verwendet. Es f\u00fchrt die Standardausr\u00fcstung f\u00fcr Brandeins\u00e4tze, sowie eine Tragkraftspritze mit.\u00a0Des Weiteren ist das Fahrzeug auch f\u00fcr kleine technische Hilfeleistungen einsetzbar.\u00a0<\/span><\/p>\n<\/div>\n<\/div>\n<\/div>\n<\/div>\n<\/div>\n<\/div>\n<\/div>\n<div class=\"brz-row__container brz-css-ngeyv\" data-custom-id=\"scuxysjgcppjfcqqrlsimjyrpswozrznywuq\">\n<div class=\"brz-row brz-css-orowd brz-css-cekdl\">\n<div class=\"brz-columns brz-css-vspkr brz-css-vwauf\" data-custom-id=\"iqnjnbdeqgkqcmclomnalhhzayryczjrgbam\">\n<div class=\"brz-column__items brz-css-hahjn\">\n<div class=\"brz-css-ayahg brz-css-fckmj brz-wrapper\">\n<div class=\"brz-icon-text brz-css-wqwhr\" data-custom-id=\"mwkcyjxhdgjbgugsedigwvjtgxzcfvifzbkz\">\n<div id class=\"brz-icon__container\" data-custom-id=\"cqglkpjuorfabgfrugtbymdbftdhdpmprewq\"><span class=\"brz-span brz-icon css-8lc2bu\"><\/span><\/div>\n<div class=\"brz-text-btn\">\n<div class=\"brz-rich-text brz-css-hownk\" data-custom-id=\"fjzzucokqqcportoltexcmngdsfuquaigrej\">\n<div>\n<p class=\"brz-css-xsgrg\"><span class=\"brz-cp-color7\">Besatzung:<\/span><\/p>\n<p class=\"brz-css-kzcrl\"><span class=\"brz-cp-color7\">5 + 1 Mann<\/span><\/p>\n<\/div>\n<\/div>\n<\/div>\n<\/div>\n<\/div>\n<\/div>\n<\/div>\n<div class=\"brz-columns brz-css-vspkr brz-css-nwmri\" data-custom-id=\"mnodxcfetnpxxiuqmfrctbpylowyosmkbefs\">\n<div class=\"brz-column__items brz-css-hahjn\">\n<div class=\"brz-css-ayahg brz-css-iipmv brz-wrapper\">\n<div class=\"brz-icon-text brz-css-wqwhr\" data-custom-id=\"vptvrzevxrpughbqyyzaeslgbxsmgydooqeb\">\n<div id class=\"brz-icon__container\" data-custom-id=\"lhwztugzttkxivhdmnznxusiukhjsaqufolw\"><span class=\"brz-span brz-icon css-1q3m5hw\"><\/span><\/div>\n<div class=\"brz-text-btn\">\n<div class=\"brz-rich-text brz-css-hownk\" data-custom-id=\"xcqbyzvkgfagnxyrmoeqlzgsmdfvglkfaphx\">\n<div>\n<p class=\"brz-css-jacnw\"><strong class=\"brz-cp-color7\" style=\"background-color: initial\">Gewicht:<\/strong><\/p>\n<p class=\"brz-css-grzuc\"><strong class=\"brz-cp-color7\">5.000 kg<\/strong><\/p>\n<\/div>\n<\/div>\n<\/div>\n<\/div>\n<\/div>\n<\/div>\n<\/div>\n<div class=\"brz-columns brz-css-vspkr brz-css-ecpwh\" data-custom-id=\"xqrfikeghxnnqyxiewztrkixhakgqrslprho\">\n<div class=\"brz-column__items brz-css-hahjn\">\n<div class=\"brz-css-ayahg brz-css-puwuz brz-wrapper\">\n<div class=\"brz-icon-text brz-css-wqwhr\" data-custom-id=\"tqktojylcsosyprpezootmeqdztxwxdzikom\">\n<div id class=\"brz-icon__container\" data-custom-id=\"sgbougjutrdntdhdiqvuosmlfwpqjzndxkxi\"><span class=\"brz-span brz-icon css-8lc2bu\"><\/span><\/div>\n<div class=\"brz-text-btn\">\n<div class=\"brz-rich-text brz-css-hownk\" data-custom-id=\"txmttaahrysdyudgxpfhrsmssjkhhdqegflt\">\n<div>\n<p class=\"brz-css-cntnu\"><span class=\"brz-cp-color7\">Leistung:<\/span><\/p>\n<p class=\"brz-css-boybs\"><span class=\"brz-cp-color7\">190PS<\/span><\/p>\n<\/div>\n<\/div>\n<\/div>\n<\/div>\n<\/div>\n<\/div>\n<\/div>\n<\/div>\n<\/div>\n<div class=\"brz-row__container brz-css-ngeyv\" data-custom-id=\"dqydcauruewgwkyenoyjntvyeqypsqtujzrm\">\n<div class=\"brz-row brz-css-orowd brz-css-cekdl\">\n<div class=\"brz-columns brz-css-vspkr brz-css-vcfnz\" data-custom-id=\"cdgarcdpnesgnqmydzbcpypdtfziebxcbxbh\">\n<div class=\"brz-column__items brz-css-hahjn\">\n<div class=\"brz-css-ayahg brz-css-bmoph brz-wrapper\">\n<div class=\"brz-icon-text brz-css-wqwhr\" data-custom-id=\"tncdpxfguqrqmgnhurvfzjxdxohusbaljygv\">\n<div id class=\"brz-icon__container\" data-custom-id=\"ftrcbnxsfrbgirvbfcuhoztzkfqukfdmoear\"><span class=\"brz-span brz-icon css-8lc2bu\"><\/span><\/div>\n<div class=\"brz-text-btn\">\n<div class=\"brz-rich-text brz-css-hownk\" data-custom-id=\"vnhplfhpqylzndbltyissuagskilazyobjwr\">\n<div>\n<p class=\"brz-css-pelhf\"><span class=\"brz-cp-color7\">Baujahr:<\/span><\/p>\n<p class=\"brz-css-lmvfb\"><span class=\"brz-cp-color7\">2017<\/span><\/p>\n<\/div>\n<\/div>\n<\/div>\n<\/div>\n<\/div>\n<\/div>\n<\/div>\n<div class=\"brz-columns brz-css-vspkr brz-css-ouobx\" data-custom-id=\"oinupviwtpcwkhyoznrfnvfeuxfekrnovjri\">\n<div class=\"brz-column__items brz-css-hahjn\">\n<div class=\"brz-css-ayahg brz-css-wyavq brz-wrapper\">\n<div class=\"brz-icon-text brz-css-wqwhr\" data-custom-id=\"axezyfesryfhtesueuqhvujmjcyewjcgfsvz\">\n<div id class=\"brz-icon__container\" data-custom-id=\"zrytxnjuxgghefecdeogvfcvgchrngaoreme\"><span class=\"brz-span brz-icon css-8lc2bu\"><\/span><\/div>\n<div class=\"brz-text-btn\">\n<div class=\"brz-rich-text brz-css-hownk\" data-custom-id=\"wvayunmlyacjkfhtuvzwemgcddaksgcqbsii\">\n<div>\n<p class=\"brz-css-pmvmz\"><span class=\"brz-cp-color7\">Antriebsart:<\/span><\/p>\n<p class=\"brz-css-zjvka\"><span class=\"brz-cp-color7\">4\u00d72 | 4\u00d74 | reduziertes Getriebe | Differentialsperre<\/span><\/p>\n<\/div>\n<\/div>\n<\/div>\n<\/div>\n<\/div>\n<\/div>\n<\/div>\n<\/div>\n<\/div>\n<\/div>\n<\/div>\n<\/section>\n<section data-uid=\"nhhgzlmcpdmheeuzbnjkcruvfqwgahxwxddm\" id=\"nhhgzlmcpdmheeuzbnjkcruvfqwgahxwxddm\" class=\"brz-section brz-css-mujvn brz-css-vebge\">\n<div class=\"brz-section__content brz-section--boxed brz-css-grlhm brz-css-pphhh\" data-custom-id=\"ojhwasrcywvxxpompuqiogbhhrtzjqrtxzor\">\n<div class=\"brz-container brz-css-pudsq\">\n<div class=\"brz-css-ayahg brz-css-xyzhm brz-wrapper\">\n<div class=\"brz-rich-text brz-css-hownk\" data-custom-id=\"fnzxtwyserxkhlagbqtjqgwpfcgaefmvuthv\">\n<div>\n<p class=\"brz-css-faacx\"><strong>Ausstattung<\/strong><\/p>\n<\/div>\n<\/div>\n<\/div>\n<\/div>\n<\/div>\n<\/section>\n<section data-uid=\"loafbrkkukcsuzrrjskevobwkvubbzigxcig\" id=\"loafbrkkukcsuzrrjskevobwkvubbzigxcig\" class=\"brz-section brz-css-mujvn\">\n<div class=\"brz-section__content brz-section--boxed brz-css-grlhm brz-css-wmrtt\" data-custom-id=\"gepezcnhzqnwmkhednutvxiqiflzpipidcer\">\n<div class=\"brz-container brz-css-pudsq\">\n<div class=\"brz-css-ayahg brz-css-hwoth brz-wrapper\">\n<div class=\"brz-rich-text brz-css-hownk\" data-custom-id=\"mdtlvwtgdjplrsvefowwxajcrgrbxqoepmrh\">\n<div>\n<ul>\n<li class=\"brz-css-cqecd\"><a href=\"\/de\/ausruestung\/geraete\/de\/ausruestung\/geraete\/tragkraftspritze\/\" class=\"link--external\" data-brz-link-type=\"external\">Tragkraftspritze <\/a><span class=\"brz-cp-color7\">5\/6 mit Zubeh\u00f6r (Saugschlauch, Leinen, Armaturen, etc.)<\/span><\/li>\n<li class=\"brz-css-ztyaw\"><span class=\"brz-cp-color7\">Verschiedene wasserf\u00fchrende Armaturen (Schlauchmaterial, Strahlrohre, Verteiler, etc.)<\/span><\/li>\n<li class=\"brz-css-ofndy\"><span class=\"brz-cp-color7\">Kleinl\u00f6schger\u00e4te (Pulverl\u00f6scher, CO2-L\u00f6scher)<\/span><\/li>\n<li class=\"brz-css-pucmb\"><span class=\"brz-cp-color7\">Motors\u00e4ge mit Zubeh\u00f6r und Schnittschutzkleidung<\/span><\/li>\n<li class=\"brz-css-zbmph\"><span class=\"brz-cp-color7\">Steckleiter<\/span><\/li>\n<li class=\"brz-css-apimt\"><span class=\"brz-cp-color7\">3 umluftunabh\u00e4ngige Atemschutzger\u00e4te mit Zubeh\u00f6r und Rettungsleine<\/span><\/li>\n<li class=\"brz-css-nckrz\"><span class=\"brz-cp-color7\">Absicherungsmaterial (Warndreieck, Blitzleuchte, etc.)<\/span><\/li>\n<li class=\"brz-css-ryxde\"><span class=\"brz-cp-color7\">Erste-Hilfe-Ausr\u00fcstung<\/span><\/li>\n<li class=\"brz-css-lctlj\"><span class=\"brz-cp-color7\">Pneumatischer Lichtmast<\/span><\/li>\n<li class=\"brz-css-ekaba\"><span class=\"brz-cp-color7\">Beleuchtungsger\u00e4te (Flutlichtscheinwerfer, Stativ, Handscheinwerfer, etc.)<\/span><\/li>\n<li class=\"brz-css-xofxi\"><span class=\"brz-cp-color7\">Eingebauter Stromgenerator mit Elektromaterial<\/span><\/li>\n<li class=\"brz-css-gongt\"><span class=\"brz-cp-color7\">H\u00f6henrettungsausr\u00fcstung<\/span><\/li>\n<li class=\"brz-css-ggpab\"><span class=\"brz-cp-color7\">Verschiedene Werkzeuge (Feuerwehraxt, Schaufel, Besen, Pickel, etc.)<\/span><\/li>\n<li class=\"brz-css-lgltw\"><span class=\"brz-cp-color7\">Tauchpumpe mit Zubeh\u00f6r<\/span><\/li>\n<li class=\"brz-css-pwmmy\"><span class=\"brz-cp-color7\">Wassersauger mit Zubeh\u00f6r <\/span><\/li>\n<\/ul>\n<\/div>\n<\/div>\n<\/div>\n<\/div>\n<\/div>\n<\/section>\n<\/div>\n<p><!-- version:1774564261 --><\/p>\n","protected":false},"excerpt":{"rendered":"<p>tail Kleinl\u00f6schfahrzeug &#8211; Allrad Dieses Kleinl\u00f6schfahrzeug ist gel\u00e4ndeg\u00e4ngig und wird vorrangig bei Brandeins\u00e4tzen im Berggebiet verwendet. Es f\u00fchrt die Standardausr\u00fcstung f\u00fcr Brandeins\u00e4tze, sowie eine Tragkraftspritze mit.\u00a0Des Weiteren ist das Fahrzeug auch f\u00fcr kleine technische Hilfeleistungen einsetzbar.\u00a0 Besatzung: 5 + 1 Mann Gewicht: 5.000 kg Leistung: 190PS Baujahr: 2017 Antriebsart: 4\u00d72 | 4\u00d74 | reduziertes Getriebe&nbsp;&hellip;<\/p>\n","protected":false},"author":5,"featured_media":0,"parent":175,"menu_order":0,"comment_status":"closed","ping_status":"closed","template":"","meta":[],"yoast_head":"<!-- This site is optimized with the Yoast SEO plugin v20.4 - https:\/\/yoast.com\/wordpress\/plugins\/seo\/ -->\n<title>Kleinl\u00f6schfahrzeug - Allrad - Freiwillige Feuerwehr Bozen EO<\/title>\n<meta name=\"robots\" content=\"index, follow, max-snippet:-1, max-image-preview:large, max-video-preview:-1\" \/>\n<link rel=\"canonical\" href=\"https:\/\/ffbozen.it\/de\/ausruestung\/fuhrpark\/kleinloeschfahrzeug-allrad\/\" \/>\n<meta property=\"og:locale\" content=\"de_DE\" \/>\n<meta property=\"og:type\" content=\"article\" \/>\n<meta property=\"og:title\" content=\"Kleinl\u00f6schfahrzeug - Allrad - Freiwillige Feuerwehr Bozen EO\" \/>\n<meta property=\"og:description\" content=\"tail Kleinl\u00f6schfahrzeug &#8211; Allrad Dieses Kleinl\u00f6schfahrzeug ist gel\u00e4ndeg\u00e4ngig und wird vorrangig bei Brandeins\u00e4tzen im Berggebiet verwendet. Es f\u00fchrt die Standardausr\u00fcstung f\u00fcr Brandeins\u00e4tze, sowie eine Tragkraftspritze mit.\u00a0Des Weiteren ist das Fahrzeug auch f\u00fcr kleine technische Hilfeleistungen einsetzbar.\u00a0 Besatzung: 5 + 1 Mann Gewicht: 5.000 kg Leistung: 190PS Baujahr: 2017 Antriebsart: 4\u00d72 | 4\u00d74 | reduziertes Getriebe&nbsp;&hellip;\" \/>\n<meta property=\"og:url\" content=\"https:\/\/ffbozen.it\/de\/ausruestung\/fuhrpark\/kleinloeschfahrzeug-allrad\/\" \/>\n<meta property=\"og:site_name\" content=\"Freiwillige Feuerwehr Bozen EO\" \/>\n<meta property=\"article:publisher\" content=\"https:\/\/www.facebook.com\/ff.bozen\" \/>\n<meta property=\"article:modified_time\" content=\"2026-03-26T22:31:01+00:00\" \/>\n<meta property=\"og:image\" content=\"https:\/\/ffbozen.it\/de\/wp-content\/uploads\/brizy\/imgs\/FFBozen_Fahrzeug9_01-1920x1080x0x0x1920x1080x1610545897.jpg\" \/>\n<meta name=\"twitter:card\" content=\"summary_large_image\" \/>\n<meta name=\"twitter:label1\" content=\"Gesch\u00e4tzte Lesezeit\" \/>\n\t<meta name=\"twitter:data1\" content=\"1\u00a0Minute\" \/>\n<script type=\"application\/ld+json\" class=\"yoast-schema-graph\">{\"@context\":\"https:\/\/schema.org\",\"@graph\":[{\"@type\":\"WebPage\",\"@id\":\"https:\/\/ffbozen.it\/de\/ausruestung\/fuhrpark\/kleinloeschfahrzeug-allrad\/\",\"url\":\"https:\/\/ffbozen.it\/de\/ausruestung\/fuhrpark\/kleinloeschfahrzeug-allrad\/\",\"name\":\"Kleinl\u00f6schfahrzeug - Allrad - Freiwillige Feuerwehr Bozen EO\",\"isPartOf\":{\"@id\":\"https:\/\/ffbozen.it\/de\/#website\"},\"datePublished\":\"2020-12-22T13:21:37+00:00\",\"dateModified\":\"2026-03-26T22:31:01+00:00\",\"breadcrumb\":{\"@id\":\"https:\/\/ffbozen.it\/de\/ausruestung\/fuhrpark\/kleinloeschfahrzeug-allrad\/#breadcrumb\"},\"inLanguage\":\"de\",\"potentialAction\":[{\"@type\":\"ReadAction\",\"target\":[\"https:\/\/ffbozen.it\/de\/ausruestung\/fuhrpark\/kleinloeschfahrzeug-allrad\/\"]}]},{\"@type\":\"BreadcrumbList\",\"@id\":\"https:\/\/ffbozen.it\/de\/ausruestung\/fuhrpark\/kleinloeschfahrzeug-allrad\/#breadcrumb\",\"itemListElement\":[{\"@type\":\"ListItem\",\"position\":1,\"name\":\"Startseite\",\"item\":\"https:\/\/ffbozen.it\/de\/\"},{\"@type\":\"ListItem\",\"position\":2,\"name\":\"Ausr\u00fcstung\",\"item\":\"https:\/\/ffbozen.it\/de\/ausruestung\/\"},{\"@type\":\"ListItem\",\"position\":3,\"name\":\"Fuhrpark\",\"item\":\"https:\/\/ffbozen.it\/de\/ausruestung\/fuhrpark\/\"},{\"@type\":\"ListItem\",\"position\":4,\"name\":\"Kleinl\u00f6schfahrzeug &#8211; Allrad\"}]},{\"@type\":\"WebSite\",\"@id\":\"https:\/\/ffbozen.it\/de\/#website\",\"url\":\"https:\/\/ffbozen.it\/de\/\",\"name\":\"Freiwillige Feuerwehr Bozen EO\",\"description\":\"\",\"publisher\":{\"@id\":\"https:\/\/ffbozen.it\/de\/#organization\"},\"potentialAction\":[{\"@type\":\"SearchAction\",\"target\":{\"@type\":\"EntryPoint\",\"urlTemplate\":\"https:\/\/ffbozen.it\/de\/?s={search_term_string}\"},\"query-input\":\"required name=search_term_string\"}],\"inLanguage\":\"de\"},{\"@type\":\"Organization\",\"@id\":\"https:\/\/ffbozen.it\/de\/#organization\",\"name\":\"Freiwillige Feuerwehr Bozen\",\"url\":\"https:\/\/ffbozen.it\/de\/\",\"logo\":{\"@type\":\"ImageObject\",\"inLanguage\":\"de\",\"@id\":\"https:\/\/ffbozen.it\/de\/#\/schema\/logo\/image\/\",\"url\":\"https:\/\/ffbozen.it\/de\/wp-content\/uploads\/2020\/11\/Logo-ohne-Text-scaled-e1606231422963.jpg\",\"contentUrl\":\"https:\/\/ffbozen.it\/de\/wp-content\/uploads\/2020\/11\/Logo-ohne-Text-scaled-e1606231422963.jpg\",\"width\":350,\"height\":140,\"caption\":\"Freiwillige Feuerwehr Bozen\"},\"image\":{\"@id\":\"https:\/\/ffbozen.it\/de\/#\/schema\/logo\/image\/\"},\"sameAs\":[\"https:\/\/www.facebook.com\/ff.bozen\",\"https:\/\/www.instagram.com\/ff.bozen\/\"]}]}<\/script>\n<!-- \/ Yoast SEO plugin. -->","yoast_head_json":{"title":"Kleinl\u00f6schfahrzeug - Allrad - Freiwillige Feuerwehr Bozen EO","robots":{"index":"index","follow":"follow","max-snippet":"max-snippet:-1","max-image-preview":"max-image-preview:large","max-video-preview":"max-video-preview:-1"},"canonical":"https:\/\/ffbozen.it\/de\/ausruestung\/fuhrpark\/kleinloeschfahrzeug-allrad\/","og_locale":"de_DE","og_type":"article","og_title":"Kleinl\u00f6schfahrzeug - Allrad - Freiwillige Feuerwehr Bozen EO","og_description":"tail Kleinl\u00f6schfahrzeug &#8211; Allrad Dieses Kleinl\u00f6schfahrzeug ist gel\u00e4ndeg\u00e4ngig und wird vorrangig bei Brandeins\u00e4tzen im Berggebiet verwendet. Es f\u00fchrt die Standardausr\u00fcstung f\u00fcr Brandeins\u00e4tze, sowie eine Tragkraftspritze mit.\u00a0Des Weiteren ist das Fahrzeug auch f\u00fcr kleine technische Hilfeleistungen einsetzbar.\u00a0 Besatzung: 5 + 1 Mann Gewicht: 5.000 kg Leistung: 190PS Baujahr: 2017 Antriebsart: 4\u00d72 | 4\u00d74 | reduziertes Getriebe&nbsp;&hellip;","og_url":"https:\/\/ffbozen.it\/de\/ausruestung\/fuhrpark\/kleinloeschfahrzeug-allrad\/","og_site_name":"Freiwillige Feuerwehr Bozen EO","article_publisher":"https:\/\/www.facebook.com\/ff.bozen","article_modified_time":"2026-03-26T22:31:01+00:00","og_image":[{"url":"https:\/\/ffbozen.it\/de\/wp-content\/uploads\/brizy\/imgs\/FFBozen_Fahrzeug9_01-1920x1080x0x0x1920x1080x1610545897.jpg"}],"twitter_card":"summary_large_image","twitter_misc":{"Gesch\u00e4tzte Lesezeit":"1\u00a0Minute"},"schema":{"@context":"https:\/\/schema.org","@graph":[{"@type":"WebPage","@id":"https:\/\/ffbozen.it\/de\/ausruestung\/fuhrpark\/kleinloeschfahrzeug-allrad\/","url":"https:\/\/ffbozen.it\/de\/ausruestung\/fuhrpark\/kleinloeschfahrzeug-allrad\/","name":"Kleinl\u00f6schfahrzeug - Allrad - Freiwillige Feuerwehr Bozen EO","isPartOf":{"@id":"https:\/\/ffbozen.it\/de\/#website"},"datePublished":"2020-12-22T13:21:37+00:00","dateModified":"2026-03-26T22:31:01+00:00","breadcrumb":{"@id":"https:\/\/ffbozen.it\/de\/ausruestung\/fuhrpark\/kleinloeschfahrzeug-allrad\/#breadcrumb"},"inLanguage":"de","potentialAction":[{"@type":"ReadAction","target":["https:\/\/ffbozen.it\/de\/ausruestung\/fuhrpark\/kleinloeschfahrzeug-allrad\/"]}]},{"@type":"BreadcrumbList","@id":"https:\/\/ffbozen.it\/de\/ausruestung\/fuhrpark\/kleinloeschfahrzeug-allrad\/#breadcrumb","itemListElement":[{"@type":"ListItem","position":1,"name":"Startseite","item":"https:\/\/ffbozen.it\/de\/"},{"@type":"ListItem","position":2,"name":"Ausr\u00fcstung","item":"https:\/\/ffbozen.it\/de\/ausruestung\/"},{"@type":"ListItem","position":3,"name":"Fuhrpark","item":"https:\/\/ffbozen.it\/de\/ausruestung\/fuhrpark\/"},{"@type":"ListItem","position":4,"name":"Kleinl\u00f6schfahrzeug &#8211; Allrad"}]},{"@type":"WebSite","@id":"https:\/\/ffbozen.it\/de\/#website","url":"https:\/\/ffbozen.it\/de\/","name":"Freiwillige Feuerwehr Bozen EO","description":"","publisher":{"@id":"https:\/\/ffbozen.it\/de\/#organization"},"potentialAction":[{"@type":"SearchAction","target":{"@type":"EntryPoint","urlTemplate":"https:\/\/ffbozen.it\/de\/?s={search_term_string}"},"query-input":"required name=search_term_string"}],"inLanguage":"de"},{"@type":"Organization","@id":"https:\/\/ffbozen.it\/de\/#organization","name":"Freiwillige Feuerwehr Bozen","url":"https:\/\/ffbozen.it\/de\/","logo":{"@type":"ImageObject","inLanguage":"de","@id":"https:\/\/ffbozen.it\/de\/#\/schema\/logo\/image\/","url":"https:\/\/ffbozen.it\/de\/wp-content\/uploads\/2020\/11\/Logo-ohne-Text-scaled-e1606231422963.jpg","contentUrl":"https:\/\/ffbozen.it\/de\/wp-content\/uploads\/2020\/11\/Logo-ohne-Text-scaled-e1606231422963.jpg","width":350,"height":140,"caption":"Freiwillige Feuerwehr Bozen"},"image":{"@id":"https:\/\/ffbozen.it\/de\/#\/schema\/logo\/image\/"},"sameAs":["https:\/\/www.facebook.com\/ff.bozen","https:\/\/www.instagram.com\/ff.bozen\/"]}]}},"_links":{"self":[{"href":"https:\/\/ffbozen.it\/de\/wp-json\/wp\/v2\/pages\/15758"}],"collection":[{"href":"https:\/\/ffbozen.it\/de\/wp-json\/wp\/v2\/pages"}],"about":[{"href":"https:\/\/ffbozen.it\/de\/wp-json\/wp\/v2\/types\/page"}],"author":[{"embeddable":true,"href":"https:\/\/ffbozen.it\/de\/wp-json\/wp\/v2\/users\/5"}],"replies":[{"embeddable":true,"href":"https:\/\/ffbozen.it\/de\/wp-json\/wp\/v2\/comments?post=15758"}],"version-history":[{"count":4,"href":"https:\/\/ffbozen.it\/de\/wp-json\/wp\/v2\/pages\/15758\/revisions"}],"predecessor-version":[{"id":23735,"href":"https:\/\/ffbozen.it\/de\/wp-json\/wp\/v2\/pages\/15758\/revisions\/23735"}],"up":[{"embeddable":true,"href":"https:\/\/ffbozen.it\/de\/wp-json\/wp\/v2\/pages\/175"}],"wp:attachment":[{"href":"https:\/\/ffbozen.it\/de\/wp-json\/wp\/v2\/media?parent=15758"}],"curies":[{"name":"wp","href":"https:\/\/api.w.org\/{rel}","templated":true}]}}