{"id":15981,"date":"2020-12-22T15:42:28","date_gmt":"2020-12-22T14:42:28","guid":{"rendered":"https:\/\/ffbozen.it\/de\/?page_id=15981"},"modified":"2026-03-26T15:52:15","modified_gmt":"2026-03-26T14:52:15","slug":"kleintransportfahrzeug-allrad-3","status":"publish","type":"page","link":"https:\/\/ffbozen.it\/de\/ausruestung\/fuhrpark\/kleintransportfahrzeug-allrad-3\/","title":{"rendered":"Kleintransportfahrzeug &#8211; Allrad"},"content":{"rendered":"<div class=\"brz-root__container brz-reset-all\">\n<section data-uid=\"wdotymfnirgcpyhmqgnoxuegemhhjkxsbzrg\" id=\"wdotymfnirgcpyhmqgnoxuegemhhjkxsbzrg\" class=\"brz-section brz-css-yeiqk brz-css-klfsy\">\n<div class=\"brz-slick-slider brz-slick-slider__section\" data-slides-to-show=\"1\" data-slides-to-scroll=\"1\" data-arrows=\"true\" data-dots=\"true\" data-dots-class=\"brz-slick-slider__dots brz-slick-slider__dots--circle\" data-fade=\"false\" data-vertical=\"false\" data-auto-play=\"true\" data-auto-play-speed=\"3000\" data-swipe=\"true\" data-responsive=\"%5B%7B%22breakpoint%22%3A767%2C%22settings%22%3A%7B%22slidesToShow%22%3A1%2C%22slidesToScroll%22%3A1%7D%7D%5D\">\n<div>\n<div class=\"brz-section__content brz-section--fullWidth brz-css-kwdlk brz-css-lbcrm\" data-custom-id=\"tbfrdicsfxexyhdihdmprtzhuuaskrxdcywh\">\n<div class=\"brz-container brz-css-ripab brz-css-bhkue\">\n<div class=\"brz-css-borsm brz-css-iuytd brz-wrapper\">\n<div class=\"brz-image brz-image__lightbox brz-css-kwyhc\"><a class=\"brz-a\" href=\"https:\/\/ffbozen.it\/de\/wp-content\/uploads\/2020\/12\/FFBozen_Fahrzeug8_01.jpg\" data-brz-link-type=\"lightBox\" id data-custom-id=\"opiwmawmjvfuyqprfowwzxbujwpyppgwdysl\"><img class=\"brz-img\" src=\"https:\/\/ffbozen.it\/de\/wp-content\/uploads\/brizy\/imgs\/FFBozen_Fahrzeug8_01-1920x1080x0x0x1920x1080x1610545786.jpg\" alt=\"\" loading=\"lazy\" \/><\/a><\/div>\n<\/div>\n<\/div>\n<\/div>\n<\/div>\n<div>\n<div class=\"brz-section__content brz-section--fullWidth brz-css-kwdlk brz-css-znnoa\" data-custom-id=\"iomkwjppqbhoplcdooyxainijrpjjfuhirgk\">\n<div class=\"brz-container brz-css-ripab brz-css-fokoe\">\n<div class=\"brz-css-borsm brz-css-sxfrv brz-wrapper\">\n<div class=\"brz-image brz-image__lightbox brz-css-bztvi\"><a class=\"brz-a\" href=\"https:\/\/ffbozen.it\/de\/wp-content\/uploads\/2020\/12\/FFBozen_Fahrzeug8_02.jpg\" data-brz-link-type=\"lightBox\" id data-custom-id=\"zytrsgrufjcjzegiaqpesqjobybmheneehhw\"><img class=\"brz-img\" src=\"https:\/\/ffbozen.it\/de\/wp-content\/uploads\/brizy\/imgs\/FFBozen_Fahrzeug8_02-1920x1080x0x0x1920x1080x1610545726.jpg\" alt=\"\" loading=\"lazy\" \/><\/a><\/div>\n<\/div>\n<\/div>\n<\/div>\n<\/div>\n<div>\n<div class=\"brz-section__content brz-section--fullWidth brz-css-kwdlk brz-css-yhxgz\" data-custom-id=\"delxlbnyewtcebgfryurcafyeivfeotriamr\">\n<div class=\"brz-container brz-css-ripab brz-css-kggni\">\n<div class=\"brz-css-borsm brz-css-cnkac brz-wrapper\">\n<div class=\"brz-image brz-image__lightbox brz-css-velsw\"><a class=\"brz-a\" href=\"https:\/\/ffbozen.it\/de\/wp-content\/uploads\/2020\/12\/FFBozen_Fahrzeug8_03.jpg\" data-brz-link-type=\"lightBox\" id data-custom-id=\"dobskssfumqsyfhvsnurrixkllpficonodvf\"><img class=\"brz-img\" src=\"https:\/\/ffbozen.it\/de\/wp-content\/uploads\/brizy\/imgs\/FFBozen_Fahrzeug8_03-1920x1080x0x0x1920x1080x1610545666.jpg\" alt=\"\" loading=\"lazy\" \/><\/a><\/div>\n<\/div>\n<\/div>\n<\/div>\n<\/div>\n<div>\n<div class=\"brz-section__content brz-section--fullWidth brz-css-kwdlk brz-css-crsrz\" data-custom-id=\"zftquijeqoxpzbzxgpqastqwegypzxznrqod\">\n<div class=\"brz-container brz-css-ripab brz-css-ojfwc\">\n<div class=\"brz-css-borsm brz-css-spnbp brz-wrapper\">\n<div class=\"brz-image brz-image__lightbox brz-css-scqvw\"><a class=\"brz-a\" href=\"https:\/\/ffbozen.it\/de\/wp-content\/uploads\/2020\/12\/FFBozen_Fahrzeug8_04.jpg\" data-brz-link-type=\"lightBox\" id data-custom-id=\"bzqphsrnvfowgyxxikvpuxaqeaxztltwckoj\"><img class=\"brz-img\" src=\"https:\/\/ffbozen.it\/de\/wp-content\/uploads\/brizy\/imgs\/FFBozen_Fahrzeug8_04-1920x1080x0x0x1920x1080x1610545643.jpg\" alt=\"\" loading=\"lazy\" \/><\/a><\/div>\n<\/div>\n<\/div>\n<\/div>\n<\/div>\n<div>\n<div class=\"brz-section__content brz-section--fullWidth brz-css-kwdlk brz-css-pfhqm\" data-custom-id=\"ybwomxvpjfrninomotulvjrwxrbamqzplxgv\">\n<div class=\"brz-container brz-css-ripab brz-css-yxrme\">\n<div class=\"brz-css-borsm brz-css-wcadn brz-wrapper\">\n<div class=\"brz-image brz-image__lightbox brz-css-qsftq\"><a class=\"brz-a\" href=\"https:\/\/ffbozen.it\/de\/wp-content\/uploads\/2020\/12\/FFBozen_Fahrzeug8_05.jpg\" data-brz-link-type=\"lightBox\" id data-custom-id=\"ekuvzhaajqfzaorrwjcpdyuvgxksgcxkbuky\"><img class=\"brz-img\" src=\"https:\/\/ffbozen.it\/de\/wp-content\/uploads\/brizy\/imgs\/FFBozen_Fahrzeug8_05-1920x1080x0x0x1920x1080x1610545617.jpg\" alt=\"\" loading=\"lazy\" \/><\/a><\/div>\n<\/div>\n<\/div>\n<\/div>\n<\/div>\n<div>\n<div class=\"brz-section__content brz-section--fullWidth brz-css-kwdlk brz-css-bciex\" data-custom-id=\"uvurqrrgveyvyshoyukqlkitkyqjdmofoglz\">\n<div class=\"brz-container brz-css-ripab brz-css-tfpuv\">\n<div class=\"brz-css-borsm brz-css-ubjwj brz-wrapper\">\n<div class=\"brz-image brz-image__lightbox brz-css-pmiej\"><a class=\"brz-a\" href=\"https:\/\/ffbozen.it\/de\/wp-content\/uploads\/2020\/12\/FFBozen_Fahrzeug8_06.jpg\" data-brz-link-type=\"lightBox\" id data-custom-id=\"trdznimtzetepqfqiixlvbsfuflndheqhivg\"><img class=\"brz-img\" src=\"https:\/\/ffbozen.it\/de\/wp-content\/uploads\/brizy\/imgs\/FFBozen_Fahrzeug8_06-1920x1080x0x0x1920x1080x1610545534.jpg\" alt=\"\" loading=\"lazy\" \/><\/a><\/div>\n<\/div>\n<\/div>\n<\/div>\n<\/div>\n<p><title>tail<\/title>\n<\/div>\n<\/section>\n<section data-uid=\"smvtimedzngjwmxpunvyszlsqhkvofkgbnee\" id=\"smvtimedzngjwmxpunvyszlsqhkvofkgbnee\" class=\"brz-section brz-css-yeiqk\">\n<div class=\"brz-section__content brz-section--fullWidth brz-css-kwdlk brz-css-xwxjg\" data-custom-id=\"apihmoxksljlhhngcjamrapprtawznuwkkex\">\n<div class=\"brz-bg\">\n<div class=\"brz-bg-color\"><\/div>\n<\/div>\n<div class=\"brz-container brz-css-ripab brz-css-odpyj\">\n<div class=\"brz-row__container brz-css-dyden\" data-custom-id=\"wmlivrlznecjbbnhmlopxfwelvjlkbxknpou\">\n<div class=\"brz-row brz-css-csxrs brz-css-rmaqo\">\n<div class=\"brz-columns brz-css-bpqfy brz-css-aowjc\" data-custom-id=\"chmcvajqixxvlnelgmarwoszeqlomgywiehi\">\n<div class=\"brz-column__items brz-css-mkwic brz-css-esfdt\">\n<div class=\"brz-css-borsm brz-css-blzhv brz-wrapper\">\n<div class=\"brz-rich-text brz-css-feomf\" data-custom-id=\"numoojbayqwpsncuwqpwaeetxhcwaqqockfu\">\n<div>\n<h2 class=\"brz-css-pkhwd\"><span>Kleintransportfahrzeug &#8211; Allrad<\/span><\/h2>\n<\/div>\n<\/div>\n<\/div>\n<\/div>\n<\/div>\n<\/div>\n<\/div>\n<div class=\"brz-row__container brz-css-dyden\" data-custom-id=\"jzfhhzagqherawkescksialkkercxtbckogf\">\n<div class=\"brz-row brz-css-csxrs brz-css-rmaqo\">\n<div class=\"brz-columns brz-css-bpqfy brz-css-frlem\" data-custom-id=\"hmasmpjxoplfgpxcvfynxzaaqwbudvcmzfaf\">\n<div class=\"brz-column__items brz-css-mkwic brz-css-yeork\">\n<div class=\"brz-css-borsm brz-css-ruplr brz-wrapper\">\n<div class=\"brz-rich-text brz-css-feomf\" data-custom-id=\"muqftsucmoobwtqturzrayschbwwfkjqewgm\">\n<div>\n<p class=\"brz-css-wgrwt\"><span class=\"brz-cp-color7\">Dieses Fahrzeug verf\u00fcgt \u00fcber eine Ladepritsche und dient zum Transport von Ger\u00e4ten und Einsatzmaterialien. Standardm\u00e4\u00dfig ist es mit dem abnehmbaren Aufsatz f\u00fcr Waldbr\u00e4nde beladen und dient daher als Prim\u00e4rfahrzeug bei Wald- und Buschbr\u00e4nden. Durch die geringen Fahrzeugabmessungen, sowie Allradantrieb und reduziertem Getriebe, ist das Fahrzeug sehr wendig und besonders f\u00fcr Eins\u00e4tze in abgelegenen Gebieten (z.B. Promenaden oder Waldwegen) und schwer zug\u00e4nglichen Stellen gut geeignet.<\/span><\/p>\n<\/div>\n<\/div>\n<\/div>\n<\/div>\n<\/div>\n<\/div>\n<\/div>\n<div class=\"brz-row__container brz-css-dyden\" data-custom-id=\"scuxysjgcppjfcqqrlsimjyrpswozrznywuq\">\n<div class=\"brz-row brz-css-csxrs brz-css-rmaqo\">\n<div class=\"brz-columns brz-css-bpqfy brz-css-lierz\" data-custom-id=\"iqnjnbdeqgkqcmclomnalhhzayryczjrgbam\">\n<div class=\"brz-column__items brz-css-mkwic\">\n<div class=\"brz-css-borsm brz-css-mnmfl brz-wrapper\">\n<div class=\"brz-icon-text brz-css-lkqtp\" data-custom-id=\"mwkcyjxhdgjbgugsedigwvjtgxzcfvifzbkz\">\n<div id class=\"brz-icon__container\" data-custom-id=\"cqglkpjuorfabgfrugtbymdbftdhdpmprewq\"><span class=\"brz-span brz-icon css-8lc2bu\"><\/span><\/div>\n<div class=\"brz-text-btn\">\n<div class=\"brz-rich-text brz-css-feomf\" data-custom-id=\"fjzzucokqqcportoltexcmngdsfuquaigrej\">\n<div>\n<p class=\"brz-css-qtgti\"><span class=\"brz-cp-color7\">Besatzung:<\/span><\/p>\n<p class=\"brz-css-duugs\"><span class=\"brz-cp-color7\">1 + 1 Mann<\/span><\/p>\n<\/div>\n<\/div>\n<\/div>\n<\/div>\n<\/div>\n<\/div>\n<\/div>\n<div class=\"brz-columns brz-css-bpqfy brz-css-iqeln\" data-custom-id=\"mnodxcfetnpxxiuqmfrctbpylowyosmkbefs\">\n<div class=\"brz-column__items brz-css-mkwic\">\n<div class=\"brz-css-borsm brz-css-sbhtk brz-wrapper\">\n<div class=\"brz-icon-text brz-css-lkqtp\" data-custom-id=\"vptvrzevxrpughbqyyzaeslgbxsmgydooqeb\">\n<div id class=\"brz-icon__container\" data-custom-id=\"lhwztugzttkxivhdmnznxusiukhjsaqufolw\"><span class=\"brz-span brz-icon css-1q3m5hw\"><\/span><\/div>\n<div class=\"brz-text-btn\">\n<div class=\"brz-rich-text brz-css-feomf\" data-custom-id=\"xcqbyzvkgfagnxyrmoeqlzgsmdfvglkfaphx\">\n<div>\n<p class=\"brz-css-gumvv\"><strong class=\"brz-cp-color7\" style=\"background-color: initial\">Gewicht:<\/strong><\/p>\n<p class=\"brz-css-vjoda\"><strong class=\"brz-cp-color7\">2.500 kg<\/strong><\/p>\n<\/div>\n<\/div>\n<\/div>\n<\/div>\n<\/div>\n<\/div>\n<\/div>\n<div class=\"brz-columns brz-css-bpqfy brz-css-enrju\" data-custom-id=\"xqrfikeghxnnqyxiewztrkixhakgqrslprho\">\n<div class=\"brz-column__items brz-css-mkwic\">\n<div class=\"brz-css-borsm brz-css-hsovi brz-wrapper\">\n<div class=\"brz-icon-text brz-css-lkqtp\" data-custom-id=\"tqktojylcsosyprpezootmeqdztxwxdzikom\">\n<div id class=\"brz-icon__container\" data-custom-id=\"sgbougjutrdntdhdiqvuosmlfwpqjzndxkxi\"><span class=\"brz-span brz-icon css-8lc2bu\"><\/span><\/div>\n<div class=\"brz-text-btn\">\n<div class=\"brz-rich-text brz-css-feomf\" data-custom-id=\"txmttaahrysdyudgxpfhrsmssjkhhdqegflt\">\n<div>\n<p class=\"brz-css-zlmxu\"><span class=\"brz-cp-color7\">Leistung:<\/span><\/p>\n<p class=\"brz-css-emcvn\"><span class=\"brz-cp-color7\">70 PS<\/span><\/p>\n<\/div>\n<\/div>\n<\/div>\n<\/div>\n<\/div>\n<\/div>\n<\/div>\n<\/div>\n<\/div>\n<div class=\"brz-row__container brz-css-dyden\" data-custom-id=\"dqydcauruewgwkyenoyjntvyeqypsqtujzrm\">\n<div class=\"brz-row brz-css-csxrs brz-css-rmaqo\">\n<div class=\"brz-columns brz-css-bpqfy brz-css-hnsac\" data-custom-id=\"cdgarcdpnesgnqmydzbcpypdtfziebxcbxbh\">\n<div class=\"brz-column__items brz-css-mkwic\">\n<div class=\"brz-css-borsm brz-css-gvxkq brz-wrapper\">\n<div class=\"brz-icon-text brz-css-lkqtp\" data-custom-id=\"tncdpxfguqrqmgnhurvfzjxdxohusbaljygv\">\n<div id class=\"brz-icon__container\" data-custom-id=\"ftrcbnxsfrbgirvbfcuhoztzkfqukfdmoear\"><span class=\"brz-span brz-icon css-8lc2bu\"><\/span><\/div>\n<div class=\"brz-text-btn\">\n<div class=\"brz-rich-text brz-css-feomf\" data-custom-id=\"vnhplfhpqylzndbltyissuagskilazyobjwr\">\n<div>\n<p class=\"brz-css-xvyyh\"><span class=\"brz-cp-color7\">L\u00f6schwasser:<\/span><\/p>\n<p class=\"brz-css-ewvtd\"><span class=\"brz-cp-color7\">350 Liter<\/span><\/p>\n<\/div>\n<\/div>\n<\/div>\n<\/div>\n<\/div>\n<\/div>\n<\/div>\n<div class=\"brz-columns brz-css-bpqfy brz-css-sdxyf\" data-custom-id=\"ybizmdzqvpnpgzgrfrvbbpdcdscawdawgtye\">\n<div class=\"brz-column__items brz-css-mkwic\">\n<div class=\"brz-css-borsm brz-css-qfshn brz-wrapper\">\n<div class=\"brz-icon-text brz-css-lkqtp\" data-custom-id=\"plvlydgxlqldphkdvkexpvwqzxxcsgonguyq\">\n<div id class=\"brz-icon__container\" data-custom-id=\"tyfcocnzgxisgvlamnljenizvkctbyeinbvw\"><span class=\"brz-span brz-icon css-8lc2bu\"><\/span><\/div>\n<div class=\"brz-text-btn\">\n<div class=\"brz-rich-text brz-css-feomf\" data-custom-id=\"odjpvgzdkclcyrkgpmbnvwamcjzhaexwumxb\">\n<div>\n<p class=\"brz-css-nlwjy\"><span class=\"brz-cp-color7\">Baujahr:<\/span><\/p>\n<p class=\"brz-css-whobm\"><span class=\"brz-cp-color7\">2012<\/span><\/p>\n<\/div>\n<\/div>\n<\/div>\n<\/div>\n<\/div>\n<\/div>\n<\/div>\n<div class=\"brz-columns brz-css-bpqfy brz-css-cjdzx\" data-custom-id=\"oinupviwtpcwkhyoznrfnvfeuxfekrnovjri\">\n<div class=\"brz-column__items brz-css-mkwic\">\n<div class=\"brz-css-borsm brz-css-gqqbk brz-wrapper\">\n<div class=\"brz-icon-text brz-css-lkqtp\" data-custom-id=\"axezyfesryfhtesueuqhvujmjcyewjcgfsvz\">\n<div id class=\"brz-icon__container\" data-custom-id=\"zrytxnjuxgghefecdeogvfcvgchrngaoreme\"><span class=\"brz-span brz-icon css-8lc2bu\"><\/span><\/div>\n<div class=\"brz-text-btn\">\n<div class=\"brz-rich-text brz-css-feomf\" data-custom-id=\"wvayunmlyacjkfhtuvzwemgcddaksgcqbsii\">\n<div>\n<p class=\"brz-css-gafww\"><span class=\"brz-cp-color7\">Antriebsart:<\/span><\/p>\n<p class=\"brz-css-wnwuc\"><span class=\"brz-cp-color7\">4\u00d72 | 4\u00d74 | reduziertes Getriebe<\/span><\/p>\n<\/div>\n<\/div>\n<\/div>\n<\/div>\n<\/div>\n<\/div>\n<\/div>\n<\/div>\n<\/div>\n<\/div>\n<\/div>\n<\/section>\n<section data-uid=\"dkrfwykwzdewxqqnldnwnmrhakkcliagrjpa\" id=\"dkrfwykwzdewxqqnldnwnmrhakkcliagrjpa\" class=\"brz-section brz-css-yeiqk brz-css-mncac\">\n<div class=\"brz-section__content brz-section--boxed brz-css-kwdlk brz-css-rwhrv\" data-custom-id=\"mihnxinogwkzreugodxriftpigljrohvrzrm\">\n<div class=\"brz-container brz-css-ripab\">\n<div class=\"brz-css-borsm brz-css-ntgzb brz-wrapper\">\n<div class=\"brz-rich-text brz-css-feomf\" data-custom-id=\"stashgmuhzphievumeshksplzvkafsqpclfj\">\n<div>\n<p class=\"brz-css-sbiwx\"><strong>Ausstattung<\/strong><\/p>\n<\/div>\n<\/div>\n<\/div>\n<\/div>\n<\/div>\n<\/section>\n<section data-uid=\"loafbrkkukcsuzrrjskevobwkvubbzigxcig\" id=\"loafbrkkukcsuzrrjskevobwkvubbzigxcig\" class=\"brz-section brz-css-yeiqk\">\n<div class=\"brz-section__content brz-section--boxed brz-css-kwdlk brz-css-yfcbj\" data-custom-id=\"gepezcnhzqnwmkhednutvxiqiflzpipidcer\">\n<div class=\"brz-container brz-css-ripab\">\n<div class=\"brz-css-borsm brz-css-dzknx brz-wrapper\">\n<div class=\"brz-rich-text brz-css-feomf\" data-custom-id=\"mdtlvwtgdjplrsvefowwxajcrgrbxqoepmrh\">\n<div>\n<ul>\n<li class=\"brz-css-cyudz\"><span class=\"brz-cp-color7\">\u00a0Kleinl\u00f6schger\u00e4te (Pulverl\u00f6scher, CO2-L\u00f6scher)<\/span><\/li>\n<li class=\"brz-css-hmxax\"><span class=\"brz-cp-color7\">Absicherungsmaterial (Warndreieck, Blitzleuchte, usw.)<\/span><\/li>\n<\/ul>\n<\/div>\n<\/div>\n<\/div>\n<\/div>\n<\/div>\n<\/section>\n<section data-uid=\"sbvqbipjnjuafaqgjkkarebvgnvylnechrnb\" id=\"sbvqbipjnjuafaqgjkkarebvgnvylnechrnb\" class=\"brz-section brz-css-yeiqk brz-css-ewrjj\">\n<div class=\"brz-section__content brz-section--boxed brz-css-kwdlk brz-css-mutqk\" data-custom-id=\"pivddjwcassmynmyjngmswjbbarmmzszoexs\">\n<div class=\"brz-container brz-css-ripab\">\n<div class=\"brz-css-borsm brz-css-zrpbb brz-wrapper\">\n<div class=\"brz-rich-text brz-css-feomf\" data-custom-id=\"bvknblkigomxgaxigeskwijtftnlhcnapufu\">\n<div>\n<p class=\"brz-css-wsjcl\"><span>Container f\u00fcr Waldbr\u00e4nde:<\/span><\/p>\n<\/div>\n<\/div>\n<\/div>\n<\/div>\n<\/div>\n<\/section>\n<section data-uid=\"otxqgguccqsggwffawidwjgyulvffkwwicgy\" id=\"otxqgguccqsggwffawidwjgyulvffkwwicgy\" class=\"brz-section brz-css-yeiqk\">\n<div class=\"brz-section__content brz-section--boxed brz-css-kwdlk brz-css-bogoy\" data-custom-id=\"ohcwrzxvfmdenliuhuotvmynaohrocqabicd\">\n<div class=\"brz-container brz-css-ripab\">\n<div class=\"brz-css-borsm brz-css-ghoio brz-wrapper\">\n<div class=\"brz-rich-text brz-css-feomf\" data-custom-id=\"xpjveejemehlkxcshpondwfcarkthntquket\">\n<div>\n<ul>\n<li class=\"brz-css-hmssb\"><span class=\"brz-cp-color7\">\u00a0Wassertank mit 350l L\u00f6schwasser<\/span><\/li>\n<li class=\"brz-css-qmpjc\"><span class=\"brz-cp-color7\">Hochdruckpumpe mit zwei Hochdruckschlauchhaspeln zu je 70m<\/span><\/li>\n<li class=\"brz-css-gazpy\"><span class=\"brz-cp-color7\">Motors\u00e4ge mit Zubeh\u00f6r und Schnittschutzkleidung<\/span><\/li>\n<li class=\"brz-css-ehgtv\"><span class=\"brz-cp-color7\">Werkzeugtasche<\/span><\/li>\n<li class=\"brz-css-mpbwb\"><span class=\"brz-cp-color7\">Schlauchmaterial und wasserf\u00fchrende Armaturen<\/span><\/li>\n<li class=\"brz-css-tvbcf\"><span class=\"brz-cp-color7\">Verschiedene Werkzeuge (Schaufel, Pickel, etc.)<\/span><\/li>\n<\/ul>\n<\/div>\n<\/div>\n<\/div>\n<\/div>\n<\/div>\n<\/section>\n<section data-uid=\"qycfwsftuycfddxcvkphgnfxotcymqwpdtfm\" id=\"qycfwsftuycfddxcvkphgnfxotcymqwpdtfm\" class=\"brz-section brz-css-yeiqk\">\n<div class=\"brz-section__content brz-section--boxed brz-css-kwdlk brz-css-itusl\" data-custom-id=\"rjzduicvlsolvavstnsqaxvcnxpknwunwifp\">\n<div class=\"brz-container brz-css-ripab\">\n<div class=\"brz-wrapper-clone brz-css-pczhf\">\n<div class=\"brz-d-xs-flex brz-flex-xs-wrap brz-css-izcgv brz-css-inweb\">\n<div class=\"brz-wrapper-clone__item brz-css-vpeff\" id=\"lalqmjbgpuylhbrubcutemartbkzzqnpfalh\"><a class=\"brz-a brz-btn brz-css-wgxke brz-css-xzubz\" href=\"\/de\/ausruestung\/geraete\/de\/ausruestung\/geraete\/mobile-loescheinheit-2\/\" data-brz-link-type=\"external\" id data-custom-id=\"lalqmjbgpuylhbrubcutemartbkzzqnpfalh\"><span class=\"brz-span brz-text__editor\">weiterlesen<\/span><\/a><\/div>\n<\/div>\n<\/div>\n<\/div>\n<\/div>\n<\/section>\n<\/div>\n<p><!-- version:1774536734 --><\/p>\n","protected":false},"excerpt":{"rendered":"<p>tail Kleintransportfahrzeug &#8211; Allrad Dieses Fahrzeug verf\u00fcgt \u00fcber eine Ladepritsche und dient zum Transport von Ger\u00e4ten und Einsatzmaterialien. Standardm\u00e4\u00dfig ist es mit dem abnehmbaren Aufsatz f\u00fcr Waldbr\u00e4nde beladen und dient daher als Prim\u00e4rfahrzeug bei Wald- und Buschbr\u00e4nden. Durch die geringen Fahrzeugabmessungen, sowie Allradantrieb und reduziertem Getriebe, ist das Fahrzeug sehr wendig und besonders f\u00fcr Eins\u00e4tze&nbsp;&hellip;<\/p>\n","protected":false},"author":5,"featured_media":0,"parent":175,"menu_order":0,"comment_status":"closed","ping_status":"closed","template":"","meta":[],"yoast_head":"<!-- This site is optimized with the Yoast SEO plugin v20.4 - https:\/\/yoast.com\/wordpress\/plugins\/seo\/ -->\n<title>Kleintransportfahrzeug - Allrad - Freiwillige Feuerwehr Bozen EO<\/title>\n<meta name=\"robots\" content=\"index, follow, max-snippet:-1, max-image-preview:large, max-video-preview:-1\" \/>\n<link rel=\"canonical\" href=\"https:\/\/ffbozen.it\/de\/ausruestung\/fuhrpark\/kleintransportfahrzeug-allrad-3\/\" \/>\n<meta property=\"og:locale\" content=\"de_DE\" \/>\n<meta property=\"og:type\" content=\"article\" \/>\n<meta property=\"og:title\" content=\"Kleintransportfahrzeug - Allrad - Freiwillige Feuerwehr Bozen EO\" \/>\n<meta property=\"og:description\" content=\"tail Kleintransportfahrzeug &#8211; Allrad Dieses Fahrzeug verf\u00fcgt \u00fcber eine Ladepritsche und dient zum Transport von Ger\u00e4ten und Einsatzmaterialien. Standardm\u00e4\u00dfig ist es mit dem abnehmbaren Aufsatz f\u00fcr Waldbr\u00e4nde beladen und dient daher als Prim\u00e4rfahrzeug bei Wald- und Buschbr\u00e4nden. Durch die geringen Fahrzeugabmessungen, sowie Allradantrieb und reduziertem Getriebe, ist das Fahrzeug sehr wendig und besonders f\u00fcr Eins\u00e4tze&nbsp;&hellip;\" \/>\n<meta property=\"og:url\" content=\"https:\/\/ffbozen.it\/de\/ausruestung\/fuhrpark\/kleintransportfahrzeug-allrad-3\/\" \/>\n<meta property=\"og:site_name\" content=\"Freiwillige Feuerwehr Bozen EO\" \/>\n<meta property=\"article:publisher\" content=\"https:\/\/www.facebook.com\/ff.bozen\" \/>\n<meta property=\"article:modified_time\" content=\"2026-03-26T14:52:15+00:00\" \/>\n<meta property=\"og:image\" content=\"https:\/\/ffbozen.it\/de\/wp-content\/uploads\/brizy\/imgs\/FFBozen_Fahrzeug8_01-1920x1080x0x0x1920x1080x1610545786.jpg\" \/>\n<meta name=\"twitter:card\" content=\"summary_large_image\" \/>\n<meta name=\"twitter:label1\" content=\"Gesch\u00e4tzte Lesezeit\" \/>\n\t<meta name=\"twitter:data1\" content=\"1\u00a0Minute\" \/>\n<script type=\"application\/ld+json\" class=\"yoast-schema-graph\">{\"@context\":\"https:\/\/schema.org\",\"@graph\":[{\"@type\":\"WebPage\",\"@id\":\"https:\/\/ffbozen.it\/de\/ausruestung\/fuhrpark\/kleintransportfahrzeug-allrad-3\/\",\"url\":\"https:\/\/ffbozen.it\/de\/ausruestung\/fuhrpark\/kleintransportfahrzeug-allrad-3\/\",\"name\":\"Kleintransportfahrzeug - Allrad - Freiwillige Feuerwehr Bozen EO\",\"isPartOf\":{\"@id\":\"https:\/\/ffbozen.it\/de\/#website\"},\"datePublished\":\"2020-12-22T14:42:28+00:00\",\"dateModified\":\"2026-03-26T14:52:15+00:00\",\"breadcrumb\":{\"@id\":\"https:\/\/ffbozen.it\/de\/ausruestung\/fuhrpark\/kleintransportfahrzeug-allrad-3\/#breadcrumb\"},\"inLanguage\":\"de\",\"potentialAction\":[{\"@type\":\"ReadAction\",\"target\":[\"https:\/\/ffbozen.it\/de\/ausruestung\/fuhrpark\/kleintransportfahrzeug-allrad-3\/\"]}]},{\"@type\":\"BreadcrumbList\",\"@id\":\"https:\/\/ffbozen.it\/de\/ausruestung\/fuhrpark\/kleintransportfahrzeug-allrad-3\/#breadcrumb\",\"itemListElement\":[{\"@type\":\"ListItem\",\"position\":1,\"name\":\"Startseite\",\"item\":\"https:\/\/ffbozen.it\/de\/\"},{\"@type\":\"ListItem\",\"position\":2,\"name\":\"Ausr\u00fcstung\",\"item\":\"https:\/\/ffbozen.it\/de\/ausruestung\/\"},{\"@type\":\"ListItem\",\"position\":3,\"name\":\"Fuhrpark\",\"item\":\"https:\/\/ffbozen.it\/de\/ausruestung\/fuhrpark\/\"},{\"@type\":\"ListItem\",\"position\":4,\"name\":\"Kleintransportfahrzeug &#8211; Allrad\"}]},{\"@type\":\"WebSite\",\"@id\":\"https:\/\/ffbozen.it\/de\/#website\",\"url\":\"https:\/\/ffbozen.it\/de\/\",\"name\":\"Freiwillige Feuerwehr Bozen EO\",\"description\":\"\",\"publisher\":{\"@id\":\"https:\/\/ffbozen.it\/de\/#organization\"},\"potentialAction\":[{\"@type\":\"SearchAction\",\"target\":{\"@type\":\"EntryPoint\",\"urlTemplate\":\"https:\/\/ffbozen.it\/de\/?s={search_term_string}\"},\"query-input\":\"required name=search_term_string\"}],\"inLanguage\":\"de\"},{\"@type\":\"Organization\",\"@id\":\"https:\/\/ffbozen.it\/de\/#organization\",\"name\":\"Freiwillige Feuerwehr Bozen\",\"url\":\"https:\/\/ffbozen.it\/de\/\",\"logo\":{\"@type\":\"ImageObject\",\"inLanguage\":\"de\",\"@id\":\"https:\/\/ffbozen.it\/de\/#\/schema\/logo\/image\/\",\"url\":\"https:\/\/ffbozen.it\/de\/wp-content\/uploads\/2020\/11\/Logo-ohne-Text-scaled-e1606231422963.jpg\",\"contentUrl\":\"https:\/\/ffbozen.it\/de\/wp-content\/uploads\/2020\/11\/Logo-ohne-Text-scaled-e1606231422963.jpg\",\"width\":350,\"height\":140,\"caption\":\"Freiwillige Feuerwehr Bozen\"},\"image\":{\"@id\":\"https:\/\/ffbozen.it\/de\/#\/schema\/logo\/image\/\"},\"sameAs\":[\"https:\/\/www.facebook.com\/ff.bozen\",\"https:\/\/www.instagram.com\/ff.bozen\/\"]}]}<\/script>\n<!-- \/ Yoast SEO plugin. -->","yoast_head_json":{"title":"Kleintransportfahrzeug - Allrad - Freiwillige Feuerwehr Bozen EO","robots":{"index":"index","follow":"follow","max-snippet":"max-snippet:-1","max-image-preview":"max-image-preview:large","max-video-preview":"max-video-preview:-1"},"canonical":"https:\/\/ffbozen.it\/de\/ausruestung\/fuhrpark\/kleintransportfahrzeug-allrad-3\/","og_locale":"de_DE","og_type":"article","og_title":"Kleintransportfahrzeug - Allrad - Freiwillige Feuerwehr Bozen EO","og_description":"tail Kleintransportfahrzeug &#8211; Allrad Dieses Fahrzeug verf\u00fcgt \u00fcber eine Ladepritsche und dient zum Transport von Ger\u00e4ten und Einsatzmaterialien. Standardm\u00e4\u00dfig ist es mit dem abnehmbaren Aufsatz f\u00fcr Waldbr\u00e4nde beladen und dient daher als Prim\u00e4rfahrzeug bei Wald- und Buschbr\u00e4nden. Durch die geringen Fahrzeugabmessungen, sowie Allradantrieb und reduziertem Getriebe, ist das Fahrzeug sehr wendig und besonders f\u00fcr Eins\u00e4tze&nbsp;&hellip;","og_url":"https:\/\/ffbozen.it\/de\/ausruestung\/fuhrpark\/kleintransportfahrzeug-allrad-3\/","og_site_name":"Freiwillige Feuerwehr Bozen EO","article_publisher":"https:\/\/www.facebook.com\/ff.bozen","article_modified_time":"2026-03-26T14:52:15+00:00","og_image":[{"url":"https:\/\/ffbozen.it\/de\/wp-content\/uploads\/brizy\/imgs\/FFBozen_Fahrzeug8_01-1920x1080x0x0x1920x1080x1610545786.jpg"}],"twitter_card":"summary_large_image","twitter_misc":{"Gesch\u00e4tzte Lesezeit":"1\u00a0Minute"},"schema":{"@context":"https:\/\/schema.org","@graph":[{"@type":"WebPage","@id":"https:\/\/ffbozen.it\/de\/ausruestung\/fuhrpark\/kleintransportfahrzeug-allrad-3\/","url":"https:\/\/ffbozen.it\/de\/ausruestung\/fuhrpark\/kleintransportfahrzeug-allrad-3\/","name":"Kleintransportfahrzeug - Allrad - Freiwillige Feuerwehr Bozen EO","isPartOf":{"@id":"https:\/\/ffbozen.it\/de\/#website"},"datePublished":"2020-12-22T14:42:28+00:00","dateModified":"2026-03-26T14:52:15+00:00","breadcrumb":{"@id":"https:\/\/ffbozen.it\/de\/ausruestung\/fuhrpark\/kleintransportfahrzeug-allrad-3\/#breadcrumb"},"inLanguage":"de","potentialAction":[{"@type":"ReadAction","target":["https:\/\/ffbozen.it\/de\/ausruestung\/fuhrpark\/kleintransportfahrzeug-allrad-3\/"]}]},{"@type":"BreadcrumbList","@id":"https:\/\/ffbozen.it\/de\/ausruestung\/fuhrpark\/kleintransportfahrzeug-allrad-3\/#breadcrumb","itemListElement":[{"@type":"ListItem","position":1,"name":"Startseite","item":"https:\/\/ffbozen.it\/de\/"},{"@type":"ListItem","position":2,"name":"Ausr\u00fcstung","item":"https:\/\/ffbozen.it\/de\/ausruestung\/"},{"@type":"ListItem","position":3,"name":"Fuhrpark","item":"https:\/\/ffbozen.it\/de\/ausruestung\/fuhrpark\/"},{"@type":"ListItem","position":4,"name":"Kleintransportfahrzeug &#8211; Allrad"}]},{"@type":"WebSite","@id":"https:\/\/ffbozen.it\/de\/#website","url":"https:\/\/ffbozen.it\/de\/","name":"Freiwillige Feuerwehr Bozen EO","description":"","publisher":{"@id":"https:\/\/ffbozen.it\/de\/#organization"},"potentialAction":[{"@type":"SearchAction","target":{"@type":"EntryPoint","urlTemplate":"https:\/\/ffbozen.it\/de\/?s={search_term_string}"},"query-input":"required name=search_term_string"}],"inLanguage":"de"},{"@type":"Organization","@id":"https:\/\/ffbozen.it\/de\/#organization","name":"Freiwillige Feuerwehr Bozen","url":"https:\/\/ffbozen.it\/de\/","logo":{"@type":"ImageObject","inLanguage":"de","@id":"https:\/\/ffbozen.it\/de\/#\/schema\/logo\/image\/","url":"https:\/\/ffbozen.it\/de\/wp-content\/uploads\/2020\/11\/Logo-ohne-Text-scaled-e1606231422963.jpg","contentUrl":"https:\/\/ffbozen.it\/de\/wp-content\/uploads\/2020\/11\/Logo-ohne-Text-scaled-e1606231422963.jpg","width":350,"height":140,"caption":"Freiwillige Feuerwehr Bozen"},"image":{"@id":"https:\/\/ffbozen.it\/de\/#\/schema\/logo\/image\/"},"sameAs":["https:\/\/www.facebook.com\/ff.bozen","https:\/\/www.instagram.com\/ff.bozen\/"]}]}},"_links":{"self":[{"href":"https:\/\/ffbozen.it\/de\/wp-json\/wp\/v2\/pages\/15981"}],"collection":[{"href":"https:\/\/ffbozen.it\/de\/wp-json\/wp\/v2\/pages"}],"about":[{"href":"https:\/\/ffbozen.it\/de\/wp-json\/wp\/v2\/types\/page"}],"author":[{"embeddable":true,"href":"https:\/\/ffbozen.it\/de\/wp-json\/wp\/v2\/users\/5"}],"replies":[{"embeddable":true,"href":"https:\/\/ffbozen.it\/de\/wp-json\/wp\/v2\/comments?post=15981"}],"version-history":[{"count":0,"href":"https:\/\/ffbozen.it\/de\/wp-json\/wp\/v2\/pages\/15981\/revisions"}],"up":[{"embeddable":true,"href":"https:\/\/ffbozen.it\/de\/wp-json\/wp\/v2\/pages\/175"}],"wp:attachment":[{"href":"https:\/\/ffbozen.it\/de\/wp-json\/wp\/v2\/media?parent=15981"}],"curies":[{"name":"wp","href":"https:\/\/api.w.org\/{rel}","templated":true}]}}