{"id":16044,"date":"2020-12-22T17:19:27","date_gmt":"2020-12-22T16:19:27","guid":{"rendered":"https:\/\/ffbozen.it\/de\/?page_id=16044"},"modified":"2026-03-25T22:33:00","modified_gmt":"2026-03-25T21:33:00","slug":"tankloeschfahrzeug-allrad","status":"publish","type":"page","link":"https:\/\/ffbozen.it\/de\/ausruestung\/fuhrpark\/tankloeschfahrzeug-allrad\/","title":{"rendered":"Tankl\u00f6schfahrzeug &#8211; Allrad"},"content":{"rendered":"<div class=\"brz-root__container brz-reset-all\">\n<section data-uid=\"wdotymfnirgcpyhmqgnoxuegemhhjkxsbzrg\" id=\"wdotymfnirgcpyhmqgnoxuegemhhjkxsbzrg\" class=\"brz-section brz-css-kocjx brz-css-sgjgf\">\n<div class=\"brz-slick-slider brz-slick-slider__section\" data-slides-to-show=\"1\" data-slides-to-scroll=\"1\" data-arrows=\"true\" data-dots=\"true\" data-dots-class=\"brz-slick-slider__dots brz-slick-slider__dots--circle\" data-fade=\"false\" data-vertical=\"false\" data-auto-play=\"true\" data-auto-play-speed=\"3000\" data-swipe=\"true\" data-responsive=\"%5B%7B%22breakpoint%22%3A767%2C%22settings%22%3A%7B%22slidesToShow%22%3A1%2C%22slidesToScroll%22%3A1%7D%7D%5D\">\n<div>\n<div class=\"brz-section__content brz-section--fullWidth brz-css-xqkpv brz-css-adwys\" data-custom-id=\"tbfrdicsfxexyhdihdmprtzhuuaskrxdcywh\">\n<div class=\"brz-container brz-css-hwlkh brz-css-hustx\">\n<div class=\"brz-css-kwfmj brz-css-yjxjk brz-wrapper\">\n<div class=\"brz-image brz-image__lightbox brz-css-vxmpt\"><a class=\"brz-a\" href=\"https:\/\/ffbozen.it\/de\/wp-content\/uploads\/2021\/01\/FFBozen_Fahrzeug1KO_05.jpg\" data-brz-link-type=\"lightBox\" id data-custom-id=\"opiwmawmjvfuyqprfowwzxbujwpyppgwdysl\"><img class=\"brz-img\" src=\"https:\/\/ffbozen.it\/de\/wp-content\/uploads\/brizy\/imgs\/FFBozen_Fahrzeug1KO_05-1920x1080x0x0x1920x1080x1610543262.jpg\" alt=\"\" loading=\"lazy\" \/><\/a><\/div>\n<\/div>\n<\/div>\n<\/div>\n<\/div>\n<div>\n<div class=\"brz-section__content brz-section--fullWidth brz-css-xqkpv brz-css-tmace\" data-custom-id=\"uvurqrrgveyvyshoyukqlkitkyqjdmofoglz\">\n<div class=\"brz-container brz-css-hwlkh brz-css-nilij\">\n<div class=\"brz-css-kwfmj brz-css-zvzbf brz-wrapper\">\n<div class=\"brz-image brz-image__lightbox brz-css-iehca\"><a class=\"brz-a\" href=\"https:\/\/ffbozen.it\/de\/wp-content\/uploads\/2021\/01\/FFBozen_Fahrzeug1KO_02.jpg\" data-brz-link-type=\"lightBox\" id data-custom-id=\"trdznimtzetepqfqiixlvbsfuflndheqhivg\"><img class=\"brz-img\" src=\"https:\/\/ffbozen.it\/de\/wp-content\/uploads\/brizy\/imgs\/FFBozen_Fahrzeug1KO_02-1997x1123x38x0x1920x1123x1610543257.jpg\" alt=\"\" loading=\"lazy\" \/><\/a><\/div>\n<\/div>\n<\/div>\n<\/div>\n<\/div>\n<div>\n<div class=\"brz-section__content brz-section--fullWidth brz-css-xqkpv brz-css-whprz\" data-custom-id=\"pgjdsasazckwlkjhrjoucixqxdfzabcmubgs\">\n<div class=\"brz-container brz-css-hwlkh brz-css-hjtpx\">\n<div class=\"brz-css-kwfmj brz-css-rvjlm brz-wrapper\">\n<div class=\"brz-image brz-image__lightbox brz-css-iqlyy\"><a class=\"brz-a\" href=\"https:\/\/ffbozen.it\/de\/wp-content\/uploads\/2021\/01\/FFBozen_Fahrzeug1KO_04.jpg\" data-brz-link-type=\"lightBox\" id data-custom-id=\"dmjpylugbsgrjxorllyqjlpzsfsprrrpzruw\"><img class=\"brz-img\" src=\"https:\/\/ffbozen.it\/de\/wp-content\/uploads\/brizy\/imgs\/FFBozen_Fahrzeug1KO_04-1997x1123x38x0x1920x1123x1610543260.jpg\" alt=\"\" loading=\"lazy\" \/><\/a><\/div>\n<\/div>\n<\/div>\n<\/div>\n<\/div>\n<div>\n<div class=\"brz-section__content brz-section--fullWidth brz-css-xqkpv brz-css-pntrf\" data-custom-id=\"ivnskbgvlctuzgaphyxgsfxpqqkouxmrgfmo\">\n<div class=\"brz-container brz-css-hwlkh brz-css-wgvsi\">\n<div class=\"brz-css-kwfmj brz-css-nuxpj brz-wrapper\">\n<div class=\"brz-image brz-image__lightbox brz-css-uyhau\"><a class=\"brz-a\" href=\"https:\/\/ffbozen.it\/de\/wp-content\/uploads\/2021\/01\/FFBozen_Fahrzeug1KO_01.jpg\" data-brz-link-type=\"lightBox\" id data-custom-id=\"rgqxzhbwfgzhlurpnmcfrgrthluwwnlggrxp\"><img class=\"brz-img\" src=\"https:\/\/ffbozen.it\/de\/wp-content\/uploads\/brizy\/imgs\/FFBozen_Fahrzeug1KO_01-1997x1123x38x0x1920x1123x1610543255.jpg\" alt=\"\" loading=\"lazy\" \/><\/a><\/div>\n<\/div>\n<\/div>\n<\/div>\n<\/div>\n<div>\n<div class=\"brz-section__content brz-section--fullWidth brz-css-xqkpv brz-css-khgja\" data-custom-id=\"kuvzjqwoxipegvxbjhcbdvqntyabwylmguij\">\n<div class=\"brz-container brz-css-hwlkh brz-css-rifsb\">\n<div class=\"brz-css-kwfmj brz-css-qtvlg brz-wrapper\">\n<div class=\"brz-image brz-image__lightbox brz-css-bgpmb\"><a class=\"brz-a\" href=\"https:\/\/ffbozen.it\/de\/wp-content\/uploads\/2021\/01\/FFBozen_Fahrzeug1KO_03.jpg\" data-brz-link-type=\"lightBox\" id data-custom-id=\"zdeecbayxakjibfrfnnyptlulqznqhiziarr\"><img class=\"brz-img\" src=\"https:\/\/ffbozen.it\/de\/wp-content\/uploads\/brizy\/imgs\/FFBozen_Fahrzeug1KO_03-1997x1123x38x0x1920x1123x1610543258.jpg\" alt=\"\" loading=\"lazy\" \/><\/a><\/div>\n<\/div>\n<\/div>\n<\/div>\n<\/div>\n<div>\n<div class=\"brz-section__content brz-section--fullWidth brz-css-xqkpv brz-css-mwzbe\" data-custom-id=\"wtnxexdwyvyoicgmdkzkyctlhzpepjjwwwdv\">\n<div class=\"brz-container brz-css-hwlkh brz-css-dkiad\">\n<div class=\"brz-css-kwfmj brz-css-omccr brz-wrapper\">\n<div class=\"brz-image brz-image__lightbox brz-css-ulvcq\"><a class=\"brz-a\" href=\"https:\/\/ffbozen.it\/de\/wp-content\/uploads\/2021\/01\/FFBozen_Fahrzeug1KO_06.jpg\" data-brz-link-type=\"lightBox\" id data-custom-id=\"uzicuitmgdkesazzczqzkhzbyshezdkrvnos\"><img class=\"brz-img\" src=\"https:\/\/ffbozen.it\/de\/wp-content\/uploads\/brizy\/imgs\/FFBozen_Fahrzeug1KO_06-1997x1123x38x0x1920x1123x1610543263.jpg\" alt=\"\" loading=\"lazy\" \/><\/a><\/div>\n<\/div>\n<\/div>\n<\/div>\n<\/div>\n<div>\n<div class=\"brz-section__content brz-section--fullWidth brz-css-xqkpv brz-css-nficb\" data-custom-id=\"frgtpkksnvvpofxvrmjdthxozryjbnqfvxro\">\n<div class=\"brz-container brz-css-hwlkh brz-css-arzfr\">\n<div class=\"brz-css-kwfmj brz-css-tppse brz-wrapper\">\n<div class=\"brz-image brz-image__lightbox brz-css-rwopj\"><a class=\"brz-a\" href=\"https:\/\/ffbozen.it\/de\/wp-content\/uploads\/2021\/01\/FFBozen_Fahrzeug1KO_07.jpg\" data-brz-link-type=\"lightBox\" id data-custom-id=\"iakgtekknpnjxahbmgxrhamxjwuyzdndlvpf\"><img class=\"brz-img\" src=\"https:\/\/ffbozen.it\/de\/wp-content\/uploads\/brizy\/imgs\/FFBozen_Fahrzeug1KO_07-1997x1123x38x0x1920x1123x1610543264.jpg\" alt=\"\" loading=\"lazy\" \/><\/a><\/div>\n<\/div>\n<\/div>\n<\/div>\n<\/div>\n<p><title>tail<\/title>\n<\/div>\n<\/section>\n<section data-uid=\"smvtimedzngjwmxpunvyszlsqhkvofkgbnee\" id=\"smvtimedzngjwmxpunvyszlsqhkvofkgbnee\" class=\"brz-section brz-css-kocjx\">\n<div class=\"brz-section__content brz-section--fullWidth brz-css-xqkpv brz-css-qyfcb\" data-custom-id=\"apihmoxksljlhhngcjamrapprtawznuwkkex\">\n<div class=\"brz-bg\">\n<div class=\"brz-bg-color\"><\/div>\n<\/div>\n<div class=\"brz-container brz-css-hwlkh brz-css-ktrlp\">\n<div class=\"brz-row__container brz-css-alxtx\" data-custom-id=\"wmlivrlznecjbbnhmlopxfwelvjlkbxknpou\">\n<div class=\"brz-row brz-css-aljwf brz-css-kqbbk\">\n<div class=\"brz-columns brz-css-zjrbv brz-css-xuqwv\" data-custom-id=\"chmcvajqixxvlnelgmarwoszeqlomgywiehi\">\n<div class=\"brz-column__items brz-css-cicks brz-css-lyrmr\">\n<div class=\"brz-css-kwfmj brz-css-cmipp brz-wrapper\">\n<div class=\"brz-rich-text brz-css-bnbzx\" data-custom-id=\"numoojbayqwpsncuwqpwaeetxhcwaqqockfu\">\n<div>\n<h2 class=\"brz-css-rfisc\"><span>Tankl\u00f6schfahrzeug \u2013 Allrad<\/span><\/h2>\n<\/div>\n<\/div>\n<\/div>\n<\/div>\n<\/div>\n<\/div>\n<\/div>\n<div class=\"brz-row__container brz-css-alxtx\" data-custom-id=\"jzfhhzagqherawkescksialkkercxtbckogf\">\n<div class=\"brz-row brz-css-aljwf brz-css-kqbbk\">\n<div class=\"brz-columns brz-css-zjrbv brz-css-ivumu\" data-custom-id=\"hmasmpjxoplfgpxcvfynxzaaqwbudvcmzfaf\">\n<div class=\"brz-column__items brz-css-cicks brz-css-ggmsr\">\n<div class=\"brz-css-kwfmj brz-css-iglax brz-wrapper\">\n<div class=\"brz-rich-text brz-css-bnbzx\" data-custom-id=\"muqftsucmoobwtqturzrayschbwwfkjqewgm\">\n<div>\n<p class=\"brz-css-krbfw\"><span class=\"brz-cp-color7\">Dieses Tankl\u00f6schfahrzeug kommt bei allen Brandeins\u00e4tzen zum Einsatz und f\u00fchrt die daf\u00fcr notwendige Ausr\u00fcstung mit. Das Fahrzeug verf\u00fcgt auch \u00fcber Ger\u00e4te f\u00fcr die technische Hilfeleistung (Hydraulisches Rettungsger\u00e4t, Hebekissen, etc. ) und wird somit auch f\u00fcr technische Eins\u00e4tze verwendet. Durch den Allradantrieb ist das Fahrzeug f\u00fcr Bergstra\u00dfen und Forstwege bestens geeignet. Des Weiteren ist es m\u00f6glich das Fahrzeug mit einem Schneepflug zu beladen, welcher im Ger\u00e4tehaus bereitgestellt ist und bei Schneefall zur Stra\u00dfenr\u00e4umung eingesetzt wird. Der eingebaute L\u00f6schwassertank fasst 2000l. Weiters verf\u00fcgt das Fahrzeug \u00fcber eine fest eingebaute Normaldruck\/Hochdruck-Pumpe.<\/span><\/p>\n<\/div>\n<\/div>\n<\/div>\n<\/div>\n<\/div>\n<\/div>\n<\/div>\n<div class=\"brz-row__container brz-css-alxtx\" data-custom-id=\"scuxysjgcppjfcqqrlsimjyrpswozrznywuq\">\n<div class=\"brz-row brz-css-aljwf brz-css-kqbbk\">\n<div class=\"brz-columns brz-css-zjrbv brz-css-pirik\" data-custom-id=\"iqnjnbdeqgkqcmclomnalhhzayryczjrgbam\">\n<div class=\"brz-column__items brz-css-cicks\">\n<div class=\"brz-css-kwfmj brz-css-gkwfc brz-wrapper\">\n<div class=\"brz-icon-text brz-css-bgfja\" data-custom-id=\"mwkcyjxhdgjbgugsedigwvjtgxzcfvifzbkz\">\n<div id class=\"brz-icon__container\" data-custom-id=\"cqglkpjuorfabgfrugtbymdbftdhdpmprewq\"><span class=\"brz-span brz-icon css-8lc2bu\"><\/span><\/div>\n<div class=\"brz-text-btn\">\n<div class=\"brz-rich-text brz-css-bnbzx\" data-custom-id=\"fjzzucokqqcportoltexcmngdsfuquaigrej\">\n<div>\n<p class=\"brz-css-xpdqh\"><span class=\"brz-cp-color7\">Besatzung:<\/span><\/p>\n<p class=\"brz-css-rvdvb\"><span class=\"brz-cp-color7\">2 + 1 Mann<\/span><\/p>\n<\/div>\n<\/div>\n<\/div>\n<\/div>\n<\/div>\n<\/div>\n<\/div>\n<div class=\"brz-columns brz-css-zjrbv brz-css-ftitt\" data-custom-id=\"mnodxcfetnpxxiuqmfrctbpylowyosmkbefs\">\n<div class=\"brz-column__items brz-css-cicks\">\n<div class=\"brz-css-kwfmj brz-css-sgibb brz-wrapper\">\n<div class=\"brz-icon-text brz-css-bgfja\" data-custom-id=\"vptvrzevxrpughbqyyzaeslgbxsmgydooqeb\">\n<div id class=\"brz-icon__container\" data-custom-id=\"lhwztugzttkxivhdmnznxusiukhjsaqufolw\"><span class=\"brz-span brz-icon css-1q3m5hw\"><\/span><\/div>\n<div class=\"brz-text-btn\">\n<div class=\"brz-rich-text brz-css-bnbzx\" data-custom-id=\"xcqbyzvkgfagnxyrmoeqlzgsmdfvglkfaphx\">\n<div>\n<p class=\"brz-css-wcsvs\"><strong class=\"brz-cp-color7\" style=\"background-color: initial\">Gewicht:<\/strong><\/p>\n<p class=\"brz-css-cgitl\"><strong class=\"brz-cp-color7\">14.000 kg<\/strong><\/p>\n<\/div>\n<\/div>\n<\/div>\n<\/div>\n<\/div>\n<\/div>\n<\/div>\n<div class=\"brz-columns brz-css-zjrbv brz-css-ndcxb\" data-custom-id=\"xqrfikeghxnnqyxiewztrkixhakgqrslprho\">\n<div class=\"brz-column__items brz-css-cicks\">\n<div class=\"brz-css-kwfmj brz-css-rhfmw brz-wrapper\">\n<div class=\"brz-icon-text brz-css-bgfja\" data-custom-id=\"tqktojylcsosyprpezootmeqdztxwxdzikom\">\n<div id class=\"brz-icon__container\" data-custom-id=\"sgbougjutrdntdhdiqvuosmlfwpqjzndxkxi\"><span class=\"brz-span brz-icon css-8lc2bu\"><\/span><\/div>\n<div class=\"brz-text-btn\">\n<div class=\"brz-rich-text brz-css-bnbzx\" data-custom-id=\"txmttaahrysdyudgxpfhrsmssjkhhdqegflt\">\n<div>\n<p class=\"brz-css-griam\"><span class=\"brz-cp-color7\">Leistung:<\/span><\/p>\n<p class=\"brz-css-ikjdw\"><span class=\"brz-cp-color7\">240 PS<\/span><\/p>\n<\/div>\n<\/div>\n<\/div>\n<\/div>\n<\/div>\n<\/div>\n<\/div>\n<\/div>\n<\/div>\n<div class=\"brz-row__container brz-css-alxtx\" data-custom-id=\"dqydcauruewgwkyenoyjntvyeqypsqtujzrm\">\n<div class=\"brz-row brz-css-aljwf brz-css-kqbbk\">\n<div class=\"brz-columns brz-css-zjrbv brz-css-hgiyo\" data-custom-id=\"bdaeovhgtzynejfplkaqxtjaieiuzwyfirms\">\n<div class=\"brz-column__items brz-css-cicks brz-css-vxkjq\">\n<div class=\"brz-css-kwfmj brz-css-numwt brz-wrapper\">\n<div class=\"brz-icon-text brz-css-bgfja\" data-custom-id=\"rnqplkqkywcpuarqrqsiqcffjwlkqfrqqltp\">\n<div id class=\"brz-icon__container\" data-custom-id=\"sghhhmgxsvsmalcmcxxzhkznsagxhfarykvj\"><span class=\"brz-span brz-icon css-8lc2bu\"><\/span><\/div>\n<div class=\"brz-text-btn\">\n<div class=\"brz-rich-text brz-css-bnbzx\" data-custom-id=\"gsxkmyvpkokwcgvrzjjmgpdielxvdiwsunne\">\n<div>\n<p class=\"brz-css-npdcg\"><span class=\"brz-cp-color7\">L\u00f6schwasser:<\/span><\/p>\n<p class=\"brz-css-etbvh\"><span class=\"brz-cp-color7\">2.000 Liter<\/span><\/p>\n<\/div>\n<\/div>\n<\/div>\n<\/div>\n<\/div>\n<\/div>\n<\/div>\n<div class=\"brz-columns brz-css-zjrbv brz-css-qeaag\" data-custom-id=\"cdgarcdpnesgnqmydzbcpypdtfziebxcbxbh\">\n<div class=\"brz-column__items brz-css-cicks\">\n<div class=\"brz-css-kwfmj brz-css-vemqd brz-wrapper\">\n<div class=\"brz-icon-text brz-css-bgfja\" data-custom-id=\"tncdpxfguqrqmgnhurvfzjxdxohusbaljygv\">\n<div id class=\"brz-icon__container\" data-custom-id=\"ftrcbnxsfrbgirvbfcuhoztzkfqukfdmoear\"><span class=\"brz-span brz-icon css-8lc2bu\"><\/span><\/div>\n<div class=\"brz-text-btn\">\n<div class=\"brz-rich-text brz-css-bnbzx\" data-custom-id=\"vnhplfhpqylzndbltyissuagskilazyobjwr\">\n<div>\n<p class=\"brz-css-uxfxr\"><span class=\"brz-cp-color7\">Baujahr:<\/span><\/p>\n<p class=\"brz-css-efspl\"><span class=\"brz-cp-color7\">2001<\/span><\/p>\n<\/div>\n<\/div>\n<\/div>\n<\/div>\n<\/div>\n<\/div>\n<\/div>\n<div class=\"brz-columns brz-css-zjrbv brz-css-bufca\" data-custom-id=\"oinupviwtpcwkhyoznrfnvfeuxfekrnovjri\">\n<div class=\"brz-column__items brz-css-cicks\">\n<div class=\"brz-css-kwfmj brz-css-gjaxo brz-wrapper\">\n<div class=\"brz-icon-text brz-css-bgfja\" data-custom-id=\"axezyfesryfhtesueuqhvujmjcyewjcgfsvz\">\n<div id class=\"brz-icon__container\" data-custom-id=\"zrytxnjuxgghefecdeogvfcvgchrngaoreme\"><span class=\"brz-span brz-icon css-8lc2bu\"><\/span><\/div>\n<div class=\"brz-text-btn\">\n<div class=\"brz-rich-text brz-css-bnbzx\" data-custom-id=\"wvayunmlyacjkfhtuvzwemgcddaksgcqbsii\">\n<div>\n<p class=\"brz-css-yepuf\"><span class=\"brz-cp-color7\">Antriebsart:<\/span><\/p>\n<p class=\"brz-css-xlyim\"><span class=\"brz-cp-color7\">4\u00d72 | 4\u00d74 | Differentialsperre<\/span><\/p>\n<\/div>\n<\/div>\n<\/div>\n<\/div>\n<\/div>\n<\/div>\n<\/div>\n<\/div>\n<\/div>\n<\/div>\n<\/div>\n<\/section>\n<section data-uid=\"nhhgzlmcpdmheeuzbnjkcruvfqwgahxwxddm\" id=\"nhhgzlmcpdmheeuzbnjkcruvfqwgahxwxddm\" class=\"brz-section brz-css-kocjx brz-css-lvpen\">\n<div class=\"brz-section__content brz-section--boxed brz-css-xqkpv brz-css-wkvnf\" data-custom-id=\"ojhwasrcywvxxpompuqiogbhhrtzjqrtxzor\">\n<div class=\"brz-container brz-css-hwlkh\">\n<div class=\"brz-css-kwfmj brz-css-kjwcy brz-wrapper\">\n<div class=\"brz-rich-text brz-css-bnbzx\" data-custom-id=\"fnzxtwyserxkhlagbqtjqgwpfcgaefmvuthv\">\n<div>\n<p class=\"brz-css-xxhni\"><strong>Ausstattung<\/strong><\/p>\n<\/div>\n<\/div>\n<\/div>\n<\/div>\n<\/div>\n<\/section>\n<section data-uid=\"loafbrkkukcsuzrrjskevobwkvubbzigxcig\" id=\"loafbrkkukcsuzrrjskevobwkvubbzigxcig\" class=\"brz-section brz-css-kocjx\">\n<div class=\"brz-section__content brz-section--boxed brz-css-xqkpv brz-css-jtidc\" data-custom-id=\"gepezcnhzqnwmkhednutvxiqiflzpipidcer\">\n<div class=\"brz-container brz-css-hwlkh\">\n<div class=\"brz-css-kwfmj brz-css-ussoc brz-wrapper\">\n<div class=\"brz-rich-text brz-css-bnbzx\" data-custom-id=\"mdtlvwtgdjplrsvefowwxajcrgrbxqoepmrh\">\n<div>\n<ul>\n<li class=\"brz-css-tvmwt\"><span class=\"brz-cp-color7\">2000 lt. L\u00f6schwassertank mit Hochdruck\/Normaldruckpumpe und Hochdruckschlauchhaspel<\/span><\/li>\n<li class=\"brz-css-zkman\"><span class=\"brz-cp-color7\">Verschiedene wasserf\u00fchrende Armaturen (Schlauchmaterial, Strahlrohre, Verteiler, etc.)<\/span><\/li>\n<li class=\"brz-css-byaqc\"><span class=\"brz-cp-color7\">Tauchpumpe mit Zubeh\u00f6r<\/span><\/li>\n<li class=\"brz-css-fwenj\"><span class=\"brz-cp-color7\">Kleinl\u00f6schger\u00e4te (Pulverl\u00f6scher, CO2-L\u00f6scher)<\/span><\/li>\n<li class=\"brz-css-lspuz\"><span class=\"brz-cp-color7\">Motors\u00e4ge mit Zubeh\u00f6r und Schnittschutzkleidung<\/span><\/li>\n<li class=\"brz-css-onvdb\"><span class=\"brz-cp-color7\">Steckleiter<\/span><\/li>\n<li class=\"brz-css-pmeaw\"><span class=\"brz-cp-color7\">Erste-Hilfe-Ausr\u00fcstung<\/span><\/li>\n<li class=\"brz-css-nfmpj\"><span class=\"brz-cp-color7\">Schaumausr\u00fcstung<\/span><\/li>\n<li class=\"brz-css-xmoxd\"><span class=\"brz-cp-color7\">Hochleistungsl\u00fcfter<\/span><\/li>\n<li class=\"brz-css-djfzk\"><span class=\"brz-cp-color7\">3 umluftunabh\u00e4ngige Atemschutzger\u00e4te<\/span><\/li>\n<li class=\"brz-css-cfven\"><span class=\"brz-cp-color7\">Pneumatischer Lichtmast<\/span><\/li>\n<li class=\"brz-css-rjehu\"><span class=\"brz-cp-color7\">Beleuchtungsger\u00e4te (Flutlichtscheinwerfer, Stativ, Handscheinwerfer, etc.)<\/span><\/li>\n<li class=\"brz-css-tdzwg\"><span class=\"brz-cp-color7\">Mobiler Stromgenerator mit Elektromaterial<\/span><\/li>\n<li class=\"brz-css-qfiik\"><span class=\"brz-cp-color7\">Absicherungsmaterial (Warndreieck, Blitzleuchte, etc.)<\/span><\/li>\n<li class=\"brz-css-pwzfj\"><span class=\"brz-cp-color7\">H\u00f6henrettungsausr\u00fcstung<\/span><\/li>\n<li class=\"brz-css-hfpgw\"><span class=\"brz-cp-color7\">Verschiedene Werkzeuge (Feuerwehraxt, Schaufel, Besen, Pickel, etc.)<\/span><\/li>\n<li class=\"brz-css-xzcty\"><span class=\"brz-cp-color7\">Hydraulisches Rettungsger\u00e4t mit Zubeh\u00f6r (hydraulische Schere, Spreizer, Rettungszylinder)<\/span><\/li>\n<\/ul>\n<\/div>\n<\/div>\n<\/div>\n<\/div>\n<\/div>\n<\/section>\n<\/div>\n<p><!-- version:1774474380 --><\/p>\n","protected":false},"excerpt":{"rendered":"<p>tail Tankl\u00f6schfahrzeug \u2013 Allrad Dieses Tankl\u00f6schfahrzeug kommt bei allen Brandeins\u00e4tzen zum Einsatz und f\u00fchrt die daf\u00fcr notwendige Ausr\u00fcstung mit. Das Fahrzeug verf\u00fcgt auch \u00fcber Ger\u00e4te f\u00fcr die technische Hilfeleistung (Hydraulisches Rettungsger\u00e4t, Hebekissen, etc. ) und wird somit auch f\u00fcr technische Eins\u00e4tze verwendet. Durch den Allradantrieb ist das Fahrzeug f\u00fcr Bergstra\u00dfen und Forstwege bestens geeignet. Des&nbsp;&hellip;<\/p>\n","protected":false},"author":5,"featured_media":0,"parent":175,"menu_order":0,"comment_status":"closed","ping_status":"closed","template":"","meta":[],"yoast_head":"<!-- This site is optimized with the Yoast SEO plugin v20.4 - https:\/\/yoast.com\/wordpress\/plugins\/seo\/ -->\n<title>Tankl\u00f6schfahrzeug - Allrad - Freiwillige Feuerwehr Bozen EO<\/title>\n<meta name=\"robots\" content=\"index, follow, max-snippet:-1, max-image-preview:large, max-video-preview:-1\" \/>\n<link rel=\"canonical\" href=\"https:\/\/ffbozen.it\/de\/ausruestung\/fuhrpark\/tankloeschfahrzeug-allrad\/\" \/>\n<meta property=\"og:locale\" content=\"de_DE\" \/>\n<meta property=\"og:type\" content=\"article\" \/>\n<meta property=\"og:title\" content=\"Tankl\u00f6schfahrzeug - Allrad - Freiwillige Feuerwehr Bozen EO\" \/>\n<meta property=\"og:description\" content=\"tail Tankl\u00f6schfahrzeug \u2013 Allrad Dieses Tankl\u00f6schfahrzeug kommt bei allen Brandeins\u00e4tzen zum Einsatz und f\u00fchrt die daf\u00fcr notwendige Ausr\u00fcstung mit. Das Fahrzeug verf\u00fcgt auch \u00fcber Ger\u00e4te f\u00fcr die technische Hilfeleistung (Hydraulisches Rettungsger\u00e4t, Hebekissen, etc. ) und wird somit auch f\u00fcr technische Eins\u00e4tze verwendet. Durch den Allradantrieb ist das Fahrzeug f\u00fcr Bergstra\u00dfen und Forstwege bestens geeignet. Des&nbsp;&hellip;\" \/>\n<meta property=\"og:url\" content=\"https:\/\/ffbozen.it\/de\/ausruestung\/fuhrpark\/tankloeschfahrzeug-allrad\/\" \/>\n<meta property=\"og:site_name\" content=\"Freiwillige Feuerwehr Bozen EO\" \/>\n<meta property=\"article:publisher\" content=\"https:\/\/www.facebook.com\/ff.bozen\" \/>\n<meta property=\"article:modified_time\" content=\"2026-03-25T21:33:00+00:00\" \/>\n<meta property=\"og:image\" content=\"https:\/\/ffbozen.it\/de\/wp-content\/uploads\/brizy\/imgs\/FFBozen_Fahrzeug1KO_05-1920x1080x0x0x1920x1080x1610543262.jpg\" \/>\n<meta name=\"twitter:card\" content=\"summary_large_image\" \/>\n<meta name=\"twitter:label1\" content=\"Gesch\u00e4tzte Lesezeit\" \/>\n\t<meta name=\"twitter:data1\" content=\"1\u00a0Minute\" \/>\n<script type=\"application\/ld+json\" class=\"yoast-schema-graph\">{\"@context\":\"https:\/\/schema.org\",\"@graph\":[{\"@type\":\"WebPage\",\"@id\":\"https:\/\/ffbozen.it\/de\/ausruestung\/fuhrpark\/tankloeschfahrzeug-allrad\/\",\"url\":\"https:\/\/ffbozen.it\/de\/ausruestung\/fuhrpark\/tankloeschfahrzeug-allrad\/\",\"name\":\"Tankl\u00f6schfahrzeug - Allrad - Freiwillige Feuerwehr Bozen EO\",\"isPartOf\":{\"@id\":\"https:\/\/ffbozen.it\/de\/#website\"},\"datePublished\":\"2020-12-22T16:19:27+00:00\",\"dateModified\":\"2026-03-25T21:33:00+00:00\",\"breadcrumb\":{\"@id\":\"https:\/\/ffbozen.it\/de\/ausruestung\/fuhrpark\/tankloeschfahrzeug-allrad\/#breadcrumb\"},\"inLanguage\":\"de\",\"potentialAction\":[{\"@type\":\"ReadAction\",\"target\":[\"https:\/\/ffbozen.it\/de\/ausruestung\/fuhrpark\/tankloeschfahrzeug-allrad\/\"]}]},{\"@type\":\"BreadcrumbList\",\"@id\":\"https:\/\/ffbozen.it\/de\/ausruestung\/fuhrpark\/tankloeschfahrzeug-allrad\/#breadcrumb\",\"itemListElement\":[{\"@type\":\"ListItem\",\"position\":1,\"name\":\"Startseite\",\"item\":\"https:\/\/ffbozen.it\/de\/\"},{\"@type\":\"ListItem\",\"position\":2,\"name\":\"Ausr\u00fcstung\",\"item\":\"https:\/\/ffbozen.it\/de\/ausruestung\/\"},{\"@type\":\"ListItem\",\"position\":3,\"name\":\"Fuhrpark\",\"item\":\"https:\/\/ffbozen.it\/de\/ausruestung\/fuhrpark\/\"},{\"@type\":\"ListItem\",\"position\":4,\"name\":\"Tankl\u00f6schfahrzeug &#8211; Allrad\"}]},{\"@type\":\"WebSite\",\"@id\":\"https:\/\/ffbozen.it\/de\/#website\",\"url\":\"https:\/\/ffbozen.it\/de\/\",\"name\":\"Freiwillige Feuerwehr Bozen EO\",\"description\":\"\",\"publisher\":{\"@id\":\"https:\/\/ffbozen.it\/de\/#organization\"},\"potentialAction\":[{\"@type\":\"SearchAction\",\"target\":{\"@type\":\"EntryPoint\",\"urlTemplate\":\"https:\/\/ffbozen.it\/de\/?s={search_term_string}\"},\"query-input\":\"required name=search_term_string\"}],\"inLanguage\":\"de\"},{\"@type\":\"Organization\",\"@id\":\"https:\/\/ffbozen.it\/de\/#organization\",\"name\":\"Freiwillige Feuerwehr Bozen\",\"url\":\"https:\/\/ffbozen.it\/de\/\",\"logo\":{\"@type\":\"ImageObject\",\"inLanguage\":\"de\",\"@id\":\"https:\/\/ffbozen.it\/de\/#\/schema\/logo\/image\/\",\"url\":\"https:\/\/ffbozen.it\/de\/wp-content\/uploads\/2020\/11\/Logo-ohne-Text-scaled-e1606231422963.jpg\",\"contentUrl\":\"https:\/\/ffbozen.it\/de\/wp-content\/uploads\/2020\/11\/Logo-ohne-Text-scaled-e1606231422963.jpg\",\"width\":350,\"height\":140,\"caption\":\"Freiwillige Feuerwehr Bozen\"},\"image\":{\"@id\":\"https:\/\/ffbozen.it\/de\/#\/schema\/logo\/image\/\"},\"sameAs\":[\"https:\/\/www.facebook.com\/ff.bozen\",\"https:\/\/www.instagram.com\/ff.bozen\/\"]}]}<\/script>\n<!-- \/ Yoast SEO plugin. -->","yoast_head_json":{"title":"Tankl\u00f6schfahrzeug - Allrad - Freiwillige Feuerwehr Bozen EO","robots":{"index":"index","follow":"follow","max-snippet":"max-snippet:-1","max-image-preview":"max-image-preview:large","max-video-preview":"max-video-preview:-1"},"canonical":"https:\/\/ffbozen.it\/de\/ausruestung\/fuhrpark\/tankloeschfahrzeug-allrad\/","og_locale":"de_DE","og_type":"article","og_title":"Tankl\u00f6schfahrzeug - Allrad - Freiwillige Feuerwehr Bozen EO","og_description":"tail Tankl\u00f6schfahrzeug \u2013 Allrad Dieses Tankl\u00f6schfahrzeug kommt bei allen Brandeins\u00e4tzen zum Einsatz und f\u00fchrt die daf\u00fcr notwendige Ausr\u00fcstung mit. Das Fahrzeug verf\u00fcgt auch \u00fcber Ger\u00e4te f\u00fcr die technische Hilfeleistung (Hydraulisches Rettungsger\u00e4t, Hebekissen, etc. ) und wird somit auch f\u00fcr technische Eins\u00e4tze verwendet. Durch den Allradantrieb ist das Fahrzeug f\u00fcr Bergstra\u00dfen und Forstwege bestens geeignet. Des&nbsp;&hellip;","og_url":"https:\/\/ffbozen.it\/de\/ausruestung\/fuhrpark\/tankloeschfahrzeug-allrad\/","og_site_name":"Freiwillige Feuerwehr Bozen EO","article_publisher":"https:\/\/www.facebook.com\/ff.bozen","article_modified_time":"2026-03-25T21:33:00+00:00","og_image":[{"url":"https:\/\/ffbozen.it\/de\/wp-content\/uploads\/brizy\/imgs\/FFBozen_Fahrzeug1KO_05-1920x1080x0x0x1920x1080x1610543262.jpg"}],"twitter_card":"summary_large_image","twitter_misc":{"Gesch\u00e4tzte Lesezeit":"1\u00a0Minute"},"schema":{"@context":"https:\/\/schema.org","@graph":[{"@type":"WebPage","@id":"https:\/\/ffbozen.it\/de\/ausruestung\/fuhrpark\/tankloeschfahrzeug-allrad\/","url":"https:\/\/ffbozen.it\/de\/ausruestung\/fuhrpark\/tankloeschfahrzeug-allrad\/","name":"Tankl\u00f6schfahrzeug - Allrad - Freiwillige Feuerwehr Bozen EO","isPartOf":{"@id":"https:\/\/ffbozen.it\/de\/#website"},"datePublished":"2020-12-22T16:19:27+00:00","dateModified":"2026-03-25T21:33:00+00:00","breadcrumb":{"@id":"https:\/\/ffbozen.it\/de\/ausruestung\/fuhrpark\/tankloeschfahrzeug-allrad\/#breadcrumb"},"inLanguage":"de","potentialAction":[{"@type":"ReadAction","target":["https:\/\/ffbozen.it\/de\/ausruestung\/fuhrpark\/tankloeschfahrzeug-allrad\/"]}]},{"@type":"BreadcrumbList","@id":"https:\/\/ffbozen.it\/de\/ausruestung\/fuhrpark\/tankloeschfahrzeug-allrad\/#breadcrumb","itemListElement":[{"@type":"ListItem","position":1,"name":"Startseite","item":"https:\/\/ffbozen.it\/de\/"},{"@type":"ListItem","position":2,"name":"Ausr\u00fcstung","item":"https:\/\/ffbozen.it\/de\/ausruestung\/"},{"@type":"ListItem","position":3,"name":"Fuhrpark","item":"https:\/\/ffbozen.it\/de\/ausruestung\/fuhrpark\/"},{"@type":"ListItem","position":4,"name":"Tankl\u00f6schfahrzeug &#8211; Allrad"}]},{"@type":"WebSite","@id":"https:\/\/ffbozen.it\/de\/#website","url":"https:\/\/ffbozen.it\/de\/","name":"Freiwillige Feuerwehr Bozen EO","description":"","publisher":{"@id":"https:\/\/ffbozen.it\/de\/#organization"},"potentialAction":[{"@type":"SearchAction","target":{"@type":"EntryPoint","urlTemplate":"https:\/\/ffbozen.it\/de\/?s={search_term_string}"},"query-input":"required name=search_term_string"}],"inLanguage":"de"},{"@type":"Organization","@id":"https:\/\/ffbozen.it\/de\/#organization","name":"Freiwillige Feuerwehr Bozen","url":"https:\/\/ffbozen.it\/de\/","logo":{"@type":"ImageObject","inLanguage":"de","@id":"https:\/\/ffbozen.it\/de\/#\/schema\/logo\/image\/","url":"https:\/\/ffbozen.it\/de\/wp-content\/uploads\/2020\/11\/Logo-ohne-Text-scaled-e1606231422963.jpg","contentUrl":"https:\/\/ffbozen.it\/de\/wp-content\/uploads\/2020\/11\/Logo-ohne-Text-scaled-e1606231422963.jpg","width":350,"height":140,"caption":"Freiwillige Feuerwehr Bozen"},"image":{"@id":"https:\/\/ffbozen.it\/de\/#\/schema\/logo\/image\/"},"sameAs":["https:\/\/www.facebook.com\/ff.bozen","https:\/\/www.instagram.com\/ff.bozen\/"]}]}},"_links":{"self":[{"href":"https:\/\/ffbozen.it\/de\/wp-json\/wp\/v2\/pages\/16044"}],"collection":[{"href":"https:\/\/ffbozen.it\/de\/wp-json\/wp\/v2\/pages"}],"about":[{"href":"https:\/\/ffbozen.it\/de\/wp-json\/wp\/v2\/types\/page"}],"author":[{"embeddable":true,"href":"https:\/\/ffbozen.it\/de\/wp-json\/wp\/v2\/users\/5"}],"replies":[{"embeddable":true,"href":"https:\/\/ffbozen.it\/de\/wp-json\/wp\/v2\/comments?post=16044"}],"version-history":[{"count":0,"href":"https:\/\/ffbozen.it\/de\/wp-json\/wp\/v2\/pages\/16044\/revisions"}],"up":[{"embeddable":true,"href":"https:\/\/ffbozen.it\/de\/wp-json\/wp\/v2\/pages\/175"}],"wp:attachment":[{"href":"https:\/\/ffbozen.it\/de\/wp-json\/wp\/v2\/media?parent=16044"}],"curies":[{"name":"wp","href":"https:\/\/api.w.org\/{rel}","templated":true}]}}