{"id":16067,"date":"2020-12-22T17:22:12","date_gmt":"2020-12-22T16:22:12","guid":{"rendered":"https:\/\/ffbozen.it\/de\/?page_id=16067"},"modified":"2026-03-26T21:23:44","modified_gmt":"2026-03-26T20:23:44","slug":"mannschaftstransportfahrzeug-allrad","status":"publish","type":"page","link":"https:\/\/ffbozen.it\/de\/ausruestung\/fuhrpark\/mannschaftstransportfahrzeug-allrad\/","title":{"rendered":"Mannschaftstransportfahrzeug &#8211; Allrad"},"content":{"rendered":"<div class=\"brz-root__container brz-reset-all\">\n<section data-uid=\"wdotymfnirgcpyhmqgnoxuegemhhjkxsbzrg\" id=\"wdotymfnirgcpyhmqgnoxuegemhhjkxsbzrg\" class=\"brz-section brz-css-qgxtd brz-css-tdhyn\">\n<div class=\"brz-slick-slider brz-slick-slider__section\" data-slides-to-show=\"1\" data-slides-to-scroll=\"1\" data-arrows=\"true\" data-dots=\"true\" data-dots-class=\"brz-slick-slider__dots brz-slick-slider__dots--circle\" data-fade=\"false\" data-vertical=\"false\" data-auto-play=\"true\" data-auto-play-speed=\"3000\" data-swipe=\"true\" data-responsive=\"%5B%7B%22breakpoint%22%3A767%2C%22settings%22%3A%7B%22slidesToShow%22%3A1%2C%22slidesToScroll%22%3A1%7D%7D%5D\">\n<div>\n<div class=\"brz-section__content brz-section--fullWidth brz-css-vkcag brz-css-wqqwh\" data-custom-id=\"tbfrdicsfxexyhdihdmprtzhuuaskrxdcywh\">\n<div class=\"brz-container brz-css-rgock brz-css-fzylo\">\n<div class=\"brz-css-iasrm brz-css-voyiu brz-wrapper\">\n<div class=\"brz-image brz-image__lightbox brz-css-uhtkk\"><a class=\"brz-a\" href=\"https:\/\/ffbozen.it\/de\/wp-content\/uploads\/2021\/01\/FFBozen_Fahrzeug4KO_02.jpg\" data-brz-link-type=\"lightBox\" id data-custom-id=\"opiwmawmjvfuyqprfowwzxbujwpyppgwdysl\"><img class=\"brz-img\" src=\"https:\/\/ffbozen.it\/de\/wp-content\/uploads\/brizy\/imgs\/FFBozen_Fahrzeug4KO_02-1920x1080x0x0x1920x1080x1610544427.jpg\" alt=\"\" loading=\"lazy\" \/><\/a><\/div>\n<\/div>\n<\/div>\n<\/div>\n<\/div>\n<div>\n<div class=\"brz-section__content brz-section--fullWidth brz-css-vkcag brz-css-zglzu\" data-custom-id=\"uvurqrrgveyvyshoyukqlkitkyqjdmofoglz\">\n<div class=\"brz-container brz-css-rgock brz-css-kmnxt\">\n<div class=\"brz-css-iasrm brz-css-butev brz-wrapper\">\n<div class=\"brz-image brz-image__lightbox brz-css-wzony\"><a class=\"brz-a\" href=\"https:\/\/ffbozen.it\/de\/wp-content\/uploads\/2021\/01\/FFBozen_Fahrzeug4KO_03.jpg\" data-brz-link-type=\"lightBox\" id data-custom-id=\"trdznimtzetepqfqiixlvbsfuflndheqhivg\"><img class=\"brz-img\" src=\"https:\/\/ffbozen.it\/de\/wp-content\/uploads\/brizy\/imgs\/FFBozen_Fahrzeug4KO_03-1958x1077x19x0x1920x1077x1610544429.jpg\" alt=\"\" loading=\"lazy\" \/><\/a><\/div>\n<\/div>\n<\/div>\n<\/div>\n<\/div>\n<div>\n<div class=\"brz-section__content brz-section--fullWidth brz-css-vkcag brz-css-fdxdl\" data-custom-id=\"uceqrdgpoiptmdpzfajywvclieznpxycrwzj\">\n<div class=\"brz-container brz-css-rgock brz-css-vugzc\">\n<div class=\"brz-css-iasrm brz-css-riojc brz-wrapper\">\n<div class=\"brz-image brz-image__lightbox brz-css-hfcap\"><a class=\"brz-a\" href=\"https:\/\/ffbozen.it\/de\/wp-content\/uploads\/2021\/01\/FFBozen_Fahrzeug4KO_04.jpg\" data-brz-link-type=\"lightBox\" id data-custom-id=\"obigyunqzpvrchlkzhzmjkygyljrvbwxbmwg\"><img class=\"brz-img\" src=\"https:\/\/ffbozen.it\/de\/wp-content\/uploads\/brizy\/imgs\/FFBozen_Fahrzeug4KO_04-1920x1080x0x0x1920x1080x1610544431.jpg\" alt=\"\" loading=\"lazy\" \/><\/a><\/div>\n<\/div>\n<\/div>\n<\/div>\n<\/div>\n<div>\n<div class=\"brz-section__content brz-section--fullWidth brz-css-vkcag brz-css-yrhuu\" data-custom-id=\"nqdkljtqrwudmatjoxxvmixqryipljnxcxsw\">\n<div class=\"brz-container brz-css-rgock brz-css-cjurr\">\n<div class=\"brz-css-iasrm brz-css-pcmvr brz-wrapper\">\n<div class=\"brz-image brz-image__lightbox brz-css-bnsxo\"><a class=\"brz-a\" href=\"https:\/\/ffbozen.it\/de\/wp-content\/uploads\/2021\/01\/FFBozen_Fahrzeug4KO_01.jpg\" data-brz-link-type=\"lightBox\" id data-custom-id=\"lbrkspbraoiidzahxjogfwsyopdlopdrktoo\"><img class=\"brz-img\" src=\"https:\/\/ffbozen.it\/de\/wp-content\/uploads\/brizy\/imgs\/FFBozen_Fahrzeug4KO_01-1920x1080x0x0x1920x1080x1610544425.jpg\" alt=\"\" loading=\"lazy\" \/><\/a><\/div>\n<\/div>\n<\/div>\n<\/div>\n<\/div>\n<p><title>tail<\/title>\n<\/div>\n<\/section>\n<section data-uid=\"smvtimedzngjwmxpunvyszlsqhkvofkgbnee\" id=\"smvtimedzngjwmxpunvyszlsqhkvofkgbnee\" class=\"brz-section brz-css-qgxtd\">\n<div class=\"brz-section__content brz-section--fullWidth brz-css-vkcag brz-css-jfsjb\" data-custom-id=\"apihmoxksljlhhngcjamrapprtawznuwkkex\">\n<div class=\"brz-bg\">\n<div class=\"brz-bg-color\"><\/div>\n<\/div>\n<div class=\"brz-container brz-css-rgock brz-css-qmdpu\">\n<div class=\"brz-row__container brz-css-upgsx\" data-custom-id=\"wmlivrlznecjbbnhmlopxfwelvjlkbxknpou\">\n<div class=\"brz-row brz-css-npsix brz-css-jcuxr\">\n<div class=\"brz-columns brz-css-oxuae brz-css-qeloj\" data-custom-id=\"chmcvajqixxvlnelgmarwoszeqlomgywiehi\">\n<div class=\"brz-column__items brz-css-xdlck brz-css-qgbet\">\n<div class=\"brz-css-iasrm brz-css-jqrms brz-wrapper\">\n<div class=\"brz-rich-text brz-css-hrmgn\" data-custom-id=\"numoojbayqwpsncuwqpwaeetxhcwaqqockfu\">\n<div>\n<h2 class=\"brz-css-xrokh\"><span>Mannschaftstransportfahrzeug &#8211; Allrad<\/span><\/h2>\n<\/div>\n<\/div>\n<\/div>\n<\/div>\n<\/div>\n<\/div>\n<\/div>\n<div class=\"brz-row__container brz-css-upgsx\" data-custom-id=\"jzfhhzagqherawkescksialkkercxtbckogf\">\n<div class=\"brz-row brz-css-npsix brz-css-jcuxr\">\n<div class=\"brz-columns brz-css-oxuae brz-css-nzpch\" data-custom-id=\"hmasmpjxoplfgpxcvfynxzaaqwbudvcmzfaf\">\n<div class=\"brz-column__items brz-css-xdlck brz-css-pnajl\">\n<div class=\"brz-css-iasrm brz-css-acnzy brz-wrapper\">\n<div class=\"brz-rich-text brz-css-hrmgn\" data-custom-id=\"muqftsucmoobwtqturzrayschbwwfkjqewgm\">\n<div>\n<p class=\"brz-css-ugspz\"><span class=\"brz-cp-color7\">Dieses Fahrzeug dient prim\u00e4r zum Transport von Einsatzkr\u00e4ften.\u00a0<\/span><\/p>\n<\/div>\n<\/div>\n<\/div>\n<\/div>\n<\/div>\n<\/div>\n<\/div>\n<div class=\"brz-row__container brz-css-upgsx\" data-custom-id=\"scuxysjgcppjfcqqrlsimjyrpswozrznywuq\">\n<div class=\"brz-row brz-css-npsix brz-css-jcuxr\">\n<div class=\"brz-columns brz-css-oxuae brz-css-ucofl\" data-custom-id=\"iqnjnbdeqgkqcmclomnalhhzayryczjrgbam\">\n<div class=\"brz-column__items brz-css-xdlck\">\n<div class=\"brz-css-iasrm brz-css-uktfb brz-wrapper\">\n<div class=\"brz-icon-text brz-css-kfxns\" data-custom-id=\"mwkcyjxhdgjbgugsedigwvjtgxzcfvifzbkz\">\n<div id class=\"brz-icon__container\" data-custom-id=\"cqglkpjuorfabgfrugtbymdbftdhdpmprewq\"><span class=\"brz-span brz-icon css-8lc2bu\"><\/span><\/div>\n<div class=\"brz-text-btn\">\n<div class=\"brz-rich-text brz-css-hrmgn\" data-custom-id=\"fjzzucokqqcportoltexcmngdsfuquaigrej\">\n<div>\n<p class=\"brz-css-fcoum\"><span class=\"brz-cp-color7\">Besatzung:<\/span><\/p>\n<p class=\"brz-css-gxvzx\"><span class=\"brz-cp-color7\">6 + 1 Mann<\/span><\/p>\n<\/div>\n<\/div>\n<\/div>\n<\/div>\n<\/div>\n<\/div>\n<\/div>\n<div class=\"brz-columns brz-css-oxuae brz-css-iwpus\" data-custom-id=\"mnodxcfetnpxxiuqmfrctbpylowyosmkbefs\">\n<div class=\"brz-column__items brz-css-xdlck\">\n<div class=\"brz-css-iasrm brz-css-mjiep brz-wrapper\">\n<div class=\"brz-icon-text brz-css-kfxns\" data-custom-id=\"vptvrzevxrpughbqyyzaeslgbxsmgydooqeb\">\n<div id class=\"brz-icon__container\" data-custom-id=\"lhwztugzttkxivhdmnznxusiukhjsaqufolw\"><span class=\"brz-span brz-icon css-1q3m5hw\"><\/span><\/div>\n<div class=\"brz-text-btn\">\n<div class=\"brz-rich-text brz-css-hrmgn\" data-custom-id=\"xcqbyzvkgfagnxyrmoeqlzgsmdfvglkfaphx\">\n<div>\n<p class=\"brz-css-hmzxn\"><strong class=\"brz-cp-color7\" style=\"background-color: initial\">Gewicht:<\/strong><\/p>\n<p class=\"brz-css-kjprs\"><strong class=\"brz-cp-color7\">3.030 kg<\/strong><\/p>\n<\/div>\n<\/div>\n<\/div>\n<\/div>\n<\/div>\n<\/div>\n<\/div>\n<div class=\"brz-columns brz-css-oxuae brz-css-bjepz\" data-custom-id=\"xqrfikeghxnnqyxiewztrkixhakgqrslprho\">\n<div class=\"brz-column__items brz-css-xdlck\">\n<div class=\"brz-css-iasrm brz-css-lazvo brz-wrapper\">\n<div class=\"brz-icon-text brz-css-kfxns\" data-custom-id=\"tqktojylcsosyprpezootmeqdztxwxdzikom\">\n<div id class=\"brz-icon__container\" data-custom-id=\"sgbougjutrdntdhdiqvuosmlfwpqjzndxkxi\"><span class=\"brz-span brz-icon css-8lc2bu\"><\/span><\/div>\n<div class=\"brz-text-btn\">\n<div class=\"brz-rich-text brz-css-hrmgn\" data-custom-id=\"txmttaahrysdyudgxpfhrsmssjkhhdqegflt\">\n<div>\n<p class=\"brz-css-egzlt\"><span class=\"brz-cp-color7\">Leistung:<\/span><\/p>\n<p class=\"brz-css-slhlj\"><span class=\"brz-cp-color7\">200 PS<\/span><\/p>\n<\/div>\n<\/div>\n<\/div>\n<\/div>\n<\/div>\n<\/div>\n<\/div>\n<\/div>\n<\/div>\n<div class=\"brz-row__container brz-css-upgsx\" data-custom-id=\"dqydcauruewgwkyenoyjntvyeqypsqtujzrm\">\n<div class=\"brz-row brz-css-npsix brz-css-jcuxr\">\n<div class=\"brz-columns brz-css-oxuae brz-css-ylilv\" data-custom-id=\"cdgarcdpnesgnqmydzbcpypdtfziebxcbxbh\">\n<div class=\"brz-column__items brz-css-xdlck\">\n<div class=\"brz-css-iasrm brz-css-yfsfp brz-wrapper\">\n<div class=\"brz-icon-text brz-css-kfxns\" data-custom-id=\"tncdpxfguqrqmgnhurvfzjxdxohusbaljygv\">\n<div id class=\"brz-icon__container\" data-custom-id=\"ftrcbnxsfrbgirvbfcuhoztzkfqukfdmoear\"><span class=\"brz-span brz-icon css-8lc2bu\"><\/span><\/div>\n<div class=\"brz-text-btn\">\n<div class=\"brz-rich-text brz-css-hrmgn\" data-custom-id=\"vnhplfhpqylzndbltyissuagskilazyobjwr\">\n<div>\n<p class=\"brz-css-tifbe\"><span class=\"brz-cp-color7\">Baujahr:<\/span><\/p>\n<p class=\"brz-css-skxgs\"><span class=\"brz-cp-color7\">2015<\/span><\/p>\n<\/div>\n<\/div>\n<\/div>\n<\/div>\n<\/div>\n<\/div>\n<\/div>\n<div class=\"brz-columns brz-css-oxuae brz-css-olxhq\" data-custom-id=\"oinupviwtpcwkhyoznrfnvfeuxfekrnovjri\">\n<div class=\"brz-column__items brz-css-xdlck\">\n<div class=\"brz-css-iasrm brz-css-jtmav brz-wrapper\">\n<div class=\"brz-icon-text brz-css-kfxns\" data-custom-id=\"axezyfesryfhtesueuqhvujmjcyewjcgfsvz\">\n<div id class=\"brz-icon__container\" data-custom-id=\"zrytxnjuxgghefecdeogvfcvgchrngaoreme\"><span class=\"brz-span brz-icon css-8lc2bu\"><\/span><\/div>\n<div class=\"brz-text-btn\">\n<div class=\"brz-rich-text brz-css-hrmgn\" data-custom-id=\"wvayunmlyacjkfhtuvzwemgcddaksgcqbsii\">\n<div>\n<p class=\"brz-css-ddzkf\"><span class=\"brz-cp-color7\">Antriebsart:<\/span><\/p>\n<p class=\"brz-css-spwot\"><span class=\"brz-cp-color7\">4\u00d72 | 4\u00d74 | Reduziertes Getriebe | Differentialsperre<\/span><\/p>\n<\/div>\n<\/div>\n<\/div>\n<\/div>\n<\/div>\n<\/div>\n<\/div>\n<\/div>\n<\/div>\n<\/div>\n<\/div>\n<\/section>\n<section data-uid=\"nhhgzlmcpdmheeuzbnjkcruvfqwgahxwxddm\" id=\"nhhgzlmcpdmheeuzbnjkcruvfqwgahxwxddm\" class=\"brz-section brz-css-qgxtd brz-css-abbbx\">\n<div class=\"brz-section__content brz-section--boxed brz-css-vkcag brz-css-ftric\" data-custom-id=\"ojhwasrcywvxxpompuqiogbhhrtzjqrtxzor\">\n<div class=\"brz-container brz-css-rgock\">\n<div class=\"brz-css-iasrm brz-css-jnhqo brz-wrapper\">\n<div class=\"brz-rich-text brz-css-hrmgn\" data-custom-id=\"fnzxtwyserxkhlagbqtjqgwpfcgaefmvuthv\">\n<div>\n<p class=\"brz-css-twdph\"><strong>Ausstattung<\/strong><\/p>\n<\/div>\n<\/div>\n<\/div>\n<\/div>\n<\/div>\n<\/section>\n<section data-uid=\"loafbrkkukcsuzrrjskevobwkvubbzigxcig\" id=\"loafbrkkukcsuzrrjskevobwkvubbzigxcig\" class=\"brz-section brz-css-qgxtd\">\n<div class=\"brz-section__content brz-section--boxed brz-css-vkcag brz-css-uuuji\" data-custom-id=\"gepezcnhzqnwmkhednutvxiqiflzpipidcer\">\n<div class=\"brz-container brz-css-rgock\">\n<div class=\"brz-css-iasrm brz-css-snlaw brz-wrapper\">\n<div class=\"brz-rich-text brz-css-hrmgn\" data-custom-id=\"mdtlvwtgdjplrsvefowwxajcrgrbxqoepmrh\">\n<div>\n<ul>\n<li class=\"brz-css-blxon\"><span class=\"brz-cp-color7\">Pulverl\u00f6scher, L\u00f6schdecke<\/span><\/li>\n<li class=\"brz-css-rpdbh\"><span class=\"brz-cp-color7\">Absicherungsmaterial (Warndreieck, Blitzleuchte, etc.) <\/span><\/li>\n<\/ul>\n<\/div>\n<\/div>\n<\/div>\n<\/div>\n<\/div>\n<\/section>\n<\/div>\n<p><!-- version:1774556624 --><\/p>\n","protected":false},"excerpt":{"rendered":"<p>tail Mannschaftstransportfahrzeug &#8211; Allrad Dieses Fahrzeug dient prim\u00e4r zum Transport von Einsatzkr\u00e4ften.\u00a0 Besatzung: 6 + 1 Mann Gewicht: 3.030 kg Leistung: 200 PS Baujahr: 2015 Antriebsart: 4\u00d72 | 4\u00d74 | Reduziertes Getriebe | Differentialsperre Ausstattung Pulverl\u00f6scher, L\u00f6schdecke Absicherungsmaterial (Warndreieck, Blitzleuchte, etc.)<\/p>\n","protected":false},"author":5,"featured_media":0,"parent":175,"menu_order":0,"comment_status":"closed","ping_status":"closed","template":"","meta":[],"yoast_head":"<!-- This site is optimized with the Yoast SEO plugin v20.4 - https:\/\/yoast.com\/wordpress\/plugins\/seo\/ -->\n<title>Mannschaftstransportfahrzeug - Allrad - Freiwillige Feuerwehr Bozen EO<\/title>\n<meta name=\"robots\" content=\"index, follow, max-snippet:-1, max-image-preview:large, max-video-preview:-1\" \/>\n<link rel=\"canonical\" href=\"https:\/\/ffbozen.it\/de\/ausruestung\/fuhrpark\/mannschaftstransportfahrzeug-allrad\/\" \/>\n<meta property=\"og:locale\" content=\"de_DE\" \/>\n<meta property=\"og:type\" content=\"article\" \/>\n<meta property=\"og:title\" content=\"Mannschaftstransportfahrzeug - Allrad - Freiwillige Feuerwehr Bozen EO\" \/>\n<meta property=\"og:description\" content=\"tail Mannschaftstransportfahrzeug &#8211; Allrad Dieses Fahrzeug dient prim\u00e4r zum Transport von Einsatzkr\u00e4ften.\u00a0 Besatzung: 6 + 1 Mann Gewicht: 3.030 kg Leistung: 200 PS Baujahr: 2015 Antriebsart: 4\u00d72 | 4\u00d74 | Reduziertes Getriebe | Differentialsperre Ausstattung Pulverl\u00f6scher, L\u00f6schdecke Absicherungsmaterial (Warndreieck, Blitzleuchte, etc.)\" \/>\n<meta property=\"og:url\" content=\"https:\/\/ffbozen.it\/de\/ausruestung\/fuhrpark\/mannschaftstransportfahrzeug-allrad\/\" \/>\n<meta property=\"og:site_name\" content=\"Freiwillige Feuerwehr Bozen EO\" \/>\n<meta property=\"article:publisher\" content=\"https:\/\/www.facebook.com\/ff.bozen\" \/>\n<meta property=\"article:modified_time\" content=\"2026-03-26T20:23:44+00:00\" \/>\n<meta property=\"og:image\" content=\"https:\/\/ffbozen.it\/de\/wp-content\/uploads\/brizy\/imgs\/FFBozen_Fahrzeug4KO_02-1920x1080x0x0x1920x1080x1610544427.jpg\" \/>\n<meta name=\"twitter:card\" content=\"summary_large_image\" \/>\n<script type=\"application\/ld+json\" class=\"yoast-schema-graph\">{\"@context\":\"https:\/\/schema.org\",\"@graph\":[{\"@type\":\"WebPage\",\"@id\":\"https:\/\/ffbozen.it\/de\/ausruestung\/fuhrpark\/mannschaftstransportfahrzeug-allrad\/\",\"url\":\"https:\/\/ffbozen.it\/de\/ausruestung\/fuhrpark\/mannschaftstransportfahrzeug-allrad\/\",\"name\":\"Mannschaftstransportfahrzeug - Allrad - Freiwillige Feuerwehr Bozen EO\",\"isPartOf\":{\"@id\":\"https:\/\/ffbozen.it\/de\/#website\"},\"datePublished\":\"2020-12-22T16:22:12+00:00\",\"dateModified\":\"2026-03-26T20:23:44+00:00\",\"breadcrumb\":{\"@id\":\"https:\/\/ffbozen.it\/de\/ausruestung\/fuhrpark\/mannschaftstransportfahrzeug-allrad\/#breadcrumb\"},\"inLanguage\":\"de\",\"potentialAction\":[{\"@type\":\"ReadAction\",\"target\":[\"https:\/\/ffbozen.it\/de\/ausruestung\/fuhrpark\/mannschaftstransportfahrzeug-allrad\/\"]}]},{\"@type\":\"BreadcrumbList\",\"@id\":\"https:\/\/ffbozen.it\/de\/ausruestung\/fuhrpark\/mannschaftstransportfahrzeug-allrad\/#breadcrumb\",\"itemListElement\":[{\"@type\":\"ListItem\",\"position\":1,\"name\":\"Startseite\",\"item\":\"https:\/\/ffbozen.it\/de\/\"},{\"@type\":\"ListItem\",\"position\":2,\"name\":\"Ausr\u00fcstung\",\"item\":\"https:\/\/ffbozen.it\/de\/ausruestung\/\"},{\"@type\":\"ListItem\",\"position\":3,\"name\":\"Fuhrpark\",\"item\":\"https:\/\/ffbozen.it\/de\/ausruestung\/fuhrpark\/\"},{\"@type\":\"ListItem\",\"position\":4,\"name\":\"Mannschaftstransportfahrzeug &#8211; Allrad\"}]},{\"@type\":\"WebSite\",\"@id\":\"https:\/\/ffbozen.it\/de\/#website\",\"url\":\"https:\/\/ffbozen.it\/de\/\",\"name\":\"Freiwillige Feuerwehr Bozen EO\",\"description\":\"\",\"publisher\":{\"@id\":\"https:\/\/ffbozen.it\/de\/#organization\"},\"potentialAction\":[{\"@type\":\"SearchAction\",\"target\":{\"@type\":\"EntryPoint\",\"urlTemplate\":\"https:\/\/ffbozen.it\/de\/?s={search_term_string}\"},\"query-input\":\"required name=search_term_string\"}],\"inLanguage\":\"de\"},{\"@type\":\"Organization\",\"@id\":\"https:\/\/ffbozen.it\/de\/#organization\",\"name\":\"Freiwillige Feuerwehr Bozen\",\"url\":\"https:\/\/ffbozen.it\/de\/\",\"logo\":{\"@type\":\"ImageObject\",\"inLanguage\":\"de\",\"@id\":\"https:\/\/ffbozen.it\/de\/#\/schema\/logo\/image\/\",\"url\":\"https:\/\/ffbozen.it\/de\/wp-content\/uploads\/2020\/11\/Logo-ohne-Text-scaled-e1606231422963.jpg\",\"contentUrl\":\"https:\/\/ffbozen.it\/de\/wp-content\/uploads\/2020\/11\/Logo-ohne-Text-scaled-e1606231422963.jpg\",\"width\":350,\"height\":140,\"caption\":\"Freiwillige Feuerwehr Bozen\"},\"image\":{\"@id\":\"https:\/\/ffbozen.it\/de\/#\/schema\/logo\/image\/\"},\"sameAs\":[\"https:\/\/www.facebook.com\/ff.bozen\",\"https:\/\/www.instagram.com\/ff.bozen\/\"]}]}<\/script>\n<!-- \/ Yoast SEO plugin. -->","yoast_head_json":{"title":"Mannschaftstransportfahrzeug - Allrad - Freiwillige Feuerwehr Bozen EO","robots":{"index":"index","follow":"follow","max-snippet":"max-snippet:-1","max-image-preview":"max-image-preview:large","max-video-preview":"max-video-preview:-1"},"canonical":"https:\/\/ffbozen.it\/de\/ausruestung\/fuhrpark\/mannschaftstransportfahrzeug-allrad\/","og_locale":"de_DE","og_type":"article","og_title":"Mannschaftstransportfahrzeug - Allrad - Freiwillige Feuerwehr Bozen EO","og_description":"tail Mannschaftstransportfahrzeug &#8211; Allrad Dieses Fahrzeug dient prim\u00e4r zum Transport von Einsatzkr\u00e4ften.\u00a0 Besatzung: 6 + 1 Mann Gewicht: 3.030 kg Leistung: 200 PS Baujahr: 2015 Antriebsart: 4\u00d72 | 4\u00d74 | Reduziertes Getriebe | Differentialsperre Ausstattung Pulverl\u00f6scher, L\u00f6schdecke Absicherungsmaterial (Warndreieck, Blitzleuchte, etc.)","og_url":"https:\/\/ffbozen.it\/de\/ausruestung\/fuhrpark\/mannschaftstransportfahrzeug-allrad\/","og_site_name":"Freiwillige Feuerwehr Bozen EO","article_publisher":"https:\/\/www.facebook.com\/ff.bozen","article_modified_time":"2026-03-26T20:23:44+00:00","og_image":[{"url":"https:\/\/ffbozen.it\/de\/wp-content\/uploads\/brizy\/imgs\/FFBozen_Fahrzeug4KO_02-1920x1080x0x0x1920x1080x1610544427.jpg"}],"twitter_card":"summary_large_image","schema":{"@context":"https:\/\/schema.org","@graph":[{"@type":"WebPage","@id":"https:\/\/ffbozen.it\/de\/ausruestung\/fuhrpark\/mannschaftstransportfahrzeug-allrad\/","url":"https:\/\/ffbozen.it\/de\/ausruestung\/fuhrpark\/mannschaftstransportfahrzeug-allrad\/","name":"Mannschaftstransportfahrzeug - Allrad - Freiwillige Feuerwehr Bozen EO","isPartOf":{"@id":"https:\/\/ffbozen.it\/de\/#website"},"datePublished":"2020-12-22T16:22:12+00:00","dateModified":"2026-03-26T20:23:44+00:00","breadcrumb":{"@id":"https:\/\/ffbozen.it\/de\/ausruestung\/fuhrpark\/mannschaftstransportfahrzeug-allrad\/#breadcrumb"},"inLanguage":"de","potentialAction":[{"@type":"ReadAction","target":["https:\/\/ffbozen.it\/de\/ausruestung\/fuhrpark\/mannschaftstransportfahrzeug-allrad\/"]}]},{"@type":"BreadcrumbList","@id":"https:\/\/ffbozen.it\/de\/ausruestung\/fuhrpark\/mannschaftstransportfahrzeug-allrad\/#breadcrumb","itemListElement":[{"@type":"ListItem","position":1,"name":"Startseite","item":"https:\/\/ffbozen.it\/de\/"},{"@type":"ListItem","position":2,"name":"Ausr\u00fcstung","item":"https:\/\/ffbozen.it\/de\/ausruestung\/"},{"@type":"ListItem","position":3,"name":"Fuhrpark","item":"https:\/\/ffbozen.it\/de\/ausruestung\/fuhrpark\/"},{"@type":"ListItem","position":4,"name":"Mannschaftstransportfahrzeug &#8211; Allrad"}]},{"@type":"WebSite","@id":"https:\/\/ffbozen.it\/de\/#website","url":"https:\/\/ffbozen.it\/de\/","name":"Freiwillige Feuerwehr Bozen EO","description":"","publisher":{"@id":"https:\/\/ffbozen.it\/de\/#organization"},"potentialAction":[{"@type":"SearchAction","target":{"@type":"EntryPoint","urlTemplate":"https:\/\/ffbozen.it\/de\/?s={search_term_string}"},"query-input":"required name=search_term_string"}],"inLanguage":"de"},{"@type":"Organization","@id":"https:\/\/ffbozen.it\/de\/#organization","name":"Freiwillige Feuerwehr Bozen","url":"https:\/\/ffbozen.it\/de\/","logo":{"@type":"ImageObject","inLanguage":"de","@id":"https:\/\/ffbozen.it\/de\/#\/schema\/logo\/image\/","url":"https:\/\/ffbozen.it\/de\/wp-content\/uploads\/2020\/11\/Logo-ohne-Text-scaled-e1606231422963.jpg","contentUrl":"https:\/\/ffbozen.it\/de\/wp-content\/uploads\/2020\/11\/Logo-ohne-Text-scaled-e1606231422963.jpg","width":350,"height":140,"caption":"Freiwillige Feuerwehr Bozen"},"image":{"@id":"https:\/\/ffbozen.it\/de\/#\/schema\/logo\/image\/"},"sameAs":["https:\/\/www.facebook.com\/ff.bozen","https:\/\/www.instagram.com\/ff.bozen\/"]}]}},"_links":{"self":[{"href":"https:\/\/ffbozen.it\/de\/wp-json\/wp\/v2\/pages\/16067"}],"collection":[{"href":"https:\/\/ffbozen.it\/de\/wp-json\/wp\/v2\/pages"}],"about":[{"href":"https:\/\/ffbozen.it\/de\/wp-json\/wp\/v2\/types\/page"}],"author":[{"embeddable":true,"href":"https:\/\/ffbozen.it\/de\/wp-json\/wp\/v2\/users\/5"}],"replies":[{"embeddable":true,"href":"https:\/\/ffbozen.it\/de\/wp-json\/wp\/v2\/comments?post=16067"}],"version-history":[{"count":0,"href":"https:\/\/ffbozen.it\/de\/wp-json\/wp\/v2\/pages\/16067\/revisions"}],"up":[{"embeddable":true,"href":"https:\/\/ffbozen.it\/de\/wp-json\/wp\/v2\/pages\/175"}],"wp:attachment":[{"href":"https:\/\/ffbozen.it\/de\/wp-json\/wp\/v2\/media?parent=16067"}],"curies":[{"name":"wp","href":"https:\/\/api.w.org\/{rel}","templated":true}]}}