{"id":16092,"date":"2020-12-22T17:26:31","date_gmt":"2020-12-22T16:26:31","guid":{"rendered":"https:\/\/ffbozen.it\/de\/?page_id=16092"},"modified":"2026-03-26T12:22:13","modified_gmt":"2026-03-26T11:22:13","slug":"kleintransportfahrzeug-allrad","status":"publish","type":"page","link":"https:\/\/ffbozen.it\/de\/ausruestung\/fuhrpark\/kleintransportfahrzeug-allrad\/","title":{"rendered":"Kleintransportfahrzeug &#8211; Allrad"},"content":{"rendered":"<div class=\"brz-root__container brz-reset-all\">\n<section data-uid=\"wdotymfnirgcpyhmqgnoxuegemhhjkxsbzrg\" id=\"wdotymfnirgcpyhmqgnoxuegemhhjkxsbzrg\" class=\"brz-section brz-css-taxgs brz-css-poake\">\n<div class=\"brz-slick-slider brz-slick-slider__section\" data-slides-to-show=\"1\" data-slides-to-scroll=\"1\" data-arrows=\"true\" data-dots=\"true\" data-dots-class=\"brz-slick-slider__dots brz-slick-slider__dots--circle\" data-fade=\"false\" data-vertical=\"false\" data-auto-play=\"true\" data-auto-play-speed=\"3000\" data-swipe=\"true\" data-responsive=\"%5B%7B%22breakpoint%22%3A767%2C%22settings%22%3A%7B%22slidesToShow%22%3A1%2C%22slidesToScroll%22%3A1%7D%7D%5D\">\n<div>\n<div class=\"brz-section__content brz-section--fullWidth brz-css-dzwhl brz-css-mayyz\" data-custom-id=\"tbfrdicsfxexyhdihdmprtzhuuaskrxdcywh\">\n<div class=\"brz-container brz-css-pbgtg brz-css-iuhwz\">\n<div class=\"brz-css-ncbqy brz-css-okbbg brz-wrapper\">\n<div class=\"brz-image brz-image__lightbox brz-css-larzp\"><a class=\"brz-a\" href=\"https:\/\/ffbozen.it\/de\/wp-content\/uploads\/2021\/01\/FFBozen_Fahrzeug3KO_03.jpg\" data-brz-link-type=\"lightBox\" id data-custom-id=\"opiwmawmjvfuyqprfowwzxbujwpyppgwdysl\"><img class=\"brz-img\" src=\"https:\/\/ffbozen.it\/de\/wp-content\/uploads\/brizy\/imgs\/FFBozen_Fahrzeug3KO_03-1920x1080x0x0x1920x1080x1610544047.jpg\" alt=\"\" loading=\"lazy\" \/><\/a><\/div>\n<\/div>\n<\/div>\n<\/div>\n<\/div>\n<div>\n<div class=\"brz-section__content brz-section--fullWidth brz-css-dzwhl brz-css-xuije\" data-custom-id=\"ealaruompenngteyvongunnxhvkoczwrysvo\">\n<div class=\"brz-container brz-css-pbgtg brz-css-cesxj\">\n<div class=\"brz-css-ncbqy brz-css-zwkjr brz-wrapper\">\n<div class=\"brz-image brz-image__lightbox brz-css-pujpf\"><a class=\"brz-a\" href=\"https:\/\/ffbozen.it\/de\/wp-content\/uploads\/2021\/01\/FFBozen_Fahrzeug3KO_02.jpg\" data-brz-link-type=\"lightBox\" id data-custom-id=\"rbylwwmwepbdwjmftxujqaqceumfitbhyaty\"><img class=\"brz-img\" src=\"https:\/\/ffbozen.it\/de\/wp-content\/uploads\/brizy\/imgs\/FFBozen_Fahrzeug3KO_02-1920x1080x0x0x1920x1080x1610544046.jpg\" alt=\"\" loading=\"lazy\" \/><\/a><\/div>\n<\/div>\n<\/div>\n<\/div>\n<\/div>\n<div>\n<div class=\"brz-section__content brz-section--fullWidth brz-css-dzwhl brz-css-potyg\" data-custom-id=\"gnxciylbcwhnywjxudgctrloadbpdidpgzub\">\n<div class=\"brz-container brz-css-pbgtg brz-css-cudcu\">\n<div class=\"brz-css-ncbqy brz-css-tamte brz-wrapper\">\n<div class=\"brz-image brz-image__lightbox brz-css-apuaf\"><a class=\"brz-a\" href=\"https:\/\/ffbozen.it\/de\/wp-content\/uploads\/2021\/01\/FFBozen_FahrzeugA1_01.jpg\" data-brz-link-type=\"lightBox\" id data-custom-id=\"iycblrfidauhxwebimpoqwhobixmkngjupim\"><img class=\"brz-img\" src=\"https:\/\/ffbozen.it\/de\/wp-content\/uploads\/brizy\/imgs\/FFBozen_FahrzeugA1_01-1920x1080x0x0x1920x1080x1610546084.jpg\" alt=\"\" loading=\"lazy\" \/><\/a><\/div>\n<\/div>\n<\/div>\n<\/div>\n<\/div>\n<div>\n<div class=\"brz-section__content brz-section--fullWidth brz-css-dzwhl brz-css-yuomn\" data-custom-id=\"gmkwbakzcyjvqnvwosdqiubllkqzalroqwkk\">\n<div class=\"brz-container brz-css-pbgtg brz-css-pxyhp\">\n<div class=\"brz-css-ncbqy brz-css-mpmdu brz-wrapper\">\n<div class=\"brz-image brz-image__lightbox brz-css-ojshn\"><a class=\"brz-a\" href=\"https:\/\/ffbozen.it\/de\/wp-content\/uploads\/2021\/01\/FFBozen_Fahrzeug3KO_04.jpg\" data-brz-link-type=\"lightBox\" id data-custom-id=\"jvdighsmqpmydzniwtujkwgbyovpiqcthwlp\"><img class=\"brz-img\" src=\"https:\/\/ffbozen.it\/de\/wp-content\/uploads\/brizy\/imgs\/FFBozen_Fahrzeug3KO_04-1920x1080x0x0x1920x1080x1610544049.jpg\" alt=\"\" loading=\"lazy\" \/><\/a><\/div>\n<\/div>\n<\/div>\n<\/div>\n<\/div>\n<p><title>tail<\/title>\n<\/div>\n<\/section>\n<section data-uid=\"smvtimedzngjwmxpunvyszlsqhkvofkgbnee\" id=\"smvtimedzngjwmxpunvyszlsqhkvofkgbnee\" class=\"brz-section brz-css-taxgs\">\n<div class=\"brz-section__content brz-section--fullWidth brz-css-dzwhl brz-css-qensw\" data-custom-id=\"apihmoxksljlhhngcjamrapprtawznuwkkex\">\n<div class=\"brz-bg\">\n<div class=\"brz-bg-color\"><\/div>\n<\/div>\n<div class=\"brz-container brz-css-pbgtg brz-css-pwuof\">\n<div class=\"brz-row__container brz-css-fmcsu\" data-custom-id=\"wmlivrlznecjbbnhmlopxfwelvjlkbxknpou\">\n<div class=\"brz-row brz-css-somuo brz-css-qbezk\">\n<div class=\"brz-columns brz-css-qidpl brz-css-iogpm\" data-custom-id=\"chmcvajqixxvlnelgmarwoszeqlomgywiehi\">\n<div class=\"brz-column__items brz-css-ppmpc brz-css-rgiew\">\n<div class=\"brz-css-ncbqy brz-css-urrol brz-wrapper\">\n<div class=\"brz-rich-text brz-css-fopxi\" data-custom-id=\"numoojbayqwpsncuwqpwaeetxhcwaqqockfu\">\n<div>\n<h2 class=\"brz-css-nrvhc\"><span>Kleintransportfahrzeug &#8211; Allrad<\/span><\/h2>\n<\/div>\n<\/div>\n<\/div>\n<\/div>\n<\/div>\n<\/div>\n<\/div>\n<div class=\"brz-row__container brz-css-fmcsu\" data-custom-id=\"jzfhhzagqherawkescksialkkercxtbckogf\">\n<div class=\"brz-row brz-css-somuo brz-css-qbezk\">\n<div class=\"brz-columns brz-css-qidpl brz-css-nlvtw\" data-custom-id=\"hmasmpjxoplfgpxcvfynxzaaqwbudvcmzfaf\">\n<div class=\"brz-column__items brz-css-ppmpc brz-css-wqoxw\">\n<div class=\"brz-css-ncbqy brz-css-mxzwu brz-wrapper\">\n<div class=\"brz-rich-text brz-css-fopxi\" data-custom-id=\"muqftsucmoobwtqturzrayschbwwfkjqewgm\">\n<div>\n<p class=\"brz-css-fsrmy\"><span class=\"brz-cp-color7\">Dieses Fahrzeug verf\u00fcgt \u00fcber eine Ladepritsche und dient zum Transport von Ger\u00e4ten und Einsatzmaterialien. Standardm\u00e4\u00dfig ist es mit dem abnehmbaren Aufsatz f\u00fcr Waldbr\u00e4nde beladen und dient daher als Prim\u00e4rfahrzeug bei Wald- und Buschbr\u00e4nden.<\/span><\/p>\n<\/div>\n<\/div>\n<\/div>\n<\/div>\n<\/div>\n<\/div>\n<\/div>\n<div class=\"brz-row__container brz-css-fmcsu\" data-custom-id=\"scuxysjgcppjfcqqrlsimjyrpswozrznywuq\">\n<div class=\"brz-row brz-css-somuo brz-css-qbezk\">\n<div class=\"brz-columns brz-css-qidpl brz-css-ronbo\" data-custom-id=\"iqnjnbdeqgkqcmclomnalhhzayryczjrgbam\">\n<div class=\"brz-column__items brz-css-ppmpc\">\n<div class=\"brz-css-ncbqy brz-css-fynzb brz-wrapper\">\n<div class=\"brz-icon-text brz-css-ccyfn\" data-custom-id=\"mwkcyjxhdgjbgugsedigwvjtgxzcfvifzbkz\">\n<div id class=\"brz-icon__container\" data-custom-id=\"cqglkpjuorfabgfrugtbymdbftdhdpmprewq\"><span class=\"brz-span brz-icon css-8lc2bu\"><\/span><\/div>\n<div class=\"brz-text-btn\">\n<div class=\"brz-rich-text brz-css-fopxi\" data-custom-id=\"fjzzucokqqcportoltexcmngdsfuquaigrej\">\n<div>\n<p class=\"brz-css-pcrpo\"><span class=\"brz-cp-color7\">Besatzung:<\/span><\/p>\n<p class=\"brz-css-acajl\"><span class=\"brz-cp-color7\">1 + 1 Mann<\/span><\/p>\n<\/div>\n<\/div>\n<\/div>\n<\/div>\n<\/div>\n<\/div>\n<\/div>\n<div class=\"brz-columns brz-css-qidpl brz-css-sncjz\" data-custom-id=\"mnodxcfetnpxxiuqmfrctbpylowyosmkbefs\">\n<div class=\"brz-column__items brz-css-ppmpc\">\n<div class=\"brz-css-ncbqy brz-css-torko brz-wrapper\">\n<div class=\"brz-icon-text brz-css-ccyfn\" data-custom-id=\"vptvrzevxrpughbqyyzaeslgbxsmgydooqeb\">\n<div id class=\"brz-icon__container\" data-custom-id=\"lhwztugzttkxivhdmnznxusiukhjsaqufolw\"><span class=\"brz-span brz-icon css-1q3m5hw\"><\/span><\/div>\n<div class=\"brz-text-btn\">\n<div class=\"brz-rich-text brz-css-fopxi\" data-custom-id=\"xcqbyzvkgfagnxyrmoeqlzgsmdfvglkfaphx\">\n<div>\n<p class=\"brz-css-cwnkx\"><strong class=\"brz-cp-color7\" style=\"background-color: initial\">Gewicht:<\/strong><\/p>\n<p class=\"brz-css-nxloe\"><strong class=\"brz-cp-color7\">2.820 kg<\/strong><\/p>\n<\/div>\n<\/div>\n<\/div>\n<\/div>\n<\/div>\n<\/div>\n<\/div>\n<div class=\"brz-columns brz-css-qidpl brz-css-gxxmi\" data-custom-id=\"xqrfikeghxnnqyxiewztrkixhakgqrslprho\">\n<div class=\"brz-column__items brz-css-ppmpc\">\n<div class=\"brz-css-ncbqy brz-css-hlmoy brz-wrapper\">\n<div class=\"brz-icon-text brz-css-ccyfn\" data-custom-id=\"tqktojylcsosyprpezootmeqdztxwxdzikom\">\n<div id class=\"brz-icon__container\" data-custom-id=\"sgbougjutrdntdhdiqvuosmlfwpqjzndxkxi\"><span class=\"brz-span brz-icon css-8lc2bu\"><\/span><\/div>\n<div class=\"brz-text-btn\">\n<div class=\"brz-rich-text brz-css-fopxi\" data-custom-id=\"txmttaahrysdyudgxpfhrsmssjkhhdqegflt\">\n<div>\n<p class=\"brz-css-gzrbg\"><span class=\"brz-cp-color7\">Leistung:<\/span><\/p>\n<p class=\"brz-css-rxnem\"><span class=\"brz-cp-color7\">113 PS<\/span><\/p>\n<\/div>\n<\/div>\n<\/div>\n<\/div>\n<\/div>\n<\/div>\n<\/div>\n<\/div>\n<\/div>\n<div class=\"brz-row__container brz-css-fmcsu\" data-custom-id=\"dqydcauruewgwkyenoyjntvyeqypsqtujzrm\">\n<div class=\"brz-row brz-css-somuo brz-css-qbezk\">\n<div class=\"brz-columns brz-css-qidpl brz-css-lgwcy\" data-custom-id=\"cdgarcdpnesgnqmydzbcpypdtfziebxcbxbh\">\n<div class=\"brz-column__items brz-css-ppmpc\">\n<div class=\"brz-css-ncbqy brz-css-wgsfl brz-wrapper\">\n<div class=\"brz-icon-text brz-css-ccyfn\" data-custom-id=\"tncdpxfguqrqmgnhurvfzjxdxohusbaljygv\">\n<div id class=\"brz-icon__container\" data-custom-id=\"ftrcbnxsfrbgirvbfcuhoztzkfqukfdmoear\"><span class=\"brz-span brz-icon css-8lc2bu\"><\/span><\/div>\n<div class=\"brz-text-btn\">\n<div class=\"brz-rich-text brz-css-fopxi\" data-custom-id=\"vnhplfhpqylzndbltyissuagskilazyobjwr\">\n<div>\n<p class=\"brz-css-tbnzh\"><span class=\"brz-cp-color7\">L\u00f6schwasser:<\/span><\/p>\n<p class=\"brz-css-umtqt\"><span class=\"brz-cp-color7\">300 Liter<\/span><\/p>\n<\/div>\n<\/div>\n<\/div>\n<\/div>\n<\/div>\n<\/div>\n<\/div>\n<div class=\"brz-columns brz-css-qidpl brz-css-bfkqz\" data-custom-id=\"obyxxvcppsaoxgfbnqtxzazndfmcvfqaxwya\">\n<div class=\"brz-column__items brz-css-ppmpc\">\n<div class=\"brz-css-ncbqy brz-css-uojhs brz-wrapper\">\n<div class=\"brz-icon-text brz-css-ccyfn\" data-custom-id=\"icrrycxwdxcexpgpbsjfnvdswlemotjxoezd\">\n<div id class=\"brz-icon__container\" data-custom-id=\"sumglprslhkhdfymnpuyksqrurerretmxotw\"><span class=\"brz-span brz-icon css-8lc2bu\"><\/span><\/div>\n<div class=\"brz-text-btn\">\n<div class=\"brz-rich-text brz-css-fopxi\" data-custom-id=\"extfzxlmbdkvaobmmftyvaikyzqwdiuvrpjt\">\n<div>\n<p class=\"brz-css-zqqkz\"><span class=\"brz-cp-color7\">Baujahr:<\/span><\/p>\n<p class=\"brz-css-vxtbn\"><span class=\"brz-cp-color7\">1994<\/span><\/p>\n<\/div>\n<\/div>\n<\/div>\n<\/div>\n<\/div>\n<\/div>\n<\/div>\n<div class=\"brz-columns brz-css-qidpl brz-css-srnlk\" data-custom-id=\"oinupviwtpcwkhyoznrfnvfeuxfekrnovjri\">\n<div class=\"brz-column__items brz-css-ppmpc\">\n<div class=\"brz-css-ncbqy brz-css-lfobk brz-wrapper\">\n<div class=\"brz-icon-text brz-css-ccyfn\" data-custom-id=\"axezyfesryfhtesueuqhvujmjcyewjcgfsvz\">\n<div id class=\"brz-icon__container\" data-custom-id=\"zrytxnjuxgghefecdeogvfcvgchrngaoreme\"><span class=\"brz-span brz-icon css-8lc2bu\"><\/span><\/div>\n<div class=\"brz-text-btn\">\n<div class=\"brz-rich-text brz-css-fopxi\" data-custom-id=\"wvayunmlyacjkfhtuvzwemgcddaksgcqbsii\">\n<div>\n<p class=\"brz-css-ygdqq\"><span class=\"brz-cp-color7\">Antriebsart:<\/span><\/p>\n<p class=\"brz-css-srkur\"><span class=\"brz-cp-color7\">4\u00d72 | 4\u00d74 | Reduziertes Getriebe | Differentialsperre<\/span><\/p>\n<\/div>\n<\/div>\n<\/div>\n<\/div>\n<\/div>\n<\/div>\n<\/div>\n<\/div>\n<\/div>\n<\/div>\n<\/div>\n<\/section>\n<section data-uid=\"dkrfwykwzdewxqqnldnwnmrhakkcliagrjpa\" id=\"dkrfwykwzdewxqqnldnwnmrhakkcliagrjpa\" class=\"brz-section brz-css-taxgs brz-css-kejvh\">\n<div class=\"brz-section__content brz-section--boxed brz-css-dzwhl brz-css-cjlur\" data-custom-id=\"mihnxinogwkzreugodxriftpigljrohvrzrm\">\n<div class=\"brz-container brz-css-pbgtg\">\n<div class=\"brz-css-ncbqy brz-css-wcbca brz-wrapper\">\n<div class=\"brz-rich-text brz-css-fopxi\" data-custom-id=\"stashgmuhzphievumeshksplzvkafsqpclfj\">\n<div>\n<p class=\"brz-css-boijh\"><strong>Ausstattung<\/strong><\/p>\n<\/div>\n<\/div>\n<\/div>\n<\/div>\n<\/div>\n<\/section>\n<section data-uid=\"loafbrkkukcsuzrrjskevobwkvubbzigxcig\" id=\"loafbrkkukcsuzrrjskevobwkvubbzigxcig\" class=\"brz-section brz-css-taxgs\">\n<div class=\"brz-section__content brz-section--boxed brz-css-dzwhl brz-css-xsigg\" data-custom-id=\"gepezcnhzqnwmkhednutvxiqiflzpipidcer\">\n<div class=\"brz-container brz-css-pbgtg\">\n<div class=\"brz-css-ncbqy brz-css-dvcku brz-wrapper\">\n<div class=\"brz-rich-text brz-css-fopxi\" data-custom-id=\"mdtlvwtgdjplrsvefowwxajcrgrbxqoepmrh\">\n<div>\n<ul>\n<li class=\"brz-css-ujzxe\"><span class=\"brz-cp-color7\">Kleinl\u00f6schger\u00e4te<\/span><\/li>\n<li class=\"brz-css-dqmao\"><span class=\"brz-cp-color7\">Absicherungsmaterial<\/span><\/li>\n<li class=\"brz-css-yvlri\"><span class=\"brz-cp-color7\">Verschiedene Handwerksger\u00e4te (Schaufel, Pickel, etc.)<\/span><\/li>\n<li class=\"brz-css-tpaxl\"><span class=\"brz-cp-color7\">Werkzeugtasche<\/span><\/li>\n<li class=\"brz-css-puvmg\"><span class=\"brz-cp-color7\">Mobile Waldbrandl\u00f6scheinheit mit 300l Wassertank, Hochdruckpumpe und zwei Hochdruckschlauchhaspeln<\/span><\/li>\n<\/ul>\n<\/div>\n<\/div>\n<\/div>\n<\/div>\n<\/div>\n<\/section>\n<\/div>\n<p><!-- version:1774524133 --><\/p>\n","protected":false},"excerpt":{"rendered":"<p>tail Kleintransportfahrzeug &#8211; Allrad Dieses Fahrzeug verf\u00fcgt \u00fcber eine Ladepritsche und dient zum Transport von Ger\u00e4ten und Einsatzmaterialien. Standardm\u00e4\u00dfig ist es mit dem abnehmbaren Aufsatz f\u00fcr Waldbr\u00e4nde beladen und dient daher als Prim\u00e4rfahrzeug bei Wald- und Buschbr\u00e4nden. Besatzung: 1 + 1 Mann Gewicht: 2.820 kg Leistung: 113 PS L\u00f6schwasser: 300 Liter Baujahr: 1994 Antriebsart: 4\u00d72&nbsp;&hellip;<\/p>\n","protected":false},"author":5,"featured_media":0,"parent":175,"menu_order":0,"comment_status":"closed","ping_status":"closed","template":"","meta":[],"yoast_head":"<!-- This site is optimized with the Yoast SEO plugin v20.4 - https:\/\/yoast.com\/wordpress\/plugins\/seo\/ -->\n<title>Kleintransportfahrzeug - Allrad - Freiwillige Feuerwehr Bozen EO<\/title>\n<meta name=\"robots\" content=\"index, follow, max-snippet:-1, max-image-preview:large, max-video-preview:-1\" \/>\n<link rel=\"canonical\" href=\"https:\/\/ffbozen.it\/de\/ausruestung\/fuhrpark\/kleintransportfahrzeug-allrad\/\" \/>\n<meta property=\"og:locale\" content=\"de_DE\" \/>\n<meta property=\"og:type\" content=\"article\" \/>\n<meta property=\"og:title\" content=\"Kleintransportfahrzeug - Allrad - Freiwillige Feuerwehr Bozen EO\" \/>\n<meta property=\"og:description\" content=\"tail Kleintransportfahrzeug &#8211; Allrad Dieses Fahrzeug verf\u00fcgt \u00fcber eine Ladepritsche und dient zum Transport von Ger\u00e4ten und Einsatzmaterialien. Standardm\u00e4\u00dfig ist es mit dem abnehmbaren Aufsatz f\u00fcr Waldbr\u00e4nde beladen und dient daher als Prim\u00e4rfahrzeug bei Wald- und Buschbr\u00e4nden. Besatzung: 1 + 1 Mann Gewicht: 2.820 kg Leistung: 113 PS L\u00f6schwasser: 300 Liter Baujahr: 1994 Antriebsart: 4\u00d72&nbsp;&hellip;\" \/>\n<meta property=\"og:url\" content=\"https:\/\/ffbozen.it\/de\/ausruestung\/fuhrpark\/kleintransportfahrzeug-allrad\/\" \/>\n<meta property=\"og:site_name\" content=\"Freiwillige Feuerwehr Bozen EO\" \/>\n<meta property=\"article:publisher\" content=\"https:\/\/www.facebook.com\/ff.bozen\" \/>\n<meta property=\"article:modified_time\" content=\"2026-03-26T11:22:13+00:00\" \/>\n<meta property=\"og:image\" content=\"https:\/\/ffbozen.it\/de\/wp-content\/uploads\/brizy\/imgs\/FFBozen_Fahrzeug3KO_03-1920x1080x0x0x1920x1080x1610544047.jpg\" \/>\n<meta name=\"twitter:card\" content=\"summary_large_image\" \/>\n<script type=\"application\/ld+json\" class=\"yoast-schema-graph\">{\"@context\":\"https:\/\/schema.org\",\"@graph\":[{\"@type\":\"WebPage\",\"@id\":\"https:\/\/ffbozen.it\/de\/ausruestung\/fuhrpark\/kleintransportfahrzeug-allrad\/\",\"url\":\"https:\/\/ffbozen.it\/de\/ausruestung\/fuhrpark\/kleintransportfahrzeug-allrad\/\",\"name\":\"Kleintransportfahrzeug - Allrad - Freiwillige Feuerwehr Bozen EO\",\"isPartOf\":{\"@id\":\"https:\/\/ffbozen.it\/de\/#website\"},\"datePublished\":\"2020-12-22T16:26:31+00:00\",\"dateModified\":\"2026-03-26T11:22:13+00:00\",\"breadcrumb\":{\"@id\":\"https:\/\/ffbozen.it\/de\/ausruestung\/fuhrpark\/kleintransportfahrzeug-allrad\/#breadcrumb\"},\"inLanguage\":\"de\",\"potentialAction\":[{\"@type\":\"ReadAction\",\"target\":[\"https:\/\/ffbozen.it\/de\/ausruestung\/fuhrpark\/kleintransportfahrzeug-allrad\/\"]}]},{\"@type\":\"BreadcrumbList\",\"@id\":\"https:\/\/ffbozen.it\/de\/ausruestung\/fuhrpark\/kleintransportfahrzeug-allrad\/#breadcrumb\",\"itemListElement\":[{\"@type\":\"ListItem\",\"position\":1,\"name\":\"Startseite\",\"item\":\"https:\/\/ffbozen.it\/de\/\"},{\"@type\":\"ListItem\",\"position\":2,\"name\":\"Ausr\u00fcstung\",\"item\":\"https:\/\/ffbozen.it\/de\/ausruestung\/\"},{\"@type\":\"ListItem\",\"position\":3,\"name\":\"Fuhrpark\",\"item\":\"https:\/\/ffbozen.it\/de\/ausruestung\/fuhrpark\/\"},{\"@type\":\"ListItem\",\"position\":4,\"name\":\"Kleintransportfahrzeug &#8211; Allrad\"}]},{\"@type\":\"WebSite\",\"@id\":\"https:\/\/ffbozen.it\/de\/#website\",\"url\":\"https:\/\/ffbozen.it\/de\/\",\"name\":\"Freiwillige Feuerwehr Bozen EO\",\"description\":\"\",\"publisher\":{\"@id\":\"https:\/\/ffbozen.it\/de\/#organization\"},\"potentialAction\":[{\"@type\":\"SearchAction\",\"target\":{\"@type\":\"EntryPoint\",\"urlTemplate\":\"https:\/\/ffbozen.it\/de\/?s={search_term_string}\"},\"query-input\":\"required name=search_term_string\"}],\"inLanguage\":\"de\"},{\"@type\":\"Organization\",\"@id\":\"https:\/\/ffbozen.it\/de\/#organization\",\"name\":\"Freiwillige Feuerwehr Bozen\",\"url\":\"https:\/\/ffbozen.it\/de\/\",\"logo\":{\"@type\":\"ImageObject\",\"inLanguage\":\"de\",\"@id\":\"https:\/\/ffbozen.it\/de\/#\/schema\/logo\/image\/\",\"url\":\"https:\/\/ffbozen.it\/de\/wp-content\/uploads\/2020\/11\/Logo-ohne-Text-scaled-e1606231422963.jpg\",\"contentUrl\":\"https:\/\/ffbozen.it\/de\/wp-content\/uploads\/2020\/11\/Logo-ohne-Text-scaled-e1606231422963.jpg\",\"width\":350,\"height\":140,\"caption\":\"Freiwillige Feuerwehr Bozen\"},\"image\":{\"@id\":\"https:\/\/ffbozen.it\/de\/#\/schema\/logo\/image\/\"},\"sameAs\":[\"https:\/\/www.facebook.com\/ff.bozen\",\"https:\/\/www.instagram.com\/ff.bozen\/\"]}]}<\/script>\n<!-- \/ Yoast SEO plugin. -->","yoast_head_json":{"title":"Kleintransportfahrzeug - Allrad - Freiwillige Feuerwehr Bozen EO","robots":{"index":"index","follow":"follow","max-snippet":"max-snippet:-1","max-image-preview":"max-image-preview:large","max-video-preview":"max-video-preview:-1"},"canonical":"https:\/\/ffbozen.it\/de\/ausruestung\/fuhrpark\/kleintransportfahrzeug-allrad\/","og_locale":"de_DE","og_type":"article","og_title":"Kleintransportfahrzeug - Allrad - Freiwillige Feuerwehr Bozen EO","og_description":"tail Kleintransportfahrzeug &#8211; Allrad Dieses Fahrzeug verf\u00fcgt \u00fcber eine Ladepritsche und dient zum Transport von Ger\u00e4ten und Einsatzmaterialien. Standardm\u00e4\u00dfig ist es mit dem abnehmbaren Aufsatz f\u00fcr Waldbr\u00e4nde beladen und dient daher als Prim\u00e4rfahrzeug bei Wald- und Buschbr\u00e4nden. Besatzung: 1 + 1 Mann Gewicht: 2.820 kg Leistung: 113 PS L\u00f6schwasser: 300 Liter Baujahr: 1994 Antriebsart: 4\u00d72&nbsp;&hellip;","og_url":"https:\/\/ffbozen.it\/de\/ausruestung\/fuhrpark\/kleintransportfahrzeug-allrad\/","og_site_name":"Freiwillige Feuerwehr Bozen EO","article_publisher":"https:\/\/www.facebook.com\/ff.bozen","article_modified_time":"2026-03-26T11:22:13+00:00","og_image":[{"url":"https:\/\/ffbozen.it\/de\/wp-content\/uploads\/brizy\/imgs\/FFBozen_Fahrzeug3KO_03-1920x1080x0x0x1920x1080x1610544047.jpg"}],"twitter_card":"summary_large_image","schema":{"@context":"https:\/\/schema.org","@graph":[{"@type":"WebPage","@id":"https:\/\/ffbozen.it\/de\/ausruestung\/fuhrpark\/kleintransportfahrzeug-allrad\/","url":"https:\/\/ffbozen.it\/de\/ausruestung\/fuhrpark\/kleintransportfahrzeug-allrad\/","name":"Kleintransportfahrzeug - Allrad - Freiwillige Feuerwehr Bozen EO","isPartOf":{"@id":"https:\/\/ffbozen.it\/de\/#website"},"datePublished":"2020-12-22T16:26:31+00:00","dateModified":"2026-03-26T11:22:13+00:00","breadcrumb":{"@id":"https:\/\/ffbozen.it\/de\/ausruestung\/fuhrpark\/kleintransportfahrzeug-allrad\/#breadcrumb"},"inLanguage":"de","potentialAction":[{"@type":"ReadAction","target":["https:\/\/ffbozen.it\/de\/ausruestung\/fuhrpark\/kleintransportfahrzeug-allrad\/"]}]},{"@type":"BreadcrumbList","@id":"https:\/\/ffbozen.it\/de\/ausruestung\/fuhrpark\/kleintransportfahrzeug-allrad\/#breadcrumb","itemListElement":[{"@type":"ListItem","position":1,"name":"Startseite","item":"https:\/\/ffbozen.it\/de\/"},{"@type":"ListItem","position":2,"name":"Ausr\u00fcstung","item":"https:\/\/ffbozen.it\/de\/ausruestung\/"},{"@type":"ListItem","position":3,"name":"Fuhrpark","item":"https:\/\/ffbozen.it\/de\/ausruestung\/fuhrpark\/"},{"@type":"ListItem","position":4,"name":"Kleintransportfahrzeug &#8211; Allrad"}]},{"@type":"WebSite","@id":"https:\/\/ffbozen.it\/de\/#website","url":"https:\/\/ffbozen.it\/de\/","name":"Freiwillige Feuerwehr Bozen EO","description":"","publisher":{"@id":"https:\/\/ffbozen.it\/de\/#organization"},"potentialAction":[{"@type":"SearchAction","target":{"@type":"EntryPoint","urlTemplate":"https:\/\/ffbozen.it\/de\/?s={search_term_string}"},"query-input":"required name=search_term_string"}],"inLanguage":"de"},{"@type":"Organization","@id":"https:\/\/ffbozen.it\/de\/#organization","name":"Freiwillige Feuerwehr Bozen","url":"https:\/\/ffbozen.it\/de\/","logo":{"@type":"ImageObject","inLanguage":"de","@id":"https:\/\/ffbozen.it\/de\/#\/schema\/logo\/image\/","url":"https:\/\/ffbozen.it\/de\/wp-content\/uploads\/2020\/11\/Logo-ohne-Text-scaled-e1606231422963.jpg","contentUrl":"https:\/\/ffbozen.it\/de\/wp-content\/uploads\/2020\/11\/Logo-ohne-Text-scaled-e1606231422963.jpg","width":350,"height":140,"caption":"Freiwillige Feuerwehr Bozen"},"image":{"@id":"https:\/\/ffbozen.it\/de\/#\/schema\/logo\/image\/"},"sameAs":["https:\/\/www.facebook.com\/ff.bozen","https:\/\/www.instagram.com\/ff.bozen\/"]}]}},"_links":{"self":[{"href":"https:\/\/ffbozen.it\/de\/wp-json\/wp\/v2\/pages\/16092"}],"collection":[{"href":"https:\/\/ffbozen.it\/de\/wp-json\/wp\/v2\/pages"}],"about":[{"href":"https:\/\/ffbozen.it\/de\/wp-json\/wp\/v2\/types\/page"}],"author":[{"embeddable":true,"href":"https:\/\/ffbozen.it\/de\/wp-json\/wp\/v2\/users\/5"}],"replies":[{"embeddable":true,"href":"https:\/\/ffbozen.it\/de\/wp-json\/wp\/v2\/comments?post=16092"}],"version-history":[{"count":0,"href":"https:\/\/ffbozen.it\/de\/wp-json\/wp\/v2\/pages\/16092\/revisions"}],"up":[{"embeddable":true,"href":"https:\/\/ffbozen.it\/de\/wp-json\/wp\/v2\/pages\/175"}],"wp:attachment":[{"href":"https:\/\/ffbozen.it\/de\/wp-json\/wp\/v2\/media?parent=16092"}],"curies":[{"name":"wp","href":"https:\/\/api.w.org\/{rel}","templated":true}]}}