{"id":16138,"date":"2020-12-22T17:34:37","date_gmt":"2020-12-22T16:34:37","guid":{"rendered":"https:\/\/ffbozen.it\/de\/?page_id=16138"},"modified":"2026-03-26T09:58:29","modified_gmt":"2026-03-26T08:58:29","slug":"tragkraftspritzenanhaenger","status":"publish","type":"page","link":"https:\/\/ffbozen.it\/de\/ausruestung\/fuhrpark\/tragkraftspritzenanhaenger\/","title":{"rendered":"Tragkraftspritzenanh\u00e4nger"},"content":{"rendered":"<div class=\"brz-root__container brz-reset-all\">\n<section data-uid=\"wdotymfnirgcpyhmqgnoxuegemhhjkxsbzrg\" id=\"wdotymfnirgcpyhmqgnoxuegemhhjkxsbzrg\" class=\"brz-section brz-css-garoy brz-css-onmos\">\n<div class=\"brz-slick-slider brz-slick-slider__section\" data-slides-to-show=\"1\" data-slides-to-scroll=\"1\" data-arrows=\"true\" data-dots=\"true\" data-dots-class=\"brz-slick-slider__dots brz-slick-slider__dots--circle\" data-fade=\"false\" data-vertical=\"false\" data-auto-play=\"true\" data-auto-play-speed=\"3000\" data-swipe=\"true\" data-responsive=\"%5B%7B%22breakpoint%22%3A767%2C%22settings%22%3A%7B%22slidesToShow%22%3A1%2C%22slidesToScroll%22%3A1%7D%7D%5D\">\n<div>\n<div class=\"brz-section__content brz-section--fullWidth brz-css-qzaey brz-css-taeuw\" data-custom-id=\"tbfrdicsfxexyhdihdmprtzhuuaskrxdcywh\">\n<div class=\"brz-container brz-css-eznpw brz-css-npcjc\">\n<div class=\"brz-css-rbhfx brz-css-ugqvd brz-wrapper\">\n<div class=\"brz-image brz-image__lightbox brz-css-woxfw\"><a class=\"brz-a\" href=\"https:\/\/ffbozen.it\/de\/wp-content\/uploads\/2021\/01\/FFBozen_FahrzeugA1_02.jpg\" data-brz-link-type=\"lightBox\" id data-custom-id=\"opiwmawmjvfuyqprfowwzxbujwpyppgwdysl\"><img class=\"brz-img\" src=\"https:\/\/ffbozen.it\/de\/wp-content\/uploads\/brizy\/imgs\/FFBozen_FahrzeugA1_02-1920x1080x0x0x1920x1080x1610546085.jpg\" alt=\"\" loading=\"lazy\" \/><\/a><\/div>\n<\/div>\n<\/div>\n<\/div>\n<\/div>\n<div>\n<div class=\"brz-section__content brz-section--fullWidth brz-css-qzaey brz-css-avarz\" data-custom-id=\"jdojyczoztbwcbdccpbmeyyyqrtpyqondjcs\">\n<div class=\"brz-container brz-css-eznpw brz-css-clcqq\">\n<div class=\"brz-css-rbhfx brz-css-hziwm brz-wrapper\">\n<div class=\"brz-image brz-image__lightbox brz-css-pxhne\"><a class=\"brz-a\" href=\"https:\/\/ffbozen.it\/de\/wp-content\/uploads\/2021\/01\/FFBozen_FahrzeugA1_01.jpg\" data-brz-link-type=\"lightBox\" id data-custom-id=\"mmolfiyrkhexdhdecoyguqttjjbiohmuunuo\"><img class=\"brz-img\" src=\"https:\/\/ffbozen.it\/de\/wp-content\/uploads\/brizy\/imgs\/FFBozen_FahrzeugA1_01-1920x1080x0x0x1920x1080x1610546084.jpg\" alt=\"\" loading=\"lazy\" \/><\/a><\/div>\n<\/div>\n<\/div>\n<\/div>\n<\/div>\n<p><title>tail<\/title>\n<\/div>\n<\/section>\n<section data-uid=\"smvtimedzngjwmxpunvyszlsqhkvofkgbnee\" id=\"smvtimedzngjwmxpunvyszlsqhkvofkgbnee\" class=\"brz-section brz-css-garoy\">\n<div class=\"brz-section__content brz-section--fullWidth brz-css-qzaey brz-css-toceh\" data-custom-id=\"apihmoxksljlhhngcjamrapprtawznuwkkex\">\n<div class=\"brz-bg\">\n<div class=\"brz-bg-color\"><\/div>\n<\/div>\n<div class=\"brz-container brz-css-eznpw brz-css-ukfar\">\n<div class=\"brz-row__container brz-css-nwgjj\" data-custom-id=\"wmlivrlznecjbbnhmlopxfwelvjlkbxknpou\">\n<div class=\"brz-row brz-css-tcbyb brz-css-olwvj\">\n<div class=\"brz-columns brz-css-cfvtw brz-css-lsicr\" data-custom-id=\"chmcvajqixxvlnelgmarwoszeqlomgywiehi\">\n<div class=\"brz-column__items brz-css-caekz brz-css-bjbwi\">\n<div class=\"brz-css-rbhfx brz-css-jvjtq brz-wrapper\">\n<div class=\"brz-rich-text brz-css-oiadi\" data-custom-id=\"numoojbayqwpsncuwqpwaeetxhcwaqqockfu\">\n<div>\n<h2 class=\"brz-css-xuusc\"><span>Tragkraftspritzenanh\u00e4nger<\/span><\/h2>\n<\/div>\n<\/div>\n<\/div>\n<\/div>\n<\/div>\n<\/div>\n<\/div>\n<div class=\"brz-row__container brz-css-nwgjj\" data-custom-id=\"jzfhhzagqherawkescksialkkercxtbckogf\">\n<div class=\"brz-row brz-css-tcbyb brz-css-olwvj\">\n<div class=\"brz-columns brz-css-cfvtw brz-css-bzsml\" data-custom-id=\"hmasmpjxoplfgpxcvfynxzaaqwbudvcmzfaf\">\n<div class=\"brz-column__items brz-css-caekz brz-css-onijv\">\n<div class=\"brz-css-rbhfx brz-css-fprbr brz-wrapper\">\n<div class=\"brz-rich-text brz-css-oiadi\" data-custom-id=\"muqftsucmoobwtqturzrayschbwwfkjqewgm\">\n<div>\n<p class=\"brz-css-ihkuu\"><span class=\"brz-cp-color7\">Dieser Anh\u00e4nger dient zum Transport der Tragkraftspritze TS 8\/16 und deren Zubeh\u00f6r.<\/span><\/p>\n<\/div>\n<\/div>\n<\/div>\n<\/div>\n<\/div>\n<\/div>\n<\/div>\n<div class=\"brz-row__container brz-css-nwgjj\" data-custom-id=\"dqydcauruewgwkyenoyjntvyeqypsqtujzrm\">\n<div class=\"brz-row brz-css-tcbyb brz-css-olwvj\">\n<div class=\"brz-columns brz-css-cfvtw brz-css-rzhlb\" data-custom-id=\"cdgarcdpnesgnqmydzbcpypdtfziebxcbxbh\">\n<div class=\"brz-column__items brz-css-caekz\">\n<div class=\"brz-css-rbhfx brz-css-jwast brz-wrapper\">\n<div class=\"brz-icon-text brz-css-itgdr\" data-custom-id=\"tncdpxfguqrqmgnhurvfzjxdxohusbaljygv\">\n<div id class=\"brz-icon__container\" data-custom-id=\"ftrcbnxsfrbgirvbfcuhoztzkfqukfdmoear\"><span class=\"brz-span brz-icon css-8lc2bu\"><\/span><\/div>\n<div class=\"brz-text-btn\">\n<div class=\"brz-rich-text brz-css-oiadi\" data-custom-id=\"vnhplfhpqylzndbltyissuagskilazyobjwr\">\n<div>\n<p class=\"brz-css-iiayc\"><span class=\"brz-cp-color7\">Baujahr:<\/span><\/p>\n<p class=\"brz-css-hwnli\"><span class=\"brz-cp-color7\">2014<\/span><\/p>\n<\/div>\n<\/div>\n<\/div>\n<\/div>\n<\/div>\n<\/div>\n<\/div>\n<\/div>\n<\/div>\n<\/div>\n<\/div>\n<\/section>\n<section data-uid=\"nhhgzlmcpdmheeuzbnjkcruvfqwgahxwxddm\" id=\"nhhgzlmcpdmheeuzbnjkcruvfqwgahxwxddm\" class=\"brz-section brz-css-garoy brz-css-lfoon\">\n<div class=\"brz-section__content brz-section--boxed brz-css-qzaey brz-css-cdmga\" data-custom-id=\"ojhwasrcywvxxpompuqiogbhhrtzjqrtxzor\">\n<div class=\"brz-container brz-css-eznpw\">\n<div class=\"brz-css-rbhfx brz-css-hzhtx brz-wrapper\">\n<div class=\"brz-rich-text brz-css-oiadi\" data-custom-id=\"fnzxtwyserxkhlagbqtjqgwpfcgaefmvuthv\">\n<div>\n<p class=\"brz-css-ggfro\"><strong>Ausstattung<\/strong><\/p>\n<\/div>\n<\/div>\n<\/div>\n<\/div>\n<\/div>\n<\/section>\n<section data-uid=\"loafbrkkukcsuzrrjskevobwkvubbzigxcig\" id=\"loafbrkkukcsuzrrjskevobwkvubbzigxcig\" class=\"brz-section brz-css-garoy\">\n<div class=\"brz-section__content brz-section--boxed brz-css-qzaey brz-css-bezqw\" data-custom-id=\"gepezcnhzqnwmkhednutvxiqiflzpipidcer\">\n<div class=\"brz-container brz-css-eznpw\">\n<div class=\"brz-css-rbhfx brz-css-wdjlc brz-wrapper\">\n<div class=\"brz-rich-text brz-css-oiadi\" data-custom-id=\"mdtlvwtgdjplrsvefowwxajcrgrbxqoepmrh\">\n<div>\n<ul>\n<li class=\"brz-css-cfbqw\">Tragkraftspritze TS 8\/16 (F\u00f6rdermenge 800 l\/min bei 16 bar Druck)<\/li>\n<li class=\"brz-css-fekuk\">A-Saugschl\u00e4uche<\/li>\n<li class=\"brz-css-nqmtu\">Zubeh\u00f6r f\u00fcr Tragkraftspritze<\/li>\n<li class=\"brz-css-uzsmv\">Verschiedene wasserf\u00fchrende Armaturen<span class=\"brz-cp-color7\"> <\/span><\/li>\n<\/ul>\n<\/div>\n<\/div>\n<\/div>\n<\/div>\n<\/div>\n<\/section>\n<\/div>\n<p><!-- version:1774515508 --><\/p>\n","protected":false},"excerpt":{"rendered":"<p>tail Tragkraftspritzenanh\u00e4nger Dieser Anh\u00e4nger dient zum Transport der Tragkraftspritze TS 8\/16 und deren Zubeh\u00f6r. Baujahr: 2014 Ausstattung Tragkraftspritze TS 8\/16 (F\u00f6rdermenge 800 l\/min bei 16 bar Druck) A-Saugschl\u00e4uche Zubeh\u00f6r f\u00fcr Tragkraftspritze Verschiedene wasserf\u00fchrende Armaturen<\/p>\n","protected":false},"author":5,"featured_media":0,"parent":175,"menu_order":0,"comment_status":"closed","ping_status":"closed","template":"","meta":[],"yoast_head":"<!-- This site is optimized with the Yoast SEO plugin v20.4 - https:\/\/yoast.com\/wordpress\/plugins\/seo\/ -->\n<title>Tragkraftspritzenanh\u00e4nger - Freiwillige Feuerwehr Bozen EO<\/title>\n<meta name=\"robots\" content=\"index, follow, max-snippet:-1, max-image-preview:large, max-video-preview:-1\" \/>\n<link rel=\"canonical\" href=\"https:\/\/ffbozen.it\/de\/ausruestung\/fuhrpark\/tragkraftspritzenanhaenger\/\" \/>\n<meta property=\"og:locale\" content=\"de_DE\" \/>\n<meta property=\"og:type\" content=\"article\" \/>\n<meta property=\"og:title\" content=\"Tragkraftspritzenanh\u00e4nger - Freiwillige Feuerwehr Bozen EO\" \/>\n<meta property=\"og:description\" content=\"tail Tragkraftspritzenanh\u00e4nger Dieser Anh\u00e4nger dient zum Transport der Tragkraftspritze TS 8\/16 und deren Zubeh\u00f6r. Baujahr: 2014 Ausstattung Tragkraftspritze TS 8\/16 (F\u00f6rdermenge 800 l\/min bei 16 bar Druck) A-Saugschl\u00e4uche Zubeh\u00f6r f\u00fcr Tragkraftspritze Verschiedene wasserf\u00fchrende Armaturen\" \/>\n<meta property=\"og:url\" content=\"https:\/\/ffbozen.it\/de\/ausruestung\/fuhrpark\/tragkraftspritzenanhaenger\/\" \/>\n<meta property=\"og:site_name\" content=\"Freiwillige Feuerwehr Bozen EO\" \/>\n<meta property=\"article:publisher\" content=\"https:\/\/www.facebook.com\/ff.bozen\" \/>\n<meta property=\"article:modified_time\" content=\"2026-03-26T08:58:29+00:00\" \/>\n<meta property=\"og:image\" content=\"https:\/\/ffbozen.it\/de\/wp-content\/uploads\/brizy\/imgs\/FFBozen_FahrzeugA1_02-1920x1080x0x0x1920x1080x1610546085.jpg\" \/>\n<meta name=\"twitter:card\" content=\"summary_large_image\" \/>\n<script type=\"application\/ld+json\" class=\"yoast-schema-graph\">{\"@context\":\"https:\/\/schema.org\",\"@graph\":[{\"@type\":\"WebPage\",\"@id\":\"https:\/\/ffbozen.it\/de\/ausruestung\/fuhrpark\/tragkraftspritzenanhaenger\/\",\"url\":\"https:\/\/ffbozen.it\/de\/ausruestung\/fuhrpark\/tragkraftspritzenanhaenger\/\",\"name\":\"Tragkraftspritzenanh\u00e4nger - Freiwillige Feuerwehr Bozen EO\",\"isPartOf\":{\"@id\":\"https:\/\/ffbozen.it\/de\/#website\"},\"datePublished\":\"2020-12-22T16:34:37+00:00\",\"dateModified\":\"2026-03-26T08:58:29+00:00\",\"breadcrumb\":{\"@id\":\"https:\/\/ffbozen.it\/de\/ausruestung\/fuhrpark\/tragkraftspritzenanhaenger\/#breadcrumb\"},\"inLanguage\":\"de\",\"potentialAction\":[{\"@type\":\"ReadAction\",\"target\":[\"https:\/\/ffbozen.it\/de\/ausruestung\/fuhrpark\/tragkraftspritzenanhaenger\/\"]}]},{\"@type\":\"BreadcrumbList\",\"@id\":\"https:\/\/ffbozen.it\/de\/ausruestung\/fuhrpark\/tragkraftspritzenanhaenger\/#breadcrumb\",\"itemListElement\":[{\"@type\":\"ListItem\",\"position\":1,\"name\":\"Startseite\",\"item\":\"https:\/\/ffbozen.it\/de\/\"},{\"@type\":\"ListItem\",\"position\":2,\"name\":\"Ausr\u00fcstung\",\"item\":\"https:\/\/ffbozen.it\/de\/ausruestung\/\"},{\"@type\":\"ListItem\",\"position\":3,\"name\":\"Fuhrpark\",\"item\":\"https:\/\/ffbozen.it\/de\/ausruestung\/fuhrpark\/\"},{\"@type\":\"ListItem\",\"position\":4,\"name\":\"Tragkraftspritzenanh\u00e4nger\"}]},{\"@type\":\"WebSite\",\"@id\":\"https:\/\/ffbozen.it\/de\/#website\",\"url\":\"https:\/\/ffbozen.it\/de\/\",\"name\":\"Freiwillige Feuerwehr Bozen EO\",\"description\":\"\",\"publisher\":{\"@id\":\"https:\/\/ffbozen.it\/de\/#organization\"},\"potentialAction\":[{\"@type\":\"SearchAction\",\"target\":{\"@type\":\"EntryPoint\",\"urlTemplate\":\"https:\/\/ffbozen.it\/de\/?s={search_term_string}\"},\"query-input\":\"required name=search_term_string\"}],\"inLanguage\":\"de\"},{\"@type\":\"Organization\",\"@id\":\"https:\/\/ffbozen.it\/de\/#organization\",\"name\":\"Freiwillige Feuerwehr Bozen\",\"url\":\"https:\/\/ffbozen.it\/de\/\",\"logo\":{\"@type\":\"ImageObject\",\"inLanguage\":\"de\",\"@id\":\"https:\/\/ffbozen.it\/de\/#\/schema\/logo\/image\/\",\"url\":\"https:\/\/ffbozen.it\/de\/wp-content\/uploads\/2020\/11\/Logo-ohne-Text-scaled-e1606231422963.jpg\",\"contentUrl\":\"https:\/\/ffbozen.it\/de\/wp-content\/uploads\/2020\/11\/Logo-ohne-Text-scaled-e1606231422963.jpg\",\"width\":350,\"height\":140,\"caption\":\"Freiwillige Feuerwehr Bozen\"},\"image\":{\"@id\":\"https:\/\/ffbozen.it\/de\/#\/schema\/logo\/image\/\"},\"sameAs\":[\"https:\/\/www.facebook.com\/ff.bozen\",\"https:\/\/www.instagram.com\/ff.bozen\/\"]}]}<\/script>\n<!-- \/ Yoast SEO plugin. -->","yoast_head_json":{"title":"Tragkraftspritzenanh\u00e4nger - Freiwillige Feuerwehr Bozen EO","robots":{"index":"index","follow":"follow","max-snippet":"max-snippet:-1","max-image-preview":"max-image-preview:large","max-video-preview":"max-video-preview:-1"},"canonical":"https:\/\/ffbozen.it\/de\/ausruestung\/fuhrpark\/tragkraftspritzenanhaenger\/","og_locale":"de_DE","og_type":"article","og_title":"Tragkraftspritzenanh\u00e4nger - Freiwillige Feuerwehr Bozen EO","og_description":"tail Tragkraftspritzenanh\u00e4nger Dieser Anh\u00e4nger dient zum Transport der Tragkraftspritze TS 8\/16 und deren Zubeh\u00f6r. Baujahr: 2014 Ausstattung Tragkraftspritze TS 8\/16 (F\u00f6rdermenge 800 l\/min bei 16 bar Druck) A-Saugschl\u00e4uche Zubeh\u00f6r f\u00fcr Tragkraftspritze Verschiedene wasserf\u00fchrende Armaturen","og_url":"https:\/\/ffbozen.it\/de\/ausruestung\/fuhrpark\/tragkraftspritzenanhaenger\/","og_site_name":"Freiwillige Feuerwehr Bozen EO","article_publisher":"https:\/\/www.facebook.com\/ff.bozen","article_modified_time":"2026-03-26T08:58:29+00:00","og_image":[{"url":"https:\/\/ffbozen.it\/de\/wp-content\/uploads\/brizy\/imgs\/FFBozen_FahrzeugA1_02-1920x1080x0x0x1920x1080x1610546085.jpg"}],"twitter_card":"summary_large_image","schema":{"@context":"https:\/\/schema.org","@graph":[{"@type":"WebPage","@id":"https:\/\/ffbozen.it\/de\/ausruestung\/fuhrpark\/tragkraftspritzenanhaenger\/","url":"https:\/\/ffbozen.it\/de\/ausruestung\/fuhrpark\/tragkraftspritzenanhaenger\/","name":"Tragkraftspritzenanh\u00e4nger - Freiwillige Feuerwehr Bozen EO","isPartOf":{"@id":"https:\/\/ffbozen.it\/de\/#website"},"datePublished":"2020-12-22T16:34:37+00:00","dateModified":"2026-03-26T08:58:29+00:00","breadcrumb":{"@id":"https:\/\/ffbozen.it\/de\/ausruestung\/fuhrpark\/tragkraftspritzenanhaenger\/#breadcrumb"},"inLanguage":"de","potentialAction":[{"@type":"ReadAction","target":["https:\/\/ffbozen.it\/de\/ausruestung\/fuhrpark\/tragkraftspritzenanhaenger\/"]}]},{"@type":"BreadcrumbList","@id":"https:\/\/ffbozen.it\/de\/ausruestung\/fuhrpark\/tragkraftspritzenanhaenger\/#breadcrumb","itemListElement":[{"@type":"ListItem","position":1,"name":"Startseite","item":"https:\/\/ffbozen.it\/de\/"},{"@type":"ListItem","position":2,"name":"Ausr\u00fcstung","item":"https:\/\/ffbozen.it\/de\/ausruestung\/"},{"@type":"ListItem","position":3,"name":"Fuhrpark","item":"https:\/\/ffbozen.it\/de\/ausruestung\/fuhrpark\/"},{"@type":"ListItem","position":4,"name":"Tragkraftspritzenanh\u00e4nger"}]},{"@type":"WebSite","@id":"https:\/\/ffbozen.it\/de\/#website","url":"https:\/\/ffbozen.it\/de\/","name":"Freiwillige Feuerwehr Bozen EO","description":"","publisher":{"@id":"https:\/\/ffbozen.it\/de\/#organization"},"potentialAction":[{"@type":"SearchAction","target":{"@type":"EntryPoint","urlTemplate":"https:\/\/ffbozen.it\/de\/?s={search_term_string}"},"query-input":"required name=search_term_string"}],"inLanguage":"de"},{"@type":"Organization","@id":"https:\/\/ffbozen.it\/de\/#organization","name":"Freiwillige Feuerwehr Bozen","url":"https:\/\/ffbozen.it\/de\/","logo":{"@type":"ImageObject","inLanguage":"de","@id":"https:\/\/ffbozen.it\/de\/#\/schema\/logo\/image\/","url":"https:\/\/ffbozen.it\/de\/wp-content\/uploads\/2020\/11\/Logo-ohne-Text-scaled-e1606231422963.jpg","contentUrl":"https:\/\/ffbozen.it\/de\/wp-content\/uploads\/2020\/11\/Logo-ohne-Text-scaled-e1606231422963.jpg","width":350,"height":140,"caption":"Freiwillige Feuerwehr Bozen"},"image":{"@id":"https:\/\/ffbozen.it\/de\/#\/schema\/logo\/image\/"},"sameAs":["https:\/\/www.facebook.com\/ff.bozen","https:\/\/www.instagram.com\/ff.bozen\/"]}]}},"_links":{"self":[{"href":"https:\/\/ffbozen.it\/de\/wp-json\/wp\/v2\/pages\/16138"}],"collection":[{"href":"https:\/\/ffbozen.it\/de\/wp-json\/wp\/v2\/pages"}],"about":[{"href":"https:\/\/ffbozen.it\/de\/wp-json\/wp\/v2\/types\/page"}],"author":[{"embeddable":true,"href":"https:\/\/ffbozen.it\/de\/wp-json\/wp\/v2\/users\/5"}],"replies":[{"embeddable":true,"href":"https:\/\/ffbozen.it\/de\/wp-json\/wp\/v2\/comments?post=16138"}],"version-history":[{"count":0,"href":"https:\/\/ffbozen.it\/de\/wp-json\/wp\/v2\/pages\/16138\/revisions"}],"up":[{"embeddable":true,"href":"https:\/\/ffbozen.it\/de\/wp-json\/wp\/v2\/pages\/175"}],"wp:attachment":[{"href":"https:\/\/ffbozen.it\/de\/wp-json\/wp\/v2\/media?parent=16138"}],"curies":[{"name":"wp","href":"https:\/\/api.w.org\/{rel}","templated":true}]}}