{"id":17280,"date":"2020-12-26T19:58:06","date_gmt":"2020-12-26T18:58:06","guid":{"rendered":"https:\/\/ffbozen.it\/de\/?page_id=17280"},"modified":"2026-03-25T23:19:55","modified_gmt":"2026-03-25T22:19:55","slug":"geraetehaus","status":"publish","type":"page","link":"https:\/\/ffbozen.it\/de\/ausruestung\/geraetehaus\/","title":{"rendered":"Ger\u00e4tehaus"},"content":{"rendered":"<div class=\"brz-root__container brz-reset-all\">\n<section data-uid=\"ukfsismxscbudwzedgsdwuoumhakyqbbcszy\" id=\"ukfsismxscbudwzedgsdwuoumhakyqbbcszy\" class=\"brz-section brz-css-opdno\">\n<div class=\"brz-section__content brz-section--boxed brz-css-egyzq brz-css-sffqd\" data-custom-id=\"bbcscecojujulmbccvkwaimebvhvupqethei\">\n<div class=\"brz-container brz-css-utbnn\">\n<div class=\"brz-css-cwlib brz-css-birih brz-wrapper\">\n<div class=\"brz-rich-text brz-css-dpkkj\" data-custom-id=\"xvndzitzgghkhbhvwusxdaprscsydvxtoyqs\">\n<div>\n<p class=\"brz-css-drhcz\"><strong>Unser Ger\u00e4tehaus<\/strong><\/p>\n<\/div>\n<\/div>\n<\/div>\n<\/div>\n<\/div>\n<\/section>\n<section data-uid=\"fhbkiigbxtvyadsylzgoidijkzyzufjrgfui\" id=\"fhbkiigbxtvyadsylzgoidijkzyzufjrgfui\" class=\"brz-section brz-css-opdno\">\n<div class=\"brz-section__content brz-section--boxed brz-css-egyzq brz-css-mhjmf\" data-custom-id=\"unghlaljnfmwuqszxqzalveiwbnaoionicgm\">\n<div class=\"brz-container brz-css-utbnn\">\n<div class=\"brz-css-cwlib brz-wrapper\">\n<div class=\"brz-rich-text brz-css-dpkkj\" data-custom-id=\"hgvuugsfukywzorvmjbbicgdiotjnczrjqbn\">\n<div>\n<p class=\"brz-css-exqks\"><span class=\"brz-cp-color7\">Das Ger\u00e4tehaus befindet sich im Erdgeschoss des Parkhauses &#8222;Bozen Mitte&#8220; in Zentrumsn\u00e4he. Es wurde im Jahr 1999 bezogen und bietet im Erdgeschoss gen\u00fcgend Platz f\u00fcr zehn Einsatzfahrzeuge, Einsatzzentrale, Einsatzmagazin, Atemschutzwerkstatt, Werkstatt, Umkleider\u00e4ume, sowie Abstellfl\u00e4chen f\u00fcr Ger\u00e4te und Wechselcontainer. Ebenso befindet sich im Erdgeschoss eine automatische Schlauchwaschanlage und ein Schlauchturm mit Trockenanlage und Kletterwand. Im Obergeschoss bietet das Geb\u00e4ude Platz f\u00fcr B\u00fcro, Schulungsraum, Magazin, Aufenthaltsraum, K\u00fcche und einen Schlafraum mit 18 Betten. Im Keller ist ein fest installierter Notstromgenerator untergebracht, welcher bei St\u00f6rf\u00e4llen das gesamte Ger\u00e4tehaus mit elektrischer Energie versorgt.<\/span><\/p>\n<\/div>\n<\/div>\n<\/div>\n<\/div>\n<\/div>\n<\/section>\n<section data-uid=\"bqpxnxczmwmgusujaieycfloorzseavicaiw\" id=\"bqpxnxczmwmgusujaieycfloorzseavicaiw\" class=\"brz-section brz-css-opdno\">\n<div class=\"brz-section__content brz-section--fullWidth brz-css-egyzq brz-css-wcjxq\" data-custom-id=\"jdjoinzfwhghmffypocibiwkppwhcrilivhq\">\n<div class=\"brz-bg\">\n<div class=\"brz-bg-color\"><\/div>\n<\/div>\n<div class=\"brz-container brz-css-utbnn brz-css-wkqab\">\n<div class=\"brz-row__container brz-css-rewsw\" data-custom-id=\"aswxjmfpijwtzfeiivyjzazedndqzfopqepo\">\n<div class=\"brz-row brz-css-fyfsm brz-css-uispu\">\n<div class=\"brz-columns brz-css-gateg brz-css-pltcm\" data-custom-id=\"oinqyminnuzuiukidhtqoiftjrutjnewfgba\">\n<div class=\"brz-column__items brz-css-yeklg brz-css-uiwol\">\n<div class=\"brz-css-cwlib brz-wrapper\">\n<div class=\"brz-rich-text brz-css-dpkkj\" data-custom-id=\"pqobwxznrnpeizdimrotfgnnwxudpkbwzodc\">\n<div>\n<p class=\"brz-css-nylhp\"><strong>Fahrzeughalle<\/strong><\/p>\n<\/div>\n<\/div>\n<\/div>\n<div class=\"brz-css-cwlib brz-wrapper\">\n<div class=\"brz-embed-code brz-css-ujkpp\" data-custom-id=\"aoykummbapcinhnlwkgcwtlavzfeapkgqmtg\">\n<div class=\"brz-embed-content\">\n<div class><\/div>\n<\/div>\n<\/div>\n<\/div>\n<\/div>\n<\/div>\n<div class=\"brz-columns brz-css-gateg brz-css-zjbkt\" data-custom-id=\"exiyfwwoypngllvkbdcgrgpzmuhwangkspqa\">\n<div class=\"brz-column__items brz-css-yeklg brz-css-xjtqa\">\n<div class=\"brz-css-cwlib brz-wrapper\">\n<div class=\"brz-rich-text brz-css-dpkkj\" data-custom-id=\"glhaxovlsqhzwqxkridyovrchwvcfrycugge\">\n<div>\n<p class=\"brz-css-oeqon\"><strong>Fahrzeughalle<\/strong><\/p>\n<\/div>\n<\/div>\n<\/div>\n<div class=\"brz-css-cwlib brz-wrapper\">\n<div class=\"brz-embed-code brz-css-ujkpp\" data-custom-id=\"fjbkmwamwmhmwzmjqharvbppmcczczcvpoof\">\n<div class=\"brz-embed-content\">\n<div class><\/div>\n<\/div>\n<\/div>\n<\/div>\n<\/div>\n<\/div>\n<\/div>\n<\/div>\n<\/div>\n<\/div>\n<\/section>\n<section data-uid=\"heebhjouzztivedvddpuadscxzkbptecwthe\" id=\"heebhjouzztivedvddpuadscxzkbptecwthe\" class=\"brz-section brz-css-opdno\">\n<div class=\"brz-section__content brz-section--fullWidth brz-css-egyzq brz-css-hawyd\" data-custom-id=\"rxpuhshwfroqetcwwmxmqngsfikqajimeqpt\">\n<div class=\"brz-bg\">\n<div class=\"brz-bg-color\"><\/div>\n<\/div>\n<div class=\"brz-container brz-css-utbnn brz-css-avuqu\">\n<div class=\"brz-row__container brz-css-rewsw\" data-custom-id=\"rhhrsxuplpqtrdubzqqtfdcmwyufgldwhksq\">\n<div class=\"brz-row brz-css-fyfsm brz-css-uispu\">\n<div class=\"brz-columns brz-css-gateg brz-css-sssgf\" data-custom-id=\"mpkyvxhwdqerwccdjiugrlldxhyzwlvabijw\">\n<div class=\"brz-column__items brz-css-yeklg brz-css-biggm\">\n<div class=\"brz-css-cwlib brz-wrapper\">\n<div class=\"brz-rich-text brz-css-dpkkj\" data-custom-id=\"ybfrilhqjiyrzyhfktzdjglyvnitrlxvoonl\">\n<div>\n<p class=\"brz-css-ezqkx\"><strong>Fahrzeughalle <\/strong><\/p>\n<\/div>\n<\/div>\n<\/div>\n<div class=\"brz-css-cwlib brz-wrapper\">\n<div class=\"brz-embed-code brz-css-ujkpp\" data-custom-id=\"wtxqynbkouoxoxkqobixwcredfknlexbzxig\">\n<div class=\"brz-embed-content\">\n<div class><\/div>\n<\/div>\n<\/div>\n<\/div>\n<\/div>\n<\/div>\n<div class=\"brz-columns brz-css-gateg brz-css-owsrq\" data-custom-id=\"ksaegwkfrsixuzdbrxchucpyzuwwfvmwpsqn\">\n<div class=\"brz-column__items brz-css-yeklg brz-css-puued\">\n<div class=\"brz-css-cwlib brz-wrapper\">\n<div class=\"brz-rich-text brz-css-dpkkj\" data-custom-id=\"iugxhwutmbkvbcgybgizqfomypxwvkznxxiy\">\n<div>\n<p class=\"brz-css-mhkly\"><strong>Fahrzeughalle<\/strong><\/p>\n<\/div>\n<\/div>\n<\/div>\n<div class=\"brz-css-cwlib brz-wrapper\">\n<div class=\"brz-embed-code brz-css-ujkpp\" data-custom-id=\"hjzugcqxzpqpmicrteycggzcitcynrfbcjzz\">\n<div class=\"brz-embed-content\">\n<div class><\/div>\n<\/div>\n<\/div>\n<\/div>\n<\/div>\n<\/div>\n<\/div>\n<\/div>\n<\/div>\n<\/div>\n<\/section>\n<section data-uid=\"cvufswinfyqdnzodxoeqvoxknhpootjdnkpf\" id=\"cvufswinfyqdnzodxoeqvoxknhpootjdnkpf\" class=\"brz-section brz-css-opdno\">\n<div class=\"brz-section__content brz-section--fullWidth brz-css-egyzq brz-css-imrmh\" data-custom-id=\"pnqfcgxqeeegempbesruetmjigfejydqdqwk\">\n<div class=\"brz-bg\">\n<div class=\"brz-bg-color\"><\/div>\n<\/div>\n<div class=\"brz-container brz-css-utbnn brz-css-efdrs\">\n<div class=\"brz-row__container brz-css-rewsw\" data-custom-id=\"myhrqbmchsiiwmuzxljjqqcicxylbcisbrra\">\n<div class=\"brz-row brz-css-fyfsm brz-css-uispu\">\n<div class=\"brz-columns brz-css-gateg brz-css-jteda\" data-custom-id=\"vroaxhjhtwgcqyshvvbfcinsjqsqydyicgxv\">\n<div class=\"brz-column__items brz-css-yeklg brz-css-tidhq\">\n<div class=\"brz-css-cwlib brz-wrapper\">\n<div class=\"brz-rich-text brz-css-dpkkj\" data-custom-id=\"lbuaxekumpwgmgofxqkxvucebdpievroddjm\">\n<div>\n<p class=\"brz-css-ptfrd\"><strong>Schlauchturm<\/strong><\/p>\n<\/div>\n<\/div>\n<\/div>\n<div class=\"brz-css-cwlib brz-wrapper\">\n<div class=\"brz-embed-code brz-css-ujkpp\" data-custom-id=\"msqptjvvozpoyvnwrlobsrqmjkmeciqhxujq\">\n<div class=\"brz-embed-content\">\n<div class><\/div>\n<\/div>\n<\/div>\n<\/div>\n<\/div>\n<\/div>\n<div class=\"brz-columns brz-css-gateg brz-css-gqguu\" data-custom-id=\"cavpltrxmqfjcizfeqdigabkdjisukhxhuqd\">\n<div class=\"brz-column__items brz-css-yeklg brz-css-jnqnu\">\n<div class=\"brz-css-cwlib brz-wrapper\">\n<div class=\"brz-rich-text brz-css-dpkkj\" data-custom-id=\"fbssxdqjhlbevdpceygvjnlxlzyrndcnpelq\">\n<div>\n<p class=\"brz-css-ujflf\"><strong>Zentrale<\/strong><\/p>\n<\/div>\n<\/div>\n<\/div>\n<div class=\"brz-css-cwlib brz-wrapper\">\n<div class=\"brz-embed-code brz-css-ujkpp\" data-custom-id=\"uyhjubvoyzdttezvehrqbnfidytdbcsleyka\">\n<div class=\"brz-embed-content\">\n<div class><\/div>\n<\/div>\n<\/div>\n<\/div>\n<\/div>\n<\/div>\n<\/div>\n<\/div>\n<\/div>\n<\/div>\n<\/section>\n<section data-uid=\"ngwlkyevrnvupfmuivejalzgigpksjhzcoym\" id=\"ngwlkyevrnvupfmuivejalzgigpksjhzcoym\" class=\"brz-section brz-css-opdno\">\n<div class=\"brz-section__content brz-section--fullWidth brz-css-egyzq brz-css-apaus\" data-custom-id=\"caoetfbbmebrdcwhshgxmhximovqgnyzbkss\">\n<div class=\"brz-bg\">\n<div class=\"brz-bg-color\"><\/div>\n<\/div>\n<div class=\"brz-container brz-css-utbnn brz-css-gstfg\">\n<div class=\"brz-row__container brz-css-rewsw\" data-custom-id=\"zmpinuofseddujblymgqnluuvfkhkfzghhzu\">\n<div class=\"brz-row brz-css-fyfsm brz-css-uispu\">\n<div class=\"brz-columns brz-css-gateg brz-css-wdius\" data-custom-id=\"ujknefrojdqjvwdahjcbxqnjxulhzbircuep\">\n<div class=\"brz-column__items brz-css-yeklg brz-css-bulxf\">\n<div class=\"brz-css-cwlib brz-wrapper\">\n<div class=\"brz-rich-text brz-css-dpkkj\" data-custom-id=\"bibasvkmyrqnzljbzrqyfatzsrqrncjpnhto\">\n<div>\n<p class=\"brz-css-kubvf\"><strong>Umkleideraum<\/strong><\/p>\n<\/div>\n<\/div>\n<\/div>\n<div class=\"brz-css-cwlib brz-wrapper\">\n<div class=\"brz-embed-code brz-css-ujkpp\" data-custom-id=\"svislcssopmpyrxwswrzzblfnbdjaawkagjx\">\n<div class=\"brz-embed-content\">\n<div class><\/div>\n<\/div>\n<\/div>\n<\/div>\n<\/div>\n<\/div>\n<div class=\"brz-columns brz-css-gateg brz-css-hfotk\" data-custom-id=\"vfdoyiyblurtnabqonzfsobhjelrtrnncjey\">\n<div class=\"brz-column__items brz-css-yeklg brz-css-kbecw\">\n<div class=\"brz-css-cwlib brz-wrapper\">\n<div class=\"brz-rich-text brz-css-dpkkj\" data-custom-id=\"wdvvgpkrbvsbvwmrcvapvbmtyrvklvqthwqc\">\n<div>\n<p class=\"brz-css-twsxq\"><strong>K\u00fcche<\/strong><\/p>\n<\/div>\n<\/div>\n<\/div>\n<div class=\"brz-css-cwlib brz-wrapper\">\n<div class=\"brz-embed-code brz-css-ujkpp\" data-custom-id=\"bhkexsbaijxxtvbvqqndafusreaxxllongdn\">\n<div class=\"brz-embed-content\">\n<div class><\/div>\n<\/div>\n<\/div>\n<\/div>\n<\/div>\n<\/div>\n<\/div>\n<\/div>\n<\/div>\n<\/div>\n<\/section>\n<section data-uid=\"mxpsweqgksmjxodvoiyuhibpycmcugweifvg\" id=\"mxpsweqgksmjxodvoiyuhibpycmcugweifvg\" class=\"brz-section brz-css-opdno\">\n<div class=\"brz-section__content brz-section--fullWidth brz-css-egyzq brz-css-fzixj\" data-custom-id=\"ndazncdkkjixuxxbmyiwaoshukbybwaicljr\">\n<div class=\"brz-bg\">\n<div class=\"brz-bg-color\"><\/div>\n<\/div>\n<div class=\"brz-container brz-css-utbnn brz-css-wykcc\">\n<div class=\"brz-row__container brz-css-rewsw\" data-custom-id=\"cbbczkwffnzecomvyjhejonsobqpnvxsvlvz\">\n<div class=\"brz-row brz-css-fyfsm brz-css-uispu\">\n<div class=\"brz-columns brz-css-gateg brz-css-ilabj\" data-custom-id=\"fsehikehbmdpbairtsomraqlflhminhppqdo\">\n<div class=\"brz-column__items brz-css-yeklg brz-css-chdvc\">\n<div class=\"brz-css-cwlib brz-wrapper\">\n<div class=\"brz-rich-text brz-css-dpkkj\" data-custom-id=\"tsjckybautbsiaioypmkkuyrlkxcmmrtlusg\">\n<div>\n<p class=\"brz-css-fabdk\"><strong>Versammlungsraum<\/strong><\/p>\n<\/div>\n<\/div>\n<\/div>\n<div class=\"brz-css-cwlib brz-wrapper\">\n<div class=\"brz-embed-code brz-css-ujkpp\" data-custom-id=\"zrsdozwkffgxqjyofitisjpbjteaybnfeucw\">\n<div class=\"brz-embed-content\">\n<div class><\/div>\n<\/div>\n<\/div>\n<\/div>\n<\/div>\n<\/div>\n<div class=\"brz-columns brz-css-gateg brz-css-dgdcq\" data-custom-id=\"wfftwtohblwnnwbbilyfhnzkuodakpylzriv\">\n<div class=\"brz-column__items brz-css-yeklg brz-css-thsvg\">\n<div class=\"brz-css-cwlib brz-wrapper\">\n<div class=\"brz-rich-text brz-css-dpkkj\" data-custom-id=\"zmnfsjstoazirlfstfijqdjviqblkeinsbfu\">\n<div>\n<p class=\"brz-css-sonsf\"><strong>Aufenthaltsraum<\/strong><\/p>\n<\/div>\n<\/div>\n<\/div>\n<div class=\"brz-css-cwlib brz-wrapper\">\n<div class=\"brz-embed-code brz-css-ujkpp\" data-custom-id=\"vftfytapdrdxpduetggrrkgzjeroahsbkdpz\">\n<div class=\"brz-embed-content\">\n<div class><\/div>\n<\/div>\n<\/div>\n<\/div>\n<\/div>\n<\/div>\n<\/div>\n<\/div>\n<\/div>\n<\/div>\n<\/section>\n<section data-uid=\"pdgcrftjznmqcuvevkjycvnzfzmnkmykatvo\" id=\"pdgcrftjznmqcuvevkjycvnzfzmnkmykatvo\" class=\"brz-section brz-css-opdno\">\n<div class=\"brz-section__content brz-section--fullWidth brz-css-egyzq brz-css-zzfmd\" data-custom-id=\"evlabrjbtslrphmtfxspykugysikknmfarpu\">\n<div class=\"brz-bg\">\n<div class=\"brz-bg-color\"><\/div>\n<\/div>\n<div class=\"brz-container brz-css-utbnn brz-css-nygoz\">\n<div class=\"brz-row__container brz-css-rewsw\" data-custom-id=\"usihcvkaxamegbzypexuosviugigcondxuvl\">\n<div class=\"brz-row brz-css-fyfsm brz-css-uispu\">\n<div class=\"brz-columns brz-css-gateg brz-css-ydzzr\" data-custom-id=\"mgsfajxrwunrnekoiskwptrrdxmxuklwzsjh\">\n<div class=\"brz-column__items brz-css-yeklg brz-css-gonob\">\n<div class=\"brz-css-cwlib brz-wrapper\">\n<div class=\"brz-rich-text brz-css-dpkkj\" data-custom-id=\"oweypyqifbwoegulumlzkdnhwwwhjdokappk\">\n<div>\n<p class=\"brz-css-gznku\"><strong>Schlafraum<\/strong><\/p>\n<\/div>\n<\/div>\n<\/div>\n<div class=\"brz-css-cwlib brz-wrapper\">\n<div class=\"brz-embed-code brz-css-ujkpp\" data-custom-id=\"kfyjckhxffzyovicojpvflzrvagfzdueqzip\">\n<div class=\"brz-embed-content\">\n<div class><\/div>\n<\/div>\n<\/div>\n<\/div>\n<\/div>\n<\/div>\n<div class=\"brz-columns brz-css-gateg brz-css-dluvm\" data-custom-id=\"tlovaasaqkraypwbngdwycffnytggkkmbxth\">\n<div class=\"brz-column__items brz-css-yeklg brz-css-rieac\">\n<div class=\"brz-css-cwlib brz-wrapper\">\n<div class=\"brz-rich-text brz-css-dpkkj\" data-custom-id=\"mshmzojdtpjjstbndbbrkqhcjvblatnscizr\">\n<div>\n<p class=\"brz-css-nqfcn\"><strong>B\u00fcro<\/strong><\/p>\n<\/div>\n<\/div>\n<\/div>\n<div class=\"brz-css-cwlib brz-wrapper\">\n<div class=\"brz-embed-code brz-css-ujkpp\" data-custom-id=\"agjceolxvuazizwsdddfpqzkerdknixnxivo\">\n<div class=\"brz-embed-content\">\n<div class><\/div>\n<\/div>\n<\/div>\n<\/div>\n<\/div>\n<\/div>\n<\/div>\n<\/div>\n<\/div>\n<\/div>\n<\/section>\n<\/div>\n<p><!-- version:1774477195 --><\/p>\n","protected":false},"excerpt":{"rendered":"<p>Unser Ger\u00e4tehaus Das Ger\u00e4tehaus befindet sich im Erdgeschoss des Parkhauses &#8222;Bozen Mitte&#8220; in Zentrumsn\u00e4he. Es wurde im Jahr 1999 bezogen und bietet im Erdgeschoss gen\u00fcgend Platz f\u00fcr zehn Einsatzfahrzeuge, Einsatzzentrale, Einsatzmagazin, Atemschutzwerkstatt, Werkstatt, Umkleider\u00e4ume, sowie Abstellfl\u00e4chen f\u00fcr Ger\u00e4te und Wechselcontainer. Ebenso befindet sich im Erdgeschoss eine automatische Schlauchwaschanlage und ein Schlauchturm mit Trockenanlage und Kletterwand.&nbsp;&hellip;<\/p>\n","protected":false},"author":4,"featured_media":0,"parent":1159,"menu_order":0,"comment_status":"closed","ping_status":"closed","template":"","meta":[],"yoast_head":"<!-- This site is optimized with the Yoast SEO plugin v20.4 - https:\/\/yoast.com\/wordpress\/plugins\/seo\/ -->\n<title>Ger\u00e4tehaus - Freiwillige Feuerwehr Bozen EO<\/title>\n<meta name=\"robots\" content=\"index, follow, max-snippet:-1, max-image-preview:large, max-video-preview:-1\" \/>\n<link rel=\"canonical\" href=\"https:\/\/ffbozen.it\/de\/ausruestung\/geraetehaus\/\" \/>\n<meta property=\"og:locale\" content=\"de_DE\" \/>\n<meta property=\"og:type\" content=\"article\" \/>\n<meta property=\"og:title\" content=\"Ger\u00e4tehaus - Freiwillige Feuerwehr Bozen EO\" \/>\n<meta property=\"og:description\" content=\"Unser Ger\u00e4tehaus Das Ger\u00e4tehaus befindet sich im Erdgeschoss des Parkhauses &#8222;Bozen Mitte&#8220; in Zentrumsn\u00e4he. Es wurde im Jahr 1999 bezogen und bietet im Erdgeschoss gen\u00fcgend Platz f\u00fcr zehn Einsatzfahrzeuge, Einsatzzentrale, Einsatzmagazin, Atemschutzwerkstatt, Werkstatt, Umkleider\u00e4ume, sowie Abstellfl\u00e4chen f\u00fcr Ger\u00e4te und Wechselcontainer. Ebenso befindet sich im Erdgeschoss eine automatische Schlauchwaschanlage und ein Schlauchturm mit Trockenanlage und Kletterwand.&nbsp;&hellip;\" \/>\n<meta property=\"og:url\" content=\"https:\/\/ffbozen.it\/de\/ausruestung\/geraetehaus\/\" \/>\n<meta property=\"og:site_name\" content=\"Freiwillige Feuerwehr Bozen EO\" \/>\n<meta property=\"article:publisher\" content=\"https:\/\/www.facebook.com\/ff.bozen\" \/>\n<meta property=\"article:modified_time\" content=\"2026-03-25T22:19:55+00:00\" \/>\n<meta name=\"twitter:card\" content=\"summary_large_image\" \/>\n<meta name=\"twitter:label1\" content=\"Gesch\u00e4tzte Lesezeit\" \/>\n\t<meta name=\"twitter:data1\" content=\"1\u00a0Minute\" \/>\n<script type=\"application\/ld+json\" class=\"yoast-schema-graph\">{\"@context\":\"https:\/\/schema.org\",\"@graph\":[{\"@type\":\"WebPage\",\"@id\":\"https:\/\/ffbozen.it\/de\/ausruestung\/geraetehaus\/\",\"url\":\"https:\/\/ffbozen.it\/de\/ausruestung\/geraetehaus\/\",\"name\":\"Ger\u00e4tehaus - Freiwillige Feuerwehr Bozen EO\",\"isPartOf\":{\"@id\":\"https:\/\/ffbozen.it\/de\/#website\"},\"datePublished\":\"2020-12-26T18:58:06+00:00\",\"dateModified\":\"2026-03-25T22:19:55+00:00\",\"breadcrumb\":{\"@id\":\"https:\/\/ffbozen.it\/de\/ausruestung\/geraetehaus\/#breadcrumb\"},\"inLanguage\":\"de\",\"potentialAction\":[{\"@type\":\"ReadAction\",\"target\":[\"https:\/\/ffbozen.it\/de\/ausruestung\/geraetehaus\/\"]}]},{\"@type\":\"BreadcrumbList\",\"@id\":\"https:\/\/ffbozen.it\/de\/ausruestung\/geraetehaus\/#breadcrumb\",\"itemListElement\":[{\"@type\":\"ListItem\",\"position\":1,\"name\":\"Startseite\",\"item\":\"https:\/\/ffbozen.it\/de\/\"},{\"@type\":\"ListItem\",\"position\":2,\"name\":\"Ausr\u00fcstung\",\"item\":\"https:\/\/ffbozen.it\/de\/ausruestung\/\"},{\"@type\":\"ListItem\",\"position\":3,\"name\":\"Ger\u00e4tehaus\"}]},{\"@type\":\"WebSite\",\"@id\":\"https:\/\/ffbozen.it\/de\/#website\",\"url\":\"https:\/\/ffbozen.it\/de\/\",\"name\":\"Freiwillige Feuerwehr Bozen EO\",\"description\":\"\",\"publisher\":{\"@id\":\"https:\/\/ffbozen.it\/de\/#organization\"},\"potentialAction\":[{\"@type\":\"SearchAction\",\"target\":{\"@type\":\"EntryPoint\",\"urlTemplate\":\"https:\/\/ffbozen.it\/de\/?s={search_term_string}\"},\"query-input\":\"required name=search_term_string\"}],\"inLanguage\":\"de\"},{\"@type\":\"Organization\",\"@id\":\"https:\/\/ffbozen.it\/de\/#organization\",\"name\":\"Freiwillige Feuerwehr Bozen\",\"url\":\"https:\/\/ffbozen.it\/de\/\",\"logo\":{\"@type\":\"ImageObject\",\"inLanguage\":\"de\",\"@id\":\"https:\/\/ffbozen.it\/de\/#\/schema\/logo\/image\/\",\"url\":\"https:\/\/ffbozen.it\/de\/wp-content\/uploads\/2020\/11\/Logo-ohne-Text-scaled-e1606231422963.jpg\",\"contentUrl\":\"https:\/\/ffbozen.it\/de\/wp-content\/uploads\/2020\/11\/Logo-ohne-Text-scaled-e1606231422963.jpg\",\"width\":350,\"height\":140,\"caption\":\"Freiwillige Feuerwehr Bozen\"},\"image\":{\"@id\":\"https:\/\/ffbozen.it\/de\/#\/schema\/logo\/image\/\"},\"sameAs\":[\"https:\/\/www.facebook.com\/ff.bozen\",\"https:\/\/www.instagram.com\/ff.bozen\/\"]}]}<\/script>\n<!-- \/ Yoast SEO plugin. -->","yoast_head_json":{"title":"Ger\u00e4tehaus - Freiwillige Feuerwehr Bozen EO","robots":{"index":"index","follow":"follow","max-snippet":"max-snippet:-1","max-image-preview":"max-image-preview:large","max-video-preview":"max-video-preview:-1"},"canonical":"https:\/\/ffbozen.it\/de\/ausruestung\/geraetehaus\/","og_locale":"de_DE","og_type":"article","og_title":"Ger\u00e4tehaus - Freiwillige Feuerwehr Bozen EO","og_description":"Unser Ger\u00e4tehaus Das Ger\u00e4tehaus befindet sich im Erdgeschoss des Parkhauses &#8222;Bozen Mitte&#8220; in Zentrumsn\u00e4he. Es wurde im Jahr 1999 bezogen und bietet im Erdgeschoss gen\u00fcgend Platz f\u00fcr zehn Einsatzfahrzeuge, Einsatzzentrale, Einsatzmagazin, Atemschutzwerkstatt, Werkstatt, Umkleider\u00e4ume, sowie Abstellfl\u00e4chen f\u00fcr Ger\u00e4te und Wechselcontainer. Ebenso befindet sich im Erdgeschoss eine automatische Schlauchwaschanlage und ein Schlauchturm mit Trockenanlage und Kletterwand.&nbsp;&hellip;","og_url":"https:\/\/ffbozen.it\/de\/ausruestung\/geraetehaus\/","og_site_name":"Freiwillige Feuerwehr Bozen EO","article_publisher":"https:\/\/www.facebook.com\/ff.bozen","article_modified_time":"2026-03-25T22:19:55+00:00","twitter_card":"summary_large_image","twitter_misc":{"Gesch\u00e4tzte Lesezeit":"1\u00a0Minute"},"schema":{"@context":"https:\/\/schema.org","@graph":[{"@type":"WebPage","@id":"https:\/\/ffbozen.it\/de\/ausruestung\/geraetehaus\/","url":"https:\/\/ffbozen.it\/de\/ausruestung\/geraetehaus\/","name":"Ger\u00e4tehaus - Freiwillige Feuerwehr Bozen EO","isPartOf":{"@id":"https:\/\/ffbozen.it\/de\/#website"},"datePublished":"2020-12-26T18:58:06+00:00","dateModified":"2026-03-25T22:19:55+00:00","breadcrumb":{"@id":"https:\/\/ffbozen.it\/de\/ausruestung\/geraetehaus\/#breadcrumb"},"inLanguage":"de","potentialAction":[{"@type":"ReadAction","target":["https:\/\/ffbozen.it\/de\/ausruestung\/geraetehaus\/"]}]},{"@type":"BreadcrumbList","@id":"https:\/\/ffbozen.it\/de\/ausruestung\/geraetehaus\/#breadcrumb","itemListElement":[{"@type":"ListItem","position":1,"name":"Startseite","item":"https:\/\/ffbozen.it\/de\/"},{"@type":"ListItem","position":2,"name":"Ausr\u00fcstung","item":"https:\/\/ffbozen.it\/de\/ausruestung\/"},{"@type":"ListItem","position":3,"name":"Ger\u00e4tehaus"}]},{"@type":"WebSite","@id":"https:\/\/ffbozen.it\/de\/#website","url":"https:\/\/ffbozen.it\/de\/","name":"Freiwillige Feuerwehr Bozen EO","description":"","publisher":{"@id":"https:\/\/ffbozen.it\/de\/#organization"},"potentialAction":[{"@type":"SearchAction","target":{"@type":"EntryPoint","urlTemplate":"https:\/\/ffbozen.it\/de\/?s={search_term_string}"},"query-input":"required name=search_term_string"}],"inLanguage":"de"},{"@type":"Organization","@id":"https:\/\/ffbozen.it\/de\/#organization","name":"Freiwillige Feuerwehr Bozen","url":"https:\/\/ffbozen.it\/de\/","logo":{"@type":"ImageObject","inLanguage":"de","@id":"https:\/\/ffbozen.it\/de\/#\/schema\/logo\/image\/","url":"https:\/\/ffbozen.it\/de\/wp-content\/uploads\/2020\/11\/Logo-ohne-Text-scaled-e1606231422963.jpg","contentUrl":"https:\/\/ffbozen.it\/de\/wp-content\/uploads\/2020\/11\/Logo-ohne-Text-scaled-e1606231422963.jpg","width":350,"height":140,"caption":"Freiwillige Feuerwehr Bozen"},"image":{"@id":"https:\/\/ffbozen.it\/de\/#\/schema\/logo\/image\/"},"sameAs":["https:\/\/www.facebook.com\/ff.bozen","https:\/\/www.instagram.com\/ff.bozen\/"]}]}},"_links":{"self":[{"href":"https:\/\/ffbozen.it\/de\/wp-json\/wp\/v2\/pages\/17280"}],"collection":[{"href":"https:\/\/ffbozen.it\/de\/wp-json\/wp\/v2\/pages"}],"about":[{"href":"https:\/\/ffbozen.it\/de\/wp-json\/wp\/v2\/types\/page"}],"author":[{"embeddable":true,"href":"https:\/\/ffbozen.it\/de\/wp-json\/wp\/v2\/users\/4"}],"replies":[{"embeddable":true,"href":"https:\/\/ffbozen.it\/de\/wp-json\/wp\/v2\/comments?post=17280"}],"version-history":[{"count":0,"href":"https:\/\/ffbozen.it\/de\/wp-json\/wp\/v2\/pages\/17280\/revisions"}],"up":[{"embeddable":true,"href":"https:\/\/ffbozen.it\/de\/wp-json\/wp\/v2\/pages\/1159"}],"wp:attachment":[{"href":"https:\/\/ffbozen.it\/de\/wp-json\/wp\/v2\/media?parent=17280"}],"curies":[{"name":"wp","href":"https:\/\/api.w.org\/{rel}","templated":true}]}}