{"id":21787,"date":"2021-02-22T08:28:09","date_gmt":"2021-02-22T07:28:09","guid":{"rendered":"https:\/\/ffbozen.it\/de\/?page_id=21787"},"modified":"2026-03-25T19:39:30","modified_gmt":"2026-03-25T18:39:30","slug":"5-promille","status":"publish","type":"page","link":"https:\/\/ffbozen.it\/de\/5-promille\/","title":{"rendered":"5 \u2030"},"content":{"rendered":"<div class=\"brz-root__container brz-reset-all\">\n<section data-uid=\"nkinzooydnufzcmvqmsnfxdzeosrvwdgsclj\" id=\"nkinzooydnufzcmvqmsnfxdzeosrvwdgsclj\" class=\"brz-section brz-css-jtkqn\">\n<div class=\"brz-section__content brz-section--boxed brz-css-utnft brz-css-wznyg\" data-custom-id=\"fcgrpaydvzqqvwsazswquyzthucljqtkjjol\">\n<div class=\"brz-container brz-css-qobua\">\n<div class=\"brz-css-hlydf brz-css-yztlg brz-wrapper\">\n<div class=\"brz-rich-text brz-css-havnf\" data-custom-id=\"btwcdzdyvghzvlajgiqzmguhbxqhtzyzcyse\">\n<div>\n<p class=\"brz-css-unsln\"><span>Eine Unterschrift um zu helfen! <\/span><\/p>\n<\/div>\n<\/div>\n<\/div>\n<\/div>\n<\/div>\n<\/section>\n<section data-uid=\"qymakuldzotzpjoxwznkykybfyddmvjgkupv\" id=\"qymakuldzotzpjoxwznkykybfyddmvjgkupv\" class=\"brz-section brz-css-jtkqn\">\n<div class=\"brz-section__content brz-section--boxed brz-css-utnft brz-css-oylqm\" data-custom-id=\"rvipwrznhlptclszzapxzrxlmfvgufqoytde\">\n<div class=\"brz-container brz-css-qobua\">\n<div class=\"brz-row__container brz-css-asjtm\" data-custom-id=\"iagwkthoqvutwuvewlwyqhybfpafwxgayaqi\">\n<div class=\"brz-row brz-css-hmebq brz-css-ejqnu\">\n<div data-iteration-count=\"1\" class=\"brz-columns brz-css-uhded brz-css-pycja brz-animated brz-css-dlcok brz-css-svmhv\" data-custom-id=\"wydjibhnogfcfabpolkwcmbjdtprwepwmakh\">\n<div class=\"brz-column__items brz-css-urhgw brz-css-umnsx\">\n<div class=\"brz-css-hlydf brz-wrapper\">\n<div class=\"brz-rich-text brz-css-havnf\" data-custom-id=\"imcduxwdlkisevfjegmwmneixwfmfjkzmgqe\">\n<div>\n<p class=\"brz-css-pqaye\"><span>80010500215<\/span><\/p>\n<\/div>\n<\/div>\n<\/div>\n<div class=\"brz-css-hlydf brz-wrapper\">\n<div class=\"brz-rich-text brz-css-havnf\" data-custom-id=\"xpbeacdzimejcmdeqkrbzxqrtkwslebssfdx\">\n<div>\n<p class=\"brz-css-jsizc\"><span class=\"brz-cp-color7\">Was ist zu tun: <\/span><\/p>\n<\/div>\n<\/div>\n<\/div>\n<\/div>\n<\/div>\n<div data-iteration-count=\"1\" class=\"brz-columns brz-css-uhded brz-css-vmyee brz-animated brz-css-dlcok brz-css-qexov\" data-custom-id=\"bhodenxaqcssjtyjdceilkbgnmbhvkownntv\">\n<div class=\"brz-column__items brz-css-urhgw brz-css-cfmhh\">\n<div class=\"brz-css-hlydf brz-wrapper\">\n<div class=\"brz-rich-text brz-css-havnf\" data-custom-id=\"nznaafkwcxigoxbwltfzkqvrmwxqlgwcydaq\">\n<div>\n<h4 class=\"brz-css-iqums\"><span class=\"brz-cp-color2\">Steuern f\u00fcr einen guten Zweck!<\/span><\/h4>\n<\/div>\n<\/div>\n<\/div>\n<div class=\"brz-css-hlydf brz-wrapper\">\n<div class=\"brz-rich-text brz-css-havnf\" data-custom-id=\"efchisvitzubfxivjhqhkbfeulligvmwmyfs\">\n<div>\n<p class=\"brz-css-vdchg\" data-uniq-id=\"tbgic\" data-generated-css=\"brz-css-pqcta\"><span class=\"brz-cp-color7\">Die 5 Promille Ihrer Steuererkl\u00e4rung k\u00f6nnen Sie, wie auf dem Formblatt 3 des CU angef\u00fchrt, sieben verschiedenen Initiativen zuf\u00fchren. Wenn Sie die <\/span><strong>Freiwillige Feuerwehr Bozen EO<\/strong><span class=\"brz-cp-color7\"> unterst\u00fctzen m\u00f6chten, w\u00e4hlen Sie bitte im Formularteil \u201e<\/span><strong class=\"brz-cp-color7\">WAHL F\u00dcR DIE ZWECKBESTIMMUNG VON F\u00dcNF PROMILLE DER IRPEF<\/strong><span class=\"brz-cp-color7\">\u201c das Feld 1: \u201eVon Organisationen des dritten Sektors, die im RUNTS gem\u00e4\u00df Artikel 46, C. 1 des Gesetzesdekrets Nr. 117 vom 3. Juli 2017 eingetragen sind, einschlie\u00dflich sozialer Genossenschaften und ausschlie\u00dflich sozialer Unternehmen, die in Form von Gesellschaften gegr\u00fcndet wurden, sowie Unterst\u00fctzung der im Register eingetragenen gemeinn\u00fctzigen Organisationen (Onlus)&#8220;, und f\u00fcgen Sie unsere Steuernummer <\/span><strong>80010500215<\/strong><strong class=\"brz-cp-color7\"> <\/strong><span class=\"brz-cp-color7\">hinzu.<\/span><\/p>\n<\/div>\n<\/div>\n<\/div>\n<\/div>\n<\/div>\n<\/div>\n<\/div>\n<\/div>\n<\/div>\n<\/section>\n<section data-uid=\"icauquzjnabfvpfvgmfkymaysvvcxiartxxz\" id=\"icauquzjnabfvpfvgmfkymaysvvcxiartxxz\" data-iteration-count=\"1\" class=\"brz-section brz-css-jtkqn brz-animated brz-css-zsbrc brz-css-ipkbw\">\n<div class=\"brz-section__content brz-section--fullWidth brz-css-utnft brz-css-gnhgk\" data-custom-id=\"garskmxrebyquecryyayhkcbxsehddrtexgr\">\n<div class=\"brz-bg\">\n<div class=\"brz-bg-color\"><\/div>\n<\/div>\n<div class=\"brz-container brz-css-qobua brz-css-qiwag\">\n<div class=\"brz-css-hlydf brz-css-jqopj brz-wrapper\">\n<div class=\"brz-rich-text brz-css-havnf\" data-custom-id=\"ojagylywujywicechhlmvmlhldbxoedairhp\">\n<div>\n<p class=\"brz-css-minxf\"><span class=\"brz-cp-color1\">&#8222;Ehrenamt ist nicht Arbeit, die nicht bezahlt wird,<\/span><\/p>\n<p class=\"brz-css-rkhbs\"><span class=\"brz-cp-color1\">sondern Arbeit die unbezahlbar ist&#8220;<\/span><\/p>\n<\/div>\n<\/div>\n<\/div>\n<\/div>\n<\/div>\n<\/section>\n<section data-uid=\"lyfcbmsuqsxxvndmwggueswfwxqzglxnwnyh\" id=\"lyfcbmsuqsxxvndmwggueswfwxqzglxnwnyh\" class=\"brz-section brz-css-jtkqn brz-css-eoazd\">\n<div class=\"brz-section__content brz-section--boxed brz-css-utnft brz-css-hjqke\" data-custom-id=\"igkxadrtuxozzsztzkvyzjtznhaicbwtizec\">\n<div class=\"brz-container brz-css-qobua\">\n<div class=\"brz-row__container brz-css-asjtm\" data-custom-id=\"uqvxlrglpadyaesismnzpfsdzgtikrtnhddd\">\n<div class=\"brz-row brz-css-hmebq brz-css-ejqnu\">\n<div class=\"brz-columns brz-css-uhded brz-css-btvtj\" data-custom-id=\"leaovnipotyoivctprvtgekwifaugdwkvpsy\">\n<div class=\"brz-column__items brz-css-urhgw\">\n<div class=\"brz-css-hlydf brz-wrapper\">\n<div class=\"brz-image brz-css-ydyfa\"><img class=\"brz-img\" src=\"https:\/\/ffbozen.it\/de\/wp-content\/uploads\/brizy\/imgs\/FFBozen_spenden_02-455x455x0x82x455x373x1611162628.jpg\" alt=\"\" loading=\"lazy\" \/><\/div>\n<\/div>\n<\/div>\n<\/div>\n<div class=\"brz-columns brz-css-uhded brz-css-fognw\" data-custom-id=\"bwntibxlqhkawoademkjimpkhycquizbkjbh\">\n<div class=\"brz-column__items brz-css-urhgw brz-css-nxnsp\">\n<div class=\"brz-css-hlydf brz-css-vuruf brz-wrapper\">\n<div class=\"brz-icon-text brz-css-fhxxr\" data-custom-id=\"aezgvrszzalbnacrpduwcehsqxclrctajbir\">\n<div id class=\"brz-icon__container\" data-custom-id=\"wwswmdjddovzvksqrvqjtjsyozerlcqgcmmd\"><span class=\"brz-span brz-icon css-hl8si1\"><\/span><\/div>\n<div class=\"brz-text-btn\">\n<div class=\"brz-rich-text brz-css-havnf\" data-custom-id=\"oddtemggqwqsgsiddpqnydkyptvckhtammqm\">\n<div>\n<p class=\"brz-css-lecmc\"><span>So wie jede Freiwillige Feuerwehr, sind auch wir eine ehrenamtlich t\u00e4tige Hilfsorganisation ohne Gewinnaussichten \u2013 weder f\u00fcr den Verein noch f\u00fcr unsere Mitglieder selbst. Das hei\u00dft allerdings nicht, dass wir auf keine finanzielle Unterst\u00fctzung angewiesen sind, denn unsere Einsatzkr\u00e4fte ben\u00f6tigen eine sichere und passende Schutzausr\u00fcstung, sowie Fahrzeuge, Ger\u00e4te und nicht zuletzt unser Ger\u00e4tehaus gilt es st\u00e4ndig den aktuellen Forderungen gem\u00e4\u00df in Stand zu halten sowie dem Wandel der Zeit zu folgen. Nur so kann eine schnelle, effiziente und professionelle Hilfe in allen Notsituationen erfolgen. Deshalb sind wir auf jede Spende angewiesen, um auch in Zukunft Hilfe leisten zu k\u00f6nnen.<\/span><\/p>\n<\/div>\n<\/div>\n<\/div>\n<\/div>\n<\/div>\n<\/div>\n<\/div>\n<\/div>\n<\/div>\n<\/div>\n<\/div>\n<\/section>\n<section data-uid=\"bctmlmhuqjgxchvbcwhoepfibkxflvmhfadf\" id=\"bctmlmhuqjgxchvbcwhoepfibkxflvmhfadf\" class=\"brz-section brz-css-jtkqn\">\n<div class=\"brz-section__content brz-section--boxed brz-css-utnft brz-css-hlhpg\" data-custom-id=\"chdbmsfzxxurcjjvoaexxrgoswxdjpryuonr\">\n<div class=\"brz-container brz-css-qobua\">\n<div class=\"brz-css-hlydf brz-css-rhyce brz-wrapper\">\n<div class=\"brz-rich-text brz-css-havnf\" data-custom-id=\"cywskgwxjaqehrndrvdodtafitwnmkwqzmmc\">\n<div>\n<p class=\"brz-css-idoly\"><span>Weitere M\u00f6glichkeiten  Gutes zu tun und uns zu spenden:<\/span><\/p>\n<\/div>\n<\/div>\n<\/div>\n<\/div>\n<\/div>\n<\/section>\n<section data-uid=\"hmrgdblobgcerwzapsclqifrwdtepggvxcko\" id=\"hmrgdblobgcerwzapsclqifrwdtepggvxcko\" class=\"brz-section brz-css-jtkqn\">\n<div class=\"brz-section__content brz-section--boxed brz-css-utnft brz-css-coidy\" data-custom-id=\"oztjkqxklkhfpssovdajtymzgjiwndxxocfi\">\n<div class=\"brz-container brz-css-qobua\">\n<div class=\"brz-row__container brz-css-asjtm brz-css-zipfe\" data-custom-id=\"ypytmfzbaqvympduclrfojaekacaiqohuzfq\">\n<div class=\"brz-row brz-css-hmebq brz-css-ejqnu\">\n<div data-iteration-count=\"1\" class=\"brz-columns brz-css-uhded brz-css-aprta brz-animated brz-css-dlcok brz-css-kndon\" data-custom-id=\"rcmvsaohuwobrfucsxzgswudigqcodtohejl\">\n<div class=\"brz-bg\">\n<div class=\"brz-bg-color\"><\/div>\n<\/div>\n<div class=\"brz-column__items brz-css-urhgw brz-css-uztim\">\n<div class=\"brz-css-hlydf brz-css-lvvek brz-wrapper\">\n<div class=\"brz-rich-text brz-css-havnf\" data-custom-id=\"dfvnznqiscuzpcvnsujnpexmfbfdgczqfnoz\">\n<div>\n<h5 class=\"brz-css-trycc\"><a href=\"https:\/\/www.volksbank.it\/de\/home\" target=\"_blank\" class=\"link--external\" data-brz-link-type=\"external\" rel=\"noopener\">S\u00fcdtiroler Volksbank <\/a><\/h5>\n<h5 class=\"brz-css-qznad\"><a href=\"https:\/\/www.volksbank.it\/de\/home\" target=\"_blank\" class=\"link--external brz-cp-color2\" data-brz-link-type=\"external\" rel=\"noopener\">IBAN IT22 T058 5611 6010 5057 0182 286<\/a><\/h5>\n<\/div>\n<\/div>\n<\/div>\n<\/div>\n<\/div>\n<div data-iteration-count=\"1\" class=\"brz-columns brz-css-uhded brz-css-qahni brz-animated brz-css-dlcok brz-css-gkrjs\" data-custom-id=\"fkbuejamfgdjswjuqtqufabqnxckkftxbhlh\">\n<div class=\"brz-bg\">\n<div class=\"brz-bg-color\"><\/div>\n<\/div>\n<div class=\"brz-column__items brz-css-urhgw brz-css-omknq\">\n<div class=\"brz-css-hlydf brz-css-judsp brz-wrapper\">\n<div class=\"brz-rich-text brz-css-havnf\" data-custom-id=\"tvbewmlozcwtsglveopvxptucflpeobrpamm\">\n<div>\n<h5 class=\"brz-css-drzeg\"><a href=\"https:\/\/www.raiffeisen.it\/index.php?id=92&amp;L=1\" target=\"_blank\" class=\"link--external\" data-brz-link-type=\"external\" rel=\"noopener\">Raiffeisenkasse Bozen <\/a><\/h5>\n<h5 class=\"brz-css-urcbh\"><a href=\"https:\/\/www.raiffeisen.it\/index.php?id=92&amp;L=1\" target=\"_blank\" class=\"brz-cp-color2 link--external\" data-brz-link-type=\"external\" rel=\"noopener\">IBAN IT32 C080 8111 6000 0030 0003 425<\/a><\/h5>\n<\/div>\n<\/div>\n<\/div>\n<\/div>\n<\/div>\n<div data-iteration-count=\"1\" class=\"brz-columns brz-css-uhded brz-css-cpaku brz-animated brz-css-dlcok brz-css-wmcuf\" data-custom-id=\"cbjdxzhfrbccfgkusmyedjphjjxyicevwnub\">\n<div class=\"brz-bg\">\n<div class=\"brz-bg-color\"><\/div>\n<\/div>\n<div class=\"brz-column__items brz-css-urhgw brz-css-zeqoq\">\n<div class=\"brz-css-hlydf brz-css-ucogl brz-wrapper\">\n<div class=\"brz-image brz-css-tiwxg brz-css-eduga\"><a class=\"brz-a\" href=\"https:\/\/www.paypal.com\/donate?hosted_button_id=69J4U7Q764324\" target=\"_blank\" rel=\"noopener\" data-brz-link-type=\"external\" id data-custom-id=\"fvmvputnmlwprtgxcjkcajhthrpahhctcuup\"><img class=\"brz-img\" src=\"https:\/\/ffbozen.it\/de\/wp-content\/uploads\/brizy\/imgs\/Codice-QR-150x150x0x0x150x150x1606230359.png\" alt=\"\" loading=\"lazy\" \/><\/a><\/div>\n<\/div>\n<div class=\"brz-wrapper-clone brz-css-yxvnl\">\n<div class=\"brz-d-xs-flex brz-flex-xs-wrap brz-css-yiuui\">\n<div class=\"brz-wrapper-clone__item brz-css-lnepc\" id=\"uvgslwkhfcgaddigifedsivhlyqdjiwchkbr\">\n<div id class=\"brz-icon__container\" data-custom-id=\"uvgslwkhfcgaddigifedsivhlyqdjiwchkbr\"><a class=\"brz-a\" href=\"https:\/\/www.paypal.com\/donate?hosted_button_id=69J4U7Q764324\" target=\"_blank\" rel=\"noopener\" data-brz-link-type=\"external\" id><span class=\"brz-span brz-icon css-16blx8z\"><\/span><\/a><\/div>\n<\/div>\n<div class=\"brz-wrapper-clone__item brz-css-lnepc\" id=\"xcwzynxlrykizqdzsgduojarreccfvysxgbj\">\n<div id class=\"brz-icon__container\" data-custom-id=\"xcwzynxlrykizqdzsgduojarreccfvysxgbj\"><a class=\"brz-a\" href=\"https:\/\/www.paypal.com\/donate?hosted_button_id=69J4U7Q764324\" target=\"_blank\" rel=\"noopener\" data-brz-link-type=\"external\" id><span class=\"brz-span brz-icon css-16blx8z\"><\/span><\/a><\/div>\n<\/div>\n<\/div>\n<\/div>\n<\/div>\n<\/div>\n<\/div>\n<\/div>\n<\/div>\n<\/div>\n<\/section>\n<\/div>\n<p><!-- version:1774463970 --><\/p>\n","protected":false},"excerpt":{"rendered":"<p>Eine Unterschrift um zu helfen! 80010500215 Was ist zu tun: Steuern f\u00fcr einen guten Zweck! Die 5 Promille Ihrer Steuererkl\u00e4rung k\u00f6nnen Sie, wie auf dem Formblatt 3 des CU angef\u00fchrt, sieben verschiedenen Initiativen zuf\u00fchren. Wenn Sie die Freiwillige Feuerwehr Bozen EO unterst\u00fctzen m\u00f6chten, w\u00e4hlen Sie bitte im Formularteil \u201eWAHL F\u00dcR DIE ZWECKBESTIMMUNG VON F\u00dcNF PROMILLE&nbsp;&hellip;<\/p>\n","protected":false},"author":4,"featured_media":0,"parent":0,"menu_order":0,"comment_status":"closed","ping_status":"closed","template":"","meta":[],"yoast_head":"<!-- This site is optimized with the Yoast SEO plugin v20.4 - https:\/\/yoast.com\/wordpress\/plugins\/seo\/ -->\n<title>5 \u2030 - Freiwillige Feuerwehr Bozen EO<\/title>\n<meta name=\"robots\" content=\"index, follow, max-snippet:-1, max-image-preview:large, max-video-preview:-1\" \/>\n<link rel=\"canonical\" href=\"https:\/\/ffbozen.it\/de\/5-promille\/\" \/>\n<meta property=\"og:locale\" content=\"de_DE\" \/>\n<meta property=\"og:type\" content=\"article\" \/>\n<meta property=\"og:title\" content=\"5 \u2030 - Freiwillige Feuerwehr Bozen EO\" \/>\n<meta property=\"og:description\" content=\"Eine Unterschrift um zu helfen! 80010500215 Was ist zu tun: Steuern f\u00fcr einen guten Zweck! Die 5 Promille Ihrer Steuererkl\u00e4rung k\u00f6nnen Sie, wie auf dem Formblatt 3 des CU angef\u00fchrt, sieben verschiedenen Initiativen zuf\u00fchren. Wenn Sie die Freiwillige Feuerwehr Bozen EO unterst\u00fctzen m\u00f6chten, w\u00e4hlen Sie bitte im Formularteil \u201eWAHL F\u00dcR DIE ZWECKBESTIMMUNG VON F\u00dcNF PROMILLE&nbsp;&hellip;\" \/>\n<meta property=\"og:url\" content=\"https:\/\/ffbozen.it\/de\/5-promille\/\" \/>\n<meta property=\"og:site_name\" content=\"Freiwillige Feuerwehr Bozen EO\" \/>\n<meta property=\"article:publisher\" content=\"https:\/\/www.facebook.com\/ff.bozen\" \/>\n<meta property=\"article:modified_time\" content=\"2026-03-25T18:39:30+00:00\" \/>\n<meta property=\"og:image\" content=\"https:\/\/ffbozen.it\/de\/wp-content\/uploads\/brizy\/imgs\/FFBozen_spenden_02-455x455x0x82x455x373x1611162628.jpg\" \/>\n<meta name=\"twitter:card\" content=\"summary_large_image\" \/>\n<meta name=\"twitter:label1\" content=\"Gesch\u00e4tzte Lesezeit\" \/>\n\t<meta name=\"twitter:data1\" content=\"2\u00a0Minuten\" \/>\n<script type=\"application\/ld+json\" class=\"yoast-schema-graph\">{\"@context\":\"https:\/\/schema.org\",\"@graph\":[{\"@type\":\"WebPage\",\"@id\":\"https:\/\/ffbozen.it\/de\/5-promille\/\",\"url\":\"https:\/\/ffbozen.it\/de\/5-promille\/\",\"name\":\"5 \u2030 - Freiwillige Feuerwehr Bozen EO\",\"isPartOf\":{\"@id\":\"https:\/\/ffbozen.it\/de\/#website\"},\"datePublished\":\"2021-02-22T07:28:09+00:00\",\"dateModified\":\"2026-03-25T18:39:30+00:00\",\"breadcrumb\":{\"@id\":\"https:\/\/ffbozen.it\/de\/5-promille\/#breadcrumb\"},\"inLanguage\":\"de\",\"potentialAction\":[{\"@type\":\"ReadAction\",\"target\":[\"https:\/\/ffbozen.it\/de\/5-promille\/\"]}]},{\"@type\":\"BreadcrumbList\",\"@id\":\"https:\/\/ffbozen.it\/de\/5-promille\/#breadcrumb\",\"itemListElement\":[{\"@type\":\"ListItem\",\"position\":1,\"name\":\"Startseite\",\"item\":\"https:\/\/ffbozen.it\/de\/\"},{\"@type\":\"ListItem\",\"position\":2,\"name\":\"5 \u2030\"}]},{\"@type\":\"WebSite\",\"@id\":\"https:\/\/ffbozen.it\/de\/#website\",\"url\":\"https:\/\/ffbozen.it\/de\/\",\"name\":\"Freiwillige Feuerwehr Bozen EO\",\"description\":\"\",\"publisher\":{\"@id\":\"https:\/\/ffbozen.it\/de\/#organization\"},\"potentialAction\":[{\"@type\":\"SearchAction\",\"target\":{\"@type\":\"EntryPoint\",\"urlTemplate\":\"https:\/\/ffbozen.it\/de\/?s={search_term_string}\"},\"query-input\":\"required name=search_term_string\"}],\"inLanguage\":\"de\"},{\"@type\":\"Organization\",\"@id\":\"https:\/\/ffbozen.it\/de\/#organization\",\"name\":\"Freiwillige Feuerwehr Bozen\",\"url\":\"https:\/\/ffbozen.it\/de\/\",\"logo\":{\"@type\":\"ImageObject\",\"inLanguage\":\"de\",\"@id\":\"https:\/\/ffbozen.it\/de\/#\/schema\/logo\/image\/\",\"url\":\"https:\/\/ffbozen.it\/de\/wp-content\/uploads\/2020\/11\/Logo-ohne-Text-scaled-e1606231422963.jpg\",\"contentUrl\":\"https:\/\/ffbozen.it\/de\/wp-content\/uploads\/2020\/11\/Logo-ohne-Text-scaled-e1606231422963.jpg\",\"width\":350,\"height\":140,\"caption\":\"Freiwillige Feuerwehr Bozen\"},\"image\":{\"@id\":\"https:\/\/ffbozen.it\/de\/#\/schema\/logo\/image\/\"},\"sameAs\":[\"https:\/\/www.facebook.com\/ff.bozen\",\"https:\/\/www.instagram.com\/ff.bozen\/\"]}]}<\/script>\n<!-- \/ Yoast SEO plugin. -->","yoast_head_json":{"title":"5 \u2030 - Freiwillige Feuerwehr Bozen EO","robots":{"index":"index","follow":"follow","max-snippet":"max-snippet:-1","max-image-preview":"max-image-preview:large","max-video-preview":"max-video-preview:-1"},"canonical":"https:\/\/ffbozen.it\/de\/5-promille\/","og_locale":"de_DE","og_type":"article","og_title":"5 \u2030 - Freiwillige Feuerwehr Bozen EO","og_description":"Eine Unterschrift um zu helfen! 80010500215 Was ist zu tun: Steuern f\u00fcr einen guten Zweck! Die 5 Promille Ihrer Steuererkl\u00e4rung k\u00f6nnen Sie, wie auf dem Formblatt 3 des CU angef\u00fchrt, sieben verschiedenen Initiativen zuf\u00fchren. Wenn Sie die Freiwillige Feuerwehr Bozen EO unterst\u00fctzen m\u00f6chten, w\u00e4hlen Sie bitte im Formularteil \u201eWAHL F\u00dcR DIE ZWECKBESTIMMUNG VON F\u00dcNF PROMILLE&nbsp;&hellip;","og_url":"https:\/\/ffbozen.it\/de\/5-promille\/","og_site_name":"Freiwillige Feuerwehr Bozen EO","article_publisher":"https:\/\/www.facebook.com\/ff.bozen","article_modified_time":"2026-03-25T18:39:30+00:00","og_image":[{"url":"https:\/\/ffbozen.it\/de\/wp-content\/uploads\/brizy\/imgs\/FFBozen_spenden_02-455x455x0x82x455x373x1611162628.jpg"}],"twitter_card":"summary_large_image","twitter_misc":{"Gesch\u00e4tzte Lesezeit":"2\u00a0Minuten"},"schema":{"@context":"https:\/\/schema.org","@graph":[{"@type":"WebPage","@id":"https:\/\/ffbozen.it\/de\/5-promille\/","url":"https:\/\/ffbozen.it\/de\/5-promille\/","name":"5 \u2030 - Freiwillige Feuerwehr Bozen EO","isPartOf":{"@id":"https:\/\/ffbozen.it\/de\/#website"},"datePublished":"2021-02-22T07:28:09+00:00","dateModified":"2026-03-25T18:39:30+00:00","breadcrumb":{"@id":"https:\/\/ffbozen.it\/de\/5-promille\/#breadcrumb"},"inLanguage":"de","potentialAction":[{"@type":"ReadAction","target":["https:\/\/ffbozen.it\/de\/5-promille\/"]}]},{"@type":"BreadcrumbList","@id":"https:\/\/ffbozen.it\/de\/5-promille\/#breadcrumb","itemListElement":[{"@type":"ListItem","position":1,"name":"Startseite","item":"https:\/\/ffbozen.it\/de\/"},{"@type":"ListItem","position":2,"name":"5 \u2030"}]},{"@type":"WebSite","@id":"https:\/\/ffbozen.it\/de\/#website","url":"https:\/\/ffbozen.it\/de\/","name":"Freiwillige Feuerwehr Bozen EO","description":"","publisher":{"@id":"https:\/\/ffbozen.it\/de\/#organization"},"potentialAction":[{"@type":"SearchAction","target":{"@type":"EntryPoint","urlTemplate":"https:\/\/ffbozen.it\/de\/?s={search_term_string}"},"query-input":"required name=search_term_string"}],"inLanguage":"de"},{"@type":"Organization","@id":"https:\/\/ffbozen.it\/de\/#organization","name":"Freiwillige Feuerwehr Bozen","url":"https:\/\/ffbozen.it\/de\/","logo":{"@type":"ImageObject","inLanguage":"de","@id":"https:\/\/ffbozen.it\/de\/#\/schema\/logo\/image\/","url":"https:\/\/ffbozen.it\/de\/wp-content\/uploads\/2020\/11\/Logo-ohne-Text-scaled-e1606231422963.jpg","contentUrl":"https:\/\/ffbozen.it\/de\/wp-content\/uploads\/2020\/11\/Logo-ohne-Text-scaled-e1606231422963.jpg","width":350,"height":140,"caption":"Freiwillige Feuerwehr Bozen"},"image":{"@id":"https:\/\/ffbozen.it\/de\/#\/schema\/logo\/image\/"},"sameAs":["https:\/\/www.facebook.com\/ff.bozen","https:\/\/www.instagram.com\/ff.bozen\/"]}]}},"_links":{"self":[{"href":"https:\/\/ffbozen.it\/de\/wp-json\/wp\/v2\/pages\/21787"}],"collection":[{"href":"https:\/\/ffbozen.it\/de\/wp-json\/wp\/v2\/pages"}],"about":[{"href":"https:\/\/ffbozen.it\/de\/wp-json\/wp\/v2\/types\/page"}],"author":[{"embeddable":true,"href":"https:\/\/ffbozen.it\/de\/wp-json\/wp\/v2\/users\/4"}],"replies":[{"embeddable":true,"href":"https:\/\/ffbozen.it\/de\/wp-json\/wp\/v2\/comments?post=21787"}],"version-history":[{"count":1,"href":"https:\/\/ffbozen.it\/de\/wp-json\/wp\/v2\/pages\/21787\/revisions"}],"predecessor-version":[{"id":23672,"href":"https:\/\/ffbozen.it\/de\/wp-json\/wp\/v2\/pages\/21787\/revisions\/23672"}],"wp:attachment":[{"href":"https:\/\/ffbozen.it\/de\/wp-json\/wp\/v2\/media?parent=21787"}],"curies":[{"name":"wp","href":"https:\/\/api.w.org\/{rel}","templated":true}]}}