{"id":24203,"date":"2024-09-12T10:30:50","date_gmt":"2024-09-12T08:30:50","guid":{"rendered":"https:\/\/ffbozen.it\/de\/?page_id=24203"},"modified":"2026-03-26T21:23:41","modified_gmt":"2026-03-26T20:23:41","slug":"transportfahrzeug-allrad-mit-ladebordwand","status":"publish","type":"page","link":"https:\/\/ffbozen.it\/de\/ausruestung\/fuhrpark\/transportfahrzeug-allrad-mit-ladebordwand\/","title":{"rendered":"Transportfahrzeug &#8211; Allrad mit Ladebordwand"},"content":{"rendered":"<div class=\"brz-root__container brz-reset-all\">\n<section data-uid=\"wdotymfnirgcpyhmqgnoxuegemhhjkxsbzrg\" id=\"wdotymfnirgcpyhmqgnoxuegemhhjkxsbzrg\" class=\"brz-section brz-css-jgupl brz-css-mmrjz\">\n<div class=\"brz-slick-slider brz-slick-slider__section\" data-slides-to-show=\"1\" data-slides-to-scroll=\"1\" data-arrows=\"true\" data-dots=\"true\" data-dots-class=\"brz-slick-slider__dots brz-slick-slider__dots--circle\" data-fade=\"false\" data-vertical=\"false\" data-auto-play=\"true\" data-auto-play-speed=\"3000\" data-swipe=\"true\" data-responsive=\"%5B%7B%22breakpoint%22%3A767%2C%22settings%22%3A%7B%22slidesToShow%22%3A1%2C%22slidesToScroll%22%3A1%7D%7D%5D\">\n<div>\n<div class=\"brz-section__content brz-section--fullWidth brz-css-obkmu brz-css-uwzmf\" data-custom-id=\"tbfrdicsfxexyhdihdmprtzhuuaskrxdcywh\">\n<div class=\"brz-container brz-css-ffywv brz-css-dzfoc\">\n<div class=\"brz-css-xcxkt brz-css-qacxk brz-wrapper\">\n<div class=\"brz-image brz-image__lightbox brz-css-lhyhw\"><a class=\"brz-a\" href=\"https:\/\/ffbozen.it\/de\/wp-content\/uploads\/2024\/09\/FFBozen_Fahrzeug2KO_01.jpeg\" data-brz-link-type=\"lightBox\" id data-custom-id=\"opiwmawmjvfuyqprfowwzxbujwpyppgwdysl\"><img class=\"brz-img\" src=\"https:\/\/ffbozen.it\/de\/wp-content\/uploads\/brizy\/imgs\/FFBozen_Fahrzeug2KO_01-1920x1080x0x1x1920x1079x1726129789.jpeg\" alt=\"\" loading=\"lazy\" \/><\/a><\/div>\n<\/div>\n<\/div>\n<\/div>\n<\/div>\n<div>\n<div class=\"brz-section__content brz-section--fullWidth brz-css-obkmu brz-css-wmhsc\" data-custom-id=\"perlpxtevaposnlqcimfmjphyifrogewpuhq\">\n<div class=\"brz-container brz-css-ffywv brz-css-dzpvf\">\n<div class=\"brz-css-xcxkt brz-css-qmkiw brz-wrapper\">\n<div class=\"brz-image brz-image__lightbox brz-css-avbvq\"><a class=\"brz-a\" href=\"https:\/\/ffbozen.it\/de\/wp-content\/uploads\/2024\/09\/FFBozen_Fahrzeug2KO_02.jpeg\" data-brz-link-type=\"lightBox\" id data-custom-id=\"ustlqiolfyeaoyisojkfignzkgethuoyfiff\"><img class=\"brz-img\" src=\"https:\/\/ffbozen.it\/de\/wp-content\/uploads\/brizy\/imgs\/FFBozen_Fahrzeug2KO_02-1920x1080x0x0x1920x1080x1726129797.jpeg\" alt=\"\" loading=\"lazy\" \/><\/a><\/div>\n<\/div>\n<\/div>\n<\/div>\n<\/div>\n<div>\n<div class=\"brz-section__content brz-section--fullWidth brz-css-obkmu brz-css-pvbcj\" data-custom-id=\"mtpvhhsnojqhmqvwtkxdvfvprmcvxkeqpvym\">\n<div class=\"brz-container brz-css-ffywv brz-css-wrlzv\">\n<div class=\"brz-css-xcxkt brz-css-mgyui brz-wrapper\">\n<div class=\"brz-image brz-image__lightbox brz-css-dsrhk\"><a class=\"brz-a\" href=\"https:\/\/ffbozen.it\/de\/wp-content\/uploads\/2024\/09\/FFBozen_Fahrzeug2KO_03.jpeg\" data-brz-link-type=\"lightBox\" id data-custom-id=\"aeymjewylwiqtkngokmccjwkoppromfbrjqm\"><img class=\"brz-img\" src=\"https:\/\/ffbozen.it\/de\/wp-content\/uploads\/brizy\/imgs\/FFBozen_Fahrzeug2KO_03-1920x1080x0x0x1920x1080x1726129800.jpeg\" alt=\"\" loading=\"lazy\" \/><\/a><\/div>\n<\/div>\n<\/div>\n<\/div>\n<\/div>\n<div>\n<div class=\"brz-section__content brz-section--fullWidth brz-css-obkmu brz-css-xjvlu\" data-custom-id=\"byziuvzshhtoopxwxdmmvijsgqyipcrrunvi\">\n<div class=\"brz-container brz-css-ffywv brz-css-ntodf\">\n<div class=\"brz-css-xcxkt brz-css-cyoff brz-wrapper\">\n<div class=\"brz-image brz-image__lightbox brz-css-qdxok\"><a class=\"brz-a\" href=\"https:\/\/ffbozen.it\/de\/wp-content\/uploads\/2024\/09\/FFBozen_Fahrzeug2KO_04.jpeg\" data-brz-link-type=\"lightBox\" id data-custom-id=\"jvpozjpecozkcpenfwygnksfsibunuvanlhg\"><img class=\"brz-img\" src=\"https:\/\/ffbozen.it\/de\/wp-content\/uploads\/brizy\/imgs\/FFBozen_Fahrzeug2KO_04-1920x1080x0x0x1920x1080x1726129793.jpeg\" alt=\"\" loading=\"lazy\" \/><\/a><\/div>\n<\/div>\n<\/div>\n<\/div>\n<\/div>\n<p><title>tail<\/title>\n<\/div>\n<\/section>\n<section data-uid=\"smvtimedzngjwmxpunvyszlsqhkvofkgbnee\" id=\"smvtimedzngjwmxpunvyszlsqhkvofkgbnee\" class=\"brz-section brz-css-jgupl\">\n<div class=\"brz-section__content brz-section--fullWidth brz-css-obkmu brz-css-zpmny\" data-custom-id=\"apihmoxksljlhhngcjamrapprtawznuwkkex\">\n<div class=\"brz-bg\">\n<div class=\"brz-bg-color\"><\/div>\n<\/div>\n<div class=\"brz-container brz-css-ffywv brz-css-ozknc\">\n<div class=\"brz-row__container brz-css-gitpt\" data-custom-id=\"wmlivrlznecjbbnhmlopxfwelvjlkbxknpou\">\n<div class=\"brz-row brz-css-nvzhg brz-css-jtehw\">\n<div class=\"brz-columns brz-css-mzjkc brz-css-enluo\" data-custom-id=\"chmcvajqixxvlnelgmarwoszeqlomgywiehi\">\n<div class=\"brz-column__items brz-css-lhniw brz-css-twrhm\">\n<div class=\"brz-css-xcxkt brz-css-qxbpx brz-wrapper\">\n<div class=\"brz-rich-text brz-css-chtop\" data-custom-id=\"numoojbayqwpsncuwqpwaeetxhcwaqqockfu\">\n<div>\n<h2 class=\"brz-css-ujrmb\" data-uniq-id=\"ttrkw\" data-generated-css=\"brz-css-ftiuj\"><span>Transportfahrzeug-Allrad mit Ladebordwand<\/span><\/h2>\n<\/div>\n<\/div>\n<\/div>\n<\/div>\n<\/div>\n<\/div>\n<\/div>\n<div class=\"brz-row__container brz-css-gitpt\" data-custom-id=\"jzfhhzagqherawkescksialkkercxtbckogf\">\n<div class=\"brz-row brz-css-nvzhg brz-css-jtehw\">\n<div class=\"brz-columns brz-css-mzjkc brz-css-qtiht\" data-custom-id=\"hmasmpjxoplfgpxcvfynxzaaqwbudvcmzfaf\">\n<div class=\"brz-column__items brz-css-lhniw brz-css-rkjku\">\n<div class=\"brz-css-xcxkt brz-css-cltro brz-wrapper\">\n<div class=\"brz-rich-text brz-css-chtop\" data-custom-id=\"muqftsucmoobwtqturzrayschbwwfkjqewgm\">\n<div>\n<p class=\"brz-css-mcbwx\" data-uniq-id=\"ahuwg\" data-generated-css=\"brz-css-ujtkx\"><span class=\"brz-cp-color7\">Dieses Transportfahrzeug mit Ladebordwand ist standardm\u00e4\u00dfig mit einer abnehmbaren L\u00f6scheinheit beladen. Durch die gute Gel\u00e4ndeg\u00e4ngigkeit ist es in Berggebieten sehr gut einsetzbar. Weiters dient es als Transportfahrzeug f\u00fcr die verschiedenen modularen Rollwagen und kann somit in verschiedenen Einsatzsituationen individuell beladen und eingesetzt werden.<\/span><\/p>\n<\/div>\n<\/div>\n<\/div>\n<\/div>\n<\/div>\n<\/div>\n<\/div>\n<div class=\"brz-row__container brz-css-gitpt\" data-custom-id=\"scuxysjgcppjfcqqrlsimjyrpswozrznywuq\">\n<div class=\"brz-row brz-css-nvzhg brz-css-jtehw\">\n<div class=\"brz-columns brz-css-mzjkc brz-css-yqemq\" data-custom-id=\"iqnjnbdeqgkqcmclomnalhhzayryczjrgbam\">\n<div class=\"brz-column__items brz-css-lhniw\">\n<div class=\"brz-css-xcxkt brz-css-susuo brz-wrapper\">\n<div class=\"brz-icon-text brz-css-ifmtm\" data-custom-id=\"mwkcyjxhdgjbgugsedigwvjtgxzcfvifzbkz\">\n<div id class=\"brz-icon__container\" data-custom-id=\"cqglkpjuorfabgfrugtbymdbftdhdpmprewq\"><span class=\"brz-span brz-icon css-8lc2bu\"><\/span><\/div>\n<div class=\"brz-text-btn\">\n<div class=\"brz-rich-text brz-css-chtop\" data-custom-id=\"fjzzucokqqcportoltexcmngdsfuquaigrej\">\n<div>\n<p class=\"brz-css-evliu\" data-uniq-id=\"ajzoe\" data-generated-css=\"brz-css-ctenc\"><span class=\"brz-cp-color7\">Besatzung:<\/span><\/p>\n<p class=\"brz-css-knpct\" data-uniq-id=\"fvmrn\" data-generated-css=\"brz-css-qpkgn\"><span class=\"brz-cp-color7\">5 + 1 Mann<\/span><\/p>\n<\/div>\n<\/div>\n<\/div>\n<\/div>\n<\/div>\n<\/div>\n<\/div>\n<div class=\"brz-columns brz-css-mzjkc brz-css-bbdnr\" data-custom-id=\"mnodxcfetnpxxiuqmfrctbpylowyosmkbefs\">\n<div class=\"brz-column__items brz-css-lhniw\">\n<div class=\"brz-css-xcxkt brz-css-kclhg brz-wrapper\">\n<div class=\"brz-icon-text brz-css-ifmtm\" data-custom-id=\"vptvrzevxrpughbqyyzaeslgbxsmgydooqeb\">\n<div id class=\"brz-icon__container\" data-custom-id=\"lhwztugzttkxivhdmnznxusiukhjsaqufolw\"><span class=\"brz-span brz-icon css-1q3m5hw\"><\/span><\/div>\n<div class=\"brz-text-btn\">\n<div class=\"brz-rich-text brz-css-chtop\" data-custom-id=\"xcqbyzvkgfagnxyrmoeqlzgsmdfvglkfaphx\">\n<div>\n<p class=\"brz-css-hvyfe\" data-uniq-id=\"ikckl\" data-generated-css=\"brz-css-hkdcz\"><strong class=\"brz-cp-color7\" style=\"background-color: initial\">Gewicht:<\/strong><\/p>\n<p class=\"brz-css-ewele\" data-uniq-id=\"mgxor\" data-generated-css=\"brz-css-tlols\"><strong class=\"brz-cp-color7\">7.000 kg<\/strong><\/p>\n<\/div>\n<\/div>\n<\/div>\n<\/div>\n<\/div>\n<\/div>\n<\/div>\n<div class=\"brz-columns brz-css-mzjkc brz-css-qpjdh\" data-custom-id=\"xqrfikeghxnnqyxiewztrkixhakgqrslprho\">\n<div class=\"brz-column__items brz-css-lhniw\">\n<div class=\"brz-css-xcxkt brz-css-fifad brz-wrapper\">\n<div class=\"brz-icon-text brz-css-ifmtm\" data-custom-id=\"tqktojylcsosyprpezootmeqdztxwxdzikom\">\n<div id class=\"brz-icon__container\" data-custom-id=\"sgbougjutrdntdhdiqvuosmlfwpqjzndxkxi\"><span class=\"brz-span brz-icon css-8lc2bu\"><\/span><\/div>\n<div class=\"brz-text-btn\">\n<div class=\"brz-rich-text brz-css-chtop\" data-custom-id=\"txmttaahrysdyudgxpfhrsmssjkhhdqegflt\">\n<div>\n<p class=\"brz-css-rqyzd\" data-uniq-id=\"uohnj\" data-generated-css=\"brz-css-thhbj\"><span class=\"brz-cp-color7\">Leistung:<\/span><\/p>\n<p class=\"brz-css-kdflo\" data-uniq-id=\"aamkd\" data-generated-css=\"brz-css-irzny\"><span class=\"brz-cp-color7\">210 PS<\/span><\/p>\n<\/div>\n<\/div>\n<\/div>\n<\/div>\n<\/div>\n<\/div>\n<\/div>\n<\/div>\n<\/div>\n<div class=\"brz-row__container brz-css-gitpt\" data-custom-id=\"dqydcauruewgwkyenoyjntvyeqypsqtujzrm\">\n<div class=\"brz-row brz-css-nvzhg brz-css-jtehw\">\n<div class=\"brz-columns brz-css-mzjkc brz-css-eaycq\" data-custom-id=\"cdgarcdpnesgnqmydzbcpypdtfziebxcbxbh\">\n<div class=\"brz-column__items brz-css-lhniw\">\n<div class=\"brz-css-xcxkt brz-css-oxrbg brz-wrapper\">\n<div class=\"brz-icon-text brz-css-ifmtm\" data-custom-id=\"tncdpxfguqrqmgnhurvfzjxdxohusbaljygv\">\n<div id class=\"brz-icon__container\" data-custom-id=\"ftrcbnxsfrbgirvbfcuhoztzkfqukfdmoear\"><span class=\"brz-span brz-icon css-8lc2bu\"><\/span><\/div>\n<div class=\"brz-text-btn\">\n<div class=\"brz-rich-text brz-css-chtop\" data-custom-id=\"vnhplfhpqylzndbltyissuagskilazyobjwr\">\n<div>\n<p class=\"brz-css-qmiux\" data-uniq-id=\"mdchd\" data-generated-css=\"brz-css-qvtpp\"><span class=\"brz-cp-color7\">Baujahr:<\/span><\/p>\n<p class=\"brz-css-igurj\" data-uniq-id=\"vamwe\" data-generated-css=\"brz-css-cuadx\"><span class=\"brz-cp-color7\">2024<\/span><\/p>\n<\/div>\n<\/div>\n<\/div>\n<\/div>\n<\/div>\n<\/div>\n<\/div>\n<div class=\"brz-columns brz-css-mzjkc brz-css-xxwfm\" data-custom-id=\"oinupviwtpcwkhyoznrfnvfeuxfekrnovjri\">\n<div class=\"brz-column__items brz-css-lhniw\">\n<div class=\"brz-css-xcxkt brz-css-fmhoy brz-wrapper\">\n<div class=\"brz-icon-text brz-css-ifmtm\" data-custom-id=\"axezyfesryfhtesueuqhvujmjcyewjcgfsvz\">\n<div id class=\"brz-icon__container\" data-custom-id=\"zrytxnjuxgghefecdeogvfcvgchrngaoreme\"><span class=\"brz-span brz-icon css-8lc2bu\"><\/span><\/div>\n<div class=\"brz-text-btn\">\n<div class=\"brz-rich-text brz-css-chtop\" data-custom-id=\"wvayunmlyacjkfhtuvzwemgcddaksgcqbsii\">\n<div>\n<p class=\"brz-css-hcxas\"><span class=\"brz-cp-color7\">Antriebsart:<\/span><\/p>\n<p class=\"brz-css-ozcrf\"><span class=\"brz-cp-color7\">4\u00d72 | 4\u00d74 | Differentialsperre | Reduziertes Getriebe<\/span><\/p>\n<\/div>\n<\/div>\n<\/div>\n<\/div>\n<\/div>\n<\/div>\n<\/div>\n<\/div>\n<\/div>\n<\/div>\n<\/div>\n<\/section>\n<section data-uid=\"nhhgzlmcpdmheeuzbnjkcruvfqwgahxwxddm\" id=\"nhhgzlmcpdmheeuzbnjkcruvfqwgahxwxddm\" class=\"brz-section brz-css-jgupl brz-css-gzilk\">\n<div class=\"brz-section__content brz-section--boxed brz-css-obkmu brz-css-xjrii\" data-custom-id=\"ojhwasrcywvxxpompuqiogbhhrtzjqrtxzor\">\n<div class=\"brz-container brz-css-ffywv\">\n<div class=\"brz-css-xcxkt brz-css-wngae brz-wrapper\">\n<div class=\"brz-rich-text brz-css-chtop\" data-custom-id=\"fnzxtwyserxkhlagbqtjqgwpfcgaefmvuthv\">\n<div>\n<p class=\"brz-css-cunsm\"><strong>Ausstattung<\/strong><\/p>\n<\/div>\n<\/div>\n<\/div>\n<\/div>\n<\/div>\n<\/section>\n<section data-uid=\"loafbrkkukcsuzrrjskevobwkvubbzigxcig\" id=\"loafbrkkukcsuzrrjskevobwkvubbzigxcig\" class=\"brz-section brz-css-jgupl\">\n<div class=\"brz-section__content brz-section--boxed brz-css-obkmu brz-css-wnwiz\" data-custom-id=\"gepezcnhzqnwmkhednutvxiqiflzpipidcer\">\n<div class=\"brz-container brz-css-ffywv\">\n<div class=\"brz-css-xcxkt brz-css-cmsyl brz-wrapper\">\n<div class=\"brz-rich-text brz-css-chtop\" data-custom-id=\"mdtlvwtgdjplrsvefowwxajcrgrbxqoepmrh\">\n<div>\n<ul>\n<li class=\"brz-css-xkgqy\" data-uniq-id=\"tbbgu\" data-generated-css=\"brz-css-erepv\"><span class=\"brz-cp-color7\">Mobile L\u00f6scheinheit mit 600l L\u00f6schwassertank, Hochdruckpumpe und Schlauchhaspel<\/span><\/li>\n<li class=\"brz-css-hisxk\" data-uniq-id=\"tbbgu\" data-generated-css=\"brz-css-erepv\"><span class=\"brz-cp-color7\">Container Wasserf\u00f6rderung: Tragkraftspritze, Schl\u00e4uche, weitere wasserf\u00fchrende Armaturen<\/span><\/li>\n<li class=\"brz-css-lbpnp\" data-uniq-id=\"tbbgu\" data-generated-css=\"brz-css-erepv\"><span class=\"brz-cp-color7\">Container Strom: Stromgenerator, Wassersauer, Schlammpumpe und Zubeh\u00f6r<\/span><\/li>\n<li class=\"brz-css-uavzc\" data-uniq-id=\"tbbgu\" data-generated-css=\"brz-css-erepv\"><span class=\"brz-cp-color7\">Container technische Hilfeleistung: Motorkettens\u00e4ge, Greifzug mit Zubeh\u00f6r, Verankerungs- und Sicherungsger\u00e4te <\/span><\/li>\n<\/ul>\n<\/div>\n<\/div>\n<\/div>\n<\/div>\n<\/div>\n<\/section>\n<\/div>\n<p><!-- version:1774556621 --><\/p>\n","protected":false},"excerpt":{"rendered":"<p>tail Transportfahrzeug-Allrad mit Ladebordwand Dieses Transportfahrzeug mit Ladebordwand ist standardm\u00e4\u00dfig mit einer abnehmbaren L\u00f6scheinheit beladen. Durch die gute Gel\u00e4ndeg\u00e4ngigkeit ist es in Berggebieten sehr gut einsetzbar. Weiters dient es als Transportfahrzeug f\u00fcr die verschiedenen modularen Rollwagen und kann somit in verschiedenen Einsatzsituationen individuell beladen und eingesetzt werden. Besatzung: 5 + 1 Mann Gewicht: 7.000 kg&nbsp;&hellip;<\/p>\n","protected":false},"author":5,"featured_media":0,"parent":175,"menu_order":0,"comment_status":"closed","ping_status":"closed","template":"","meta":[],"yoast_head":"<!-- This site is optimized with the Yoast SEO plugin v20.4 - https:\/\/yoast.com\/wordpress\/plugins\/seo\/ -->\n<title>Transportfahrzeug - Allrad mit Ladebordwand - Freiwillige Feuerwehr Bozen EO<\/title>\n<meta name=\"robots\" content=\"index, follow, max-snippet:-1, max-image-preview:large, max-video-preview:-1\" \/>\n<link rel=\"canonical\" href=\"https:\/\/ffbozen.it\/de\/ausruestung\/fuhrpark\/transportfahrzeug-allrad-mit-ladebordwand\/\" \/>\n<meta property=\"og:locale\" content=\"de_DE\" \/>\n<meta property=\"og:type\" content=\"article\" \/>\n<meta property=\"og:title\" content=\"Transportfahrzeug - Allrad mit Ladebordwand - Freiwillige Feuerwehr Bozen EO\" \/>\n<meta property=\"og:description\" content=\"tail Transportfahrzeug-Allrad mit Ladebordwand Dieses Transportfahrzeug mit Ladebordwand ist standardm\u00e4\u00dfig mit einer abnehmbaren L\u00f6scheinheit beladen. Durch die gute Gel\u00e4ndeg\u00e4ngigkeit ist es in Berggebieten sehr gut einsetzbar. Weiters dient es als Transportfahrzeug f\u00fcr die verschiedenen modularen Rollwagen und kann somit in verschiedenen Einsatzsituationen individuell beladen und eingesetzt werden. Besatzung: 5 + 1 Mann Gewicht: 7.000 kg&nbsp;&hellip;\" \/>\n<meta property=\"og:url\" content=\"https:\/\/ffbozen.it\/de\/ausruestung\/fuhrpark\/transportfahrzeug-allrad-mit-ladebordwand\/\" \/>\n<meta property=\"og:site_name\" content=\"Freiwillige Feuerwehr Bozen EO\" \/>\n<meta property=\"article:publisher\" content=\"https:\/\/www.facebook.com\/ff.bozen\" \/>\n<meta property=\"article:modified_time\" content=\"2026-03-26T20:23:41+00:00\" \/>\n<meta property=\"og:image\" content=\"https:\/\/ffbozen.it\/de\/wp-content\/uploads\/brizy\/imgs\/FFBozen_Fahrzeug2KO_01-1920x1080x0x1x1920x1079x1726129789.jpeg\" \/>\n<meta name=\"twitter:card\" content=\"summary_large_image\" \/>\n<script type=\"application\/ld+json\" class=\"yoast-schema-graph\">{\"@context\":\"https:\/\/schema.org\",\"@graph\":[{\"@type\":\"WebPage\",\"@id\":\"https:\/\/ffbozen.it\/de\/ausruestung\/fuhrpark\/transportfahrzeug-allrad-mit-ladebordwand\/\",\"url\":\"https:\/\/ffbozen.it\/de\/ausruestung\/fuhrpark\/transportfahrzeug-allrad-mit-ladebordwand\/\",\"name\":\"Transportfahrzeug - Allrad mit Ladebordwand - Freiwillige Feuerwehr Bozen EO\",\"isPartOf\":{\"@id\":\"https:\/\/ffbozen.it\/de\/#website\"},\"datePublished\":\"2024-09-12T08:30:50+00:00\",\"dateModified\":\"2026-03-26T20:23:41+00:00\",\"breadcrumb\":{\"@id\":\"https:\/\/ffbozen.it\/de\/ausruestung\/fuhrpark\/transportfahrzeug-allrad-mit-ladebordwand\/#breadcrumb\"},\"inLanguage\":\"de\",\"potentialAction\":[{\"@type\":\"ReadAction\",\"target\":[\"https:\/\/ffbozen.it\/de\/ausruestung\/fuhrpark\/transportfahrzeug-allrad-mit-ladebordwand\/\"]}]},{\"@type\":\"BreadcrumbList\",\"@id\":\"https:\/\/ffbozen.it\/de\/ausruestung\/fuhrpark\/transportfahrzeug-allrad-mit-ladebordwand\/#breadcrumb\",\"itemListElement\":[{\"@type\":\"ListItem\",\"position\":1,\"name\":\"Startseite\",\"item\":\"https:\/\/ffbozen.it\/de\/\"},{\"@type\":\"ListItem\",\"position\":2,\"name\":\"Ausr\u00fcstung\",\"item\":\"https:\/\/ffbozen.it\/de\/ausruestung\/\"},{\"@type\":\"ListItem\",\"position\":3,\"name\":\"Fuhrpark\",\"item\":\"https:\/\/ffbozen.it\/de\/ausruestung\/fuhrpark\/\"},{\"@type\":\"ListItem\",\"position\":4,\"name\":\"Transportfahrzeug &#8211; Allrad mit Ladebordwand\"}]},{\"@type\":\"WebSite\",\"@id\":\"https:\/\/ffbozen.it\/de\/#website\",\"url\":\"https:\/\/ffbozen.it\/de\/\",\"name\":\"Freiwillige Feuerwehr Bozen EO\",\"description\":\"\",\"publisher\":{\"@id\":\"https:\/\/ffbozen.it\/de\/#organization\"},\"potentialAction\":[{\"@type\":\"SearchAction\",\"target\":{\"@type\":\"EntryPoint\",\"urlTemplate\":\"https:\/\/ffbozen.it\/de\/?s={search_term_string}\"},\"query-input\":\"required name=search_term_string\"}],\"inLanguage\":\"de\"},{\"@type\":\"Organization\",\"@id\":\"https:\/\/ffbozen.it\/de\/#organization\",\"name\":\"Freiwillige Feuerwehr Bozen\",\"url\":\"https:\/\/ffbozen.it\/de\/\",\"logo\":{\"@type\":\"ImageObject\",\"inLanguage\":\"de\",\"@id\":\"https:\/\/ffbozen.it\/de\/#\/schema\/logo\/image\/\",\"url\":\"https:\/\/ffbozen.it\/de\/wp-content\/uploads\/2020\/11\/Logo-ohne-Text-scaled-e1606231422963.jpg\",\"contentUrl\":\"https:\/\/ffbozen.it\/de\/wp-content\/uploads\/2020\/11\/Logo-ohne-Text-scaled-e1606231422963.jpg\",\"width\":350,\"height\":140,\"caption\":\"Freiwillige Feuerwehr Bozen\"},\"image\":{\"@id\":\"https:\/\/ffbozen.it\/de\/#\/schema\/logo\/image\/\"},\"sameAs\":[\"https:\/\/www.facebook.com\/ff.bozen\",\"https:\/\/www.instagram.com\/ff.bozen\/\"]}]}<\/script>\n<!-- \/ Yoast SEO plugin. -->","yoast_head_json":{"title":"Transportfahrzeug - Allrad mit Ladebordwand - Freiwillige Feuerwehr Bozen EO","robots":{"index":"index","follow":"follow","max-snippet":"max-snippet:-1","max-image-preview":"max-image-preview:large","max-video-preview":"max-video-preview:-1"},"canonical":"https:\/\/ffbozen.it\/de\/ausruestung\/fuhrpark\/transportfahrzeug-allrad-mit-ladebordwand\/","og_locale":"de_DE","og_type":"article","og_title":"Transportfahrzeug - Allrad mit Ladebordwand - Freiwillige Feuerwehr Bozen EO","og_description":"tail Transportfahrzeug-Allrad mit Ladebordwand Dieses Transportfahrzeug mit Ladebordwand ist standardm\u00e4\u00dfig mit einer abnehmbaren L\u00f6scheinheit beladen. Durch die gute Gel\u00e4ndeg\u00e4ngigkeit ist es in Berggebieten sehr gut einsetzbar. Weiters dient es als Transportfahrzeug f\u00fcr die verschiedenen modularen Rollwagen und kann somit in verschiedenen Einsatzsituationen individuell beladen und eingesetzt werden. Besatzung: 5 + 1 Mann Gewicht: 7.000 kg&nbsp;&hellip;","og_url":"https:\/\/ffbozen.it\/de\/ausruestung\/fuhrpark\/transportfahrzeug-allrad-mit-ladebordwand\/","og_site_name":"Freiwillige Feuerwehr Bozen EO","article_publisher":"https:\/\/www.facebook.com\/ff.bozen","article_modified_time":"2026-03-26T20:23:41+00:00","og_image":[{"url":"https:\/\/ffbozen.it\/de\/wp-content\/uploads\/brizy\/imgs\/FFBozen_Fahrzeug2KO_01-1920x1080x0x1x1920x1079x1726129789.jpeg"}],"twitter_card":"summary_large_image","schema":{"@context":"https:\/\/schema.org","@graph":[{"@type":"WebPage","@id":"https:\/\/ffbozen.it\/de\/ausruestung\/fuhrpark\/transportfahrzeug-allrad-mit-ladebordwand\/","url":"https:\/\/ffbozen.it\/de\/ausruestung\/fuhrpark\/transportfahrzeug-allrad-mit-ladebordwand\/","name":"Transportfahrzeug - Allrad mit Ladebordwand - Freiwillige Feuerwehr Bozen EO","isPartOf":{"@id":"https:\/\/ffbozen.it\/de\/#website"},"datePublished":"2024-09-12T08:30:50+00:00","dateModified":"2026-03-26T20:23:41+00:00","breadcrumb":{"@id":"https:\/\/ffbozen.it\/de\/ausruestung\/fuhrpark\/transportfahrzeug-allrad-mit-ladebordwand\/#breadcrumb"},"inLanguage":"de","potentialAction":[{"@type":"ReadAction","target":["https:\/\/ffbozen.it\/de\/ausruestung\/fuhrpark\/transportfahrzeug-allrad-mit-ladebordwand\/"]}]},{"@type":"BreadcrumbList","@id":"https:\/\/ffbozen.it\/de\/ausruestung\/fuhrpark\/transportfahrzeug-allrad-mit-ladebordwand\/#breadcrumb","itemListElement":[{"@type":"ListItem","position":1,"name":"Startseite","item":"https:\/\/ffbozen.it\/de\/"},{"@type":"ListItem","position":2,"name":"Ausr\u00fcstung","item":"https:\/\/ffbozen.it\/de\/ausruestung\/"},{"@type":"ListItem","position":3,"name":"Fuhrpark","item":"https:\/\/ffbozen.it\/de\/ausruestung\/fuhrpark\/"},{"@type":"ListItem","position":4,"name":"Transportfahrzeug &#8211; Allrad mit Ladebordwand"}]},{"@type":"WebSite","@id":"https:\/\/ffbozen.it\/de\/#website","url":"https:\/\/ffbozen.it\/de\/","name":"Freiwillige Feuerwehr Bozen EO","description":"","publisher":{"@id":"https:\/\/ffbozen.it\/de\/#organization"},"potentialAction":[{"@type":"SearchAction","target":{"@type":"EntryPoint","urlTemplate":"https:\/\/ffbozen.it\/de\/?s={search_term_string}"},"query-input":"required name=search_term_string"}],"inLanguage":"de"},{"@type":"Organization","@id":"https:\/\/ffbozen.it\/de\/#organization","name":"Freiwillige Feuerwehr Bozen","url":"https:\/\/ffbozen.it\/de\/","logo":{"@type":"ImageObject","inLanguage":"de","@id":"https:\/\/ffbozen.it\/de\/#\/schema\/logo\/image\/","url":"https:\/\/ffbozen.it\/de\/wp-content\/uploads\/2020\/11\/Logo-ohne-Text-scaled-e1606231422963.jpg","contentUrl":"https:\/\/ffbozen.it\/de\/wp-content\/uploads\/2020\/11\/Logo-ohne-Text-scaled-e1606231422963.jpg","width":350,"height":140,"caption":"Freiwillige Feuerwehr Bozen"},"image":{"@id":"https:\/\/ffbozen.it\/de\/#\/schema\/logo\/image\/"},"sameAs":["https:\/\/www.facebook.com\/ff.bozen","https:\/\/www.instagram.com\/ff.bozen\/"]}]}},"_links":{"self":[{"href":"https:\/\/ffbozen.it\/de\/wp-json\/wp\/v2\/pages\/24203"}],"collection":[{"href":"https:\/\/ffbozen.it\/de\/wp-json\/wp\/v2\/pages"}],"about":[{"href":"https:\/\/ffbozen.it\/de\/wp-json\/wp\/v2\/types\/page"}],"author":[{"embeddable":true,"href":"https:\/\/ffbozen.it\/de\/wp-json\/wp\/v2\/users\/5"}],"replies":[{"embeddable":true,"href":"https:\/\/ffbozen.it\/de\/wp-json\/wp\/v2\/comments?post=24203"}],"version-history":[{"count":8,"href":"https:\/\/ffbozen.it\/de\/wp-json\/wp\/v2\/pages\/24203\/revisions"}],"predecessor-version":[{"id":24257,"href":"https:\/\/ffbozen.it\/de\/wp-json\/wp\/v2\/pages\/24203\/revisions\/24257"}],"up":[{"embeddable":true,"href":"https:\/\/ffbozen.it\/de\/wp-json\/wp\/v2\/pages\/175"}],"wp:attachment":[{"href":"https:\/\/ffbozen.it\/de\/wp-json\/wp\/v2\/media?parent=24203"}],"curies":[{"name":"wp","href":"https:\/\/api.w.org\/{rel}","templated":true}]}}