{"id":26,"date":"2020-11-17T08:09:58","date_gmt":"2020-11-17T07:09:58","guid":{"rendered":"http:\/\/ffbozen.it\/de\/?page_id=26"},"modified":"2026-03-27T05:08:31","modified_gmt":"2026-03-27T04:08:31","slug":"einsaetze","status":"publish","type":"page","link":"https:\/\/ffbozen.it\/de\/einsaetze\/","title":{"rendered":"Eins\u00e4tze"},"content":{"rendered":"<div class=\"brz-root__container brz-reset-all\">\n<section data-uid=\"jqzffhxsawjcrsgnqysqyyjprhakzqoddehf\" id=\"jqzffhxsawjcrsgnqysqyyjprhakzqoddehf\" class=\"brz-section brz-css-jqhfc\">\n<div class=\"brz-section__content brz-section--boxed brz-css-zzioz brz-css-ucjml\" data-custom-id=\"wmhkgvtrckreyuepglymcjiikmzjfmtokvqc\">\n<div class=\"brz-bg\">\n<div class=\"brz-bg-color\"><\/div>\n<\/div>\n<div class=\"brz-container brz-css-kzijt\">\n<div class=\"brz-row__container brz-css-dbxxx\" data-custom-id=\"xpzayopjhldzxuadwtuuhkjeqifytfjpnlhd\">\n<div class=\"brz-row brz-css-kufih brz-css-acmry\">\n<div class=\"brz-columns brz-css-ycjkf brz-css-tiqop\" data-custom-id=\"kbchkdizttwmgrurzwcwyofwjsjcqmlzjhno\">\n<div class=\"brz-column__items brz-css-bxjpz brz-css-fljem\">\n<div class=\"brz-css-zjfwf brz-css-ezhfc brz-wrapper\">\n<div class=\"brz-rich-text brz-css-wjvpq\" data-custom-id=\"wxuffjjibfypcarcisihhiwkwxtksqvganab\">\n<div>\n<p class=\"brz-css-sgkqw\"><span>Unsere Eins\u00e4tze<\/span><\/p>\n<\/div>\n<\/div>\n<\/div>\n<\/div>\n<\/div>\n<\/div>\n<\/div>\n<div class=\"brz-row__container brz-css-dbxxx\" data-custom-id=\"dkmguvqxqaqhzpsxrragjmymuhbaltwleime\">\n<div class=\"brz-row brz-css-kufih brz-css-acmry\">\n<div class=\"brz-columns brz-css-ycjkf brz-css-vhslv\" data-custom-id=\"heqtpuilqwkxahocyvjrfkqoyvogokswnrhv\">\n<div class=\"brz-column__items brz-css-bxjpz brz-css-denco\">\n<div class=\"brz-css-zjfwf brz-css-tclry brz-wrapper\">\n<div class=\"brz-rich-text brz-css-wjvpq\" data-custom-id=\"vjpiekqctumoikbqorpiydziuwuynjwziktb\">\n<div>\n<p class=\"brz-css-snjas\"><span class=\"brz-cp-color7\"><span>F\u00fcr den gew\u00e4hlten Zeitraum stehen keine Einsatzberichte zur Verf\u00fcgung.<\/span><\/span><\/p>\n<\/div>\n<\/div>\n<\/div>\n<\/div>\n<\/div>\n<\/div>\n<\/div>\n<\/div>\n<\/div>\n<\/section>\n<\/div>\n<p><!-- version:1774584511 --><\/p>\n","protected":false},"excerpt":{"rendered":"<p>Unsere Eins\u00e4tze<\/p>\n","protected":false},"author":1,"featured_media":0,"parent":0,"menu_order":0,"comment_status":"closed","ping_status":"closed","template":"","meta":[],"yoast_head":"<!-- This site is optimized with the Yoast SEO plugin v20.4 - https:\/\/yoast.com\/wordpress\/plugins\/seo\/ -->\n<title>Eins\u00e4tze - Freiwillige Feuerwehr Bozen EO<\/title>\n<meta name=\"robots\" content=\"index, follow, max-snippet:-1, max-image-preview:large, max-video-preview:-1\" \/>\n<link rel=\"canonical\" href=\"https:\/\/ffbozen.it\/de\/einsaetze\/\" \/>\n<meta property=\"og:locale\" content=\"de_DE\" \/>\n<meta property=\"og:type\" content=\"article\" \/>\n<meta property=\"og:title\" content=\"Eins\u00e4tze - Freiwillige Feuerwehr Bozen EO\" \/>\n<meta property=\"og:description\" content=\"Unsere Eins\u00e4tze\" \/>\n<meta property=\"og:url\" content=\"https:\/\/ffbozen.it\/de\/einsaetze\/\" \/>\n<meta property=\"og:site_name\" content=\"Freiwillige Feuerwehr Bozen EO\" \/>\n<meta property=\"article:publisher\" content=\"https:\/\/www.facebook.com\/ff.bozen\" \/>\n<meta property=\"article:modified_time\" content=\"2026-03-27T04:08:31+00:00\" \/>\n<meta name=\"twitter:card\" content=\"summary_large_image\" \/>\n<script type=\"application\/ld+json\" class=\"yoast-schema-graph\">{\"@context\":\"https:\/\/schema.org\",\"@graph\":[{\"@type\":\"WebPage\",\"@id\":\"https:\/\/ffbozen.it\/de\/einsaetze\/\",\"url\":\"https:\/\/ffbozen.it\/de\/einsaetze\/\",\"name\":\"Eins\u00e4tze - Freiwillige Feuerwehr Bozen EO\",\"isPartOf\":{\"@id\":\"https:\/\/ffbozen.it\/de\/#website\"},\"datePublished\":\"2020-11-17T07:09:58+00:00\",\"dateModified\":\"2026-03-27T04:08:31+00:00\",\"breadcrumb\":{\"@id\":\"https:\/\/ffbozen.it\/de\/einsaetze\/#breadcrumb\"},\"inLanguage\":\"de\",\"potentialAction\":[{\"@type\":\"ReadAction\",\"target\":[\"https:\/\/ffbozen.it\/de\/einsaetze\/\"]}]},{\"@type\":\"BreadcrumbList\",\"@id\":\"https:\/\/ffbozen.it\/de\/einsaetze\/#breadcrumb\",\"itemListElement\":[{\"@type\":\"ListItem\",\"position\":1,\"name\":\"Startseite\",\"item\":\"https:\/\/ffbozen.it\/de\/\"},{\"@type\":\"ListItem\",\"position\":2,\"name\":\"Eins\u00e4tze\"}]},{\"@type\":\"WebSite\",\"@id\":\"https:\/\/ffbozen.it\/de\/#website\",\"url\":\"https:\/\/ffbozen.it\/de\/\",\"name\":\"Freiwillige Feuerwehr Bozen EO\",\"description\":\"\",\"publisher\":{\"@id\":\"https:\/\/ffbozen.it\/de\/#organization\"},\"potentialAction\":[{\"@type\":\"SearchAction\",\"target\":{\"@type\":\"EntryPoint\",\"urlTemplate\":\"https:\/\/ffbozen.it\/de\/?s={search_term_string}\"},\"query-input\":\"required name=search_term_string\"}],\"inLanguage\":\"de\"},{\"@type\":\"Organization\",\"@id\":\"https:\/\/ffbozen.it\/de\/#organization\",\"name\":\"Freiwillige Feuerwehr Bozen\",\"url\":\"https:\/\/ffbozen.it\/de\/\",\"logo\":{\"@type\":\"ImageObject\",\"inLanguage\":\"de\",\"@id\":\"https:\/\/ffbozen.it\/de\/#\/schema\/logo\/image\/\",\"url\":\"https:\/\/ffbozen.it\/de\/wp-content\/uploads\/2020\/11\/Logo-ohne-Text-scaled-e1606231422963.jpg\",\"contentUrl\":\"https:\/\/ffbozen.it\/de\/wp-content\/uploads\/2020\/11\/Logo-ohne-Text-scaled-e1606231422963.jpg\",\"width\":350,\"height\":140,\"caption\":\"Freiwillige Feuerwehr Bozen\"},\"image\":{\"@id\":\"https:\/\/ffbozen.it\/de\/#\/schema\/logo\/image\/\"},\"sameAs\":[\"https:\/\/www.facebook.com\/ff.bozen\",\"https:\/\/www.instagram.com\/ff.bozen\/\"]}]}<\/script>\n<!-- \/ Yoast SEO plugin. -->","yoast_head_json":{"title":"Eins\u00e4tze - Freiwillige Feuerwehr Bozen EO","robots":{"index":"index","follow":"follow","max-snippet":"max-snippet:-1","max-image-preview":"max-image-preview:large","max-video-preview":"max-video-preview:-1"},"canonical":"https:\/\/ffbozen.it\/de\/einsaetze\/","og_locale":"de_DE","og_type":"article","og_title":"Eins\u00e4tze - Freiwillige Feuerwehr Bozen EO","og_description":"Unsere Eins\u00e4tze","og_url":"https:\/\/ffbozen.it\/de\/einsaetze\/","og_site_name":"Freiwillige Feuerwehr Bozen EO","article_publisher":"https:\/\/www.facebook.com\/ff.bozen","article_modified_time":"2026-03-27T04:08:31+00:00","twitter_card":"summary_large_image","schema":{"@context":"https:\/\/schema.org","@graph":[{"@type":"WebPage","@id":"https:\/\/ffbozen.it\/de\/einsaetze\/","url":"https:\/\/ffbozen.it\/de\/einsaetze\/","name":"Eins\u00e4tze - Freiwillige Feuerwehr Bozen EO","isPartOf":{"@id":"https:\/\/ffbozen.it\/de\/#website"},"datePublished":"2020-11-17T07:09:58+00:00","dateModified":"2026-03-27T04:08:31+00:00","breadcrumb":{"@id":"https:\/\/ffbozen.it\/de\/einsaetze\/#breadcrumb"},"inLanguage":"de","potentialAction":[{"@type":"ReadAction","target":["https:\/\/ffbozen.it\/de\/einsaetze\/"]}]},{"@type":"BreadcrumbList","@id":"https:\/\/ffbozen.it\/de\/einsaetze\/#breadcrumb","itemListElement":[{"@type":"ListItem","position":1,"name":"Startseite","item":"https:\/\/ffbozen.it\/de\/"},{"@type":"ListItem","position":2,"name":"Eins\u00e4tze"}]},{"@type":"WebSite","@id":"https:\/\/ffbozen.it\/de\/#website","url":"https:\/\/ffbozen.it\/de\/","name":"Freiwillige Feuerwehr Bozen EO","description":"","publisher":{"@id":"https:\/\/ffbozen.it\/de\/#organization"},"potentialAction":[{"@type":"SearchAction","target":{"@type":"EntryPoint","urlTemplate":"https:\/\/ffbozen.it\/de\/?s={search_term_string}"},"query-input":"required name=search_term_string"}],"inLanguage":"de"},{"@type":"Organization","@id":"https:\/\/ffbozen.it\/de\/#organization","name":"Freiwillige Feuerwehr Bozen","url":"https:\/\/ffbozen.it\/de\/","logo":{"@type":"ImageObject","inLanguage":"de","@id":"https:\/\/ffbozen.it\/de\/#\/schema\/logo\/image\/","url":"https:\/\/ffbozen.it\/de\/wp-content\/uploads\/2020\/11\/Logo-ohne-Text-scaled-e1606231422963.jpg","contentUrl":"https:\/\/ffbozen.it\/de\/wp-content\/uploads\/2020\/11\/Logo-ohne-Text-scaled-e1606231422963.jpg","width":350,"height":140,"caption":"Freiwillige Feuerwehr Bozen"},"image":{"@id":"https:\/\/ffbozen.it\/de\/#\/schema\/logo\/image\/"},"sameAs":["https:\/\/www.facebook.com\/ff.bozen","https:\/\/www.instagram.com\/ff.bozen\/"]}]}},"_links":{"self":[{"href":"https:\/\/ffbozen.it\/de\/wp-json\/wp\/v2\/pages\/26"}],"collection":[{"href":"https:\/\/ffbozen.it\/de\/wp-json\/wp\/v2\/pages"}],"about":[{"href":"https:\/\/ffbozen.it\/de\/wp-json\/wp\/v2\/types\/page"}],"author":[{"embeddable":true,"href":"https:\/\/ffbozen.it\/de\/wp-json\/wp\/v2\/users\/1"}],"replies":[{"embeddable":true,"href":"https:\/\/ffbozen.it\/de\/wp-json\/wp\/v2\/comments?post=26"}],"version-history":[{"count":0,"href":"https:\/\/ffbozen.it\/de\/wp-json\/wp\/v2\/pages\/26\/revisions"}],"wp:attachment":[{"href":"https:\/\/ffbozen.it\/de\/wp-json\/wp\/v2\/media?parent=26"}],"curies":[{"name":"wp","href":"https:\/\/api.w.org\/{rel}","templated":true}]}}