{"id":9224,"date":"2020-11-23T19:09:08","date_gmt":"2020-11-23T18:09:08","guid":{"rendered":"http:\/\/ffbozen.it\/de\/?page_id=9224"},"modified":"2026-03-25T22:04:50","modified_gmt":"2026-03-25T21:04:50","slug":"kleinruestfahrzeug-allrad","status":"publish","type":"page","link":"https:\/\/ffbozen.it\/de\/ausruestung\/fuhrpark\/kleinruestfahrzeug-allrad\/","title":{"rendered":"Kleinr\u00fcstfahrzeug &#8211; Allrad"},"content":{"rendered":"<div class=\"brz-root__container brz-reset-all\">\n<section data-uid=\"wdotymfnirgcpyhmqgnoxuegemhhjkxsbzrg\" id=\"wdotymfnirgcpyhmqgnoxuegemhhjkxsbzrg\" class=\"brz-section brz-css-csitz brz-css-wpumn\">\n<div class=\"brz-slick-slider brz-slick-slider__section\" data-slides-to-show=\"1\" data-slides-to-scroll=\"1\" data-arrows=\"true\" data-dots=\"true\" data-dots-class=\"brz-slick-slider__dots brz-slick-slider__dots--circle\" data-fade=\"false\" data-vertical=\"false\" data-auto-play=\"true\" data-auto-play-speed=\"3000\" data-swipe=\"true\" data-responsive=\"%5B%7B%22breakpoint%22%3A767%2C%22settings%22%3A%7B%22slidesToShow%22%3A1%2C%22slidesToScroll%22%3A1%7D%7D%5D\">\n<div>\n<div class=\"brz-section__content brz-section--fullWidth brz-css-cuotw brz-css-nipjt\" data-custom-id=\"tbfrdicsfxexyhdihdmprtzhuuaskrxdcywh\">\n<div class=\"brz-container brz-css-jtxin brz-css-pdbdi\">\n<div class=\"brz-css-bplew brz-css-emkkf brz-wrapper\">\n<div class=\"brz-image brz-image__lightbox brz-css-fpiea\"><a class=\"brz-a\" href=\"https:\/\/ffbozen.it\/de\/wp-content\/uploads\/2020\/12\/FFBozen_Fahrzeug3_01.jpg\" data-brz-link-type=\"lightBox\" id data-custom-id=\"opiwmawmjvfuyqprfowwzxbujwpyppgwdysl\"><img class=\"brz-img\" src=\"https:\/\/ffbozen.it\/de\/wp-content\/uploads\/brizy\/imgs\/FFBozen_Fahrzeug3_01-1997x1123x38x0x1920x1123x1610543664.jpg\" alt=\"\" loading=\"lazy\" \/><\/a><\/div>\n<\/div>\n<\/div>\n<\/div>\n<\/div>\n<div>\n<div class=\"brz-section__content brz-section--fullWidth brz-css-cuotw brz-css-fdxuf\" data-custom-id=\"bwrhbnuuvmkhdnssitzuquuyaevvtptgfepq\">\n<div class=\"brz-container brz-css-jtxin brz-css-hkpev\">\n<div class=\"brz-css-bplew brz-css-vgonr brz-wrapper\">\n<div class=\"brz-image brz-image__lightbox brz-css-dmatg\"><a class=\"brz-a\" href=\"https:\/\/ffbozen.it\/de\/wp-content\/uploads\/2020\/12\/FFBozen_Fahrzeug3_02.jpg\" data-brz-link-type=\"lightBox\" id data-custom-id=\"javgydmcgcbgybdftcdlffduufdrwfkcwgud\"><img class=\"brz-img\" src=\"https:\/\/ffbozen.it\/de\/wp-content\/uploads\/brizy\/imgs\/FFBozen_Fahrzeug3_02-1997x1123x38x0x1920x1123x1610543702.jpg\" alt=\"\" loading=\"lazy\" \/><\/a><\/div>\n<\/div>\n<\/div>\n<\/div>\n<\/div>\n<div>\n<div class=\"brz-section__content brz-section--fullWidth brz-css-cuotw brz-css-atwew\" data-custom-id=\"uvurqrrgveyvyshoyukqlkitkyqjdmofoglz\">\n<div class=\"brz-container brz-css-jtxin brz-css-fmmwk\">\n<div class=\"brz-css-bplew brz-css-hfdhq brz-wrapper\">\n<div class=\"brz-image brz-image__lightbox brz-css-woowr\"><a class=\"brz-a\" href=\"https:\/\/ffbozen.it\/de\/wp-content\/uploads\/2020\/12\/FFBozen_Fahrzeug3_03.jpg\" data-brz-link-type=\"lightBox\" id data-custom-id=\"trdznimtzetepqfqiixlvbsfuflndheqhivg\"><img class=\"brz-img\" src=\"https:\/\/ffbozen.it\/de\/wp-content\/uploads\/brizy\/imgs\/FFBozen_Fahrzeug3_03-1997x1123x38x0x1920x1123x1610543725.jpg\" alt=\"\" loading=\"lazy\" \/><\/a><\/div>\n<\/div>\n<\/div>\n<\/div>\n<\/div>\n<div>\n<div class=\"brz-section__content brz-section--fullWidth brz-css-cuotw brz-css-nippn\" data-custom-id=\"ljsniiouhaolgqrrqnrmanpwbrufohscuaox\">\n<div class=\"brz-container brz-css-jtxin brz-css-sxmwq\">\n<div class=\"brz-css-bplew brz-css-etkhs brz-wrapper\">\n<div class=\"brz-image brz-image__lightbox brz-css-osijk\"><a class=\"brz-a\" href=\"https:\/\/ffbozen.it\/de\/wp-content\/uploads\/2020\/12\/FFBozen_Fahrzeug3_04.jpg\" data-brz-link-type=\"lightBox\" id data-custom-id=\"eorqqxeefwlodulvntlhafuehpbjooqxxtaw\"><img class=\"brz-img\" src=\"https:\/\/ffbozen.it\/de\/wp-content\/uploads\/brizy\/imgs\/FFBozen_Fahrzeug3_04-1997x1123x38x0x1920x1123x1610543765.jpg\" alt=\"\" loading=\"lazy\" \/><\/a><\/div>\n<\/div>\n<\/div>\n<\/div>\n<\/div>\n<p><title>tail<\/title>\n<\/div>\n<\/section>\n<section data-uid=\"smvtimedzngjwmxpunvyszlsqhkvofkgbnee\" id=\"smvtimedzngjwmxpunvyszlsqhkvofkgbnee\" class=\"brz-section brz-css-csitz\">\n<div class=\"brz-section__content brz-section--fullWidth brz-css-cuotw brz-css-bmfqp\" data-custom-id=\"apihmoxksljlhhngcjamrapprtawznuwkkex\">\n<div class=\"brz-bg\">\n<div class=\"brz-bg-color\"><\/div>\n<\/div>\n<div class=\"brz-container brz-css-jtxin brz-css-ckaot\">\n<div class=\"brz-row__container brz-css-rinjn\" data-custom-id=\"wmlivrlznecjbbnhmlopxfwelvjlkbxknpou\">\n<div class=\"brz-row brz-css-jhgxh brz-css-zjgjz\">\n<div class=\"brz-columns brz-css-xehkh brz-css-ywwox\" data-custom-id=\"chmcvajqixxvlnelgmarwoszeqlomgywiehi\">\n<div class=\"brz-column__items brz-css-ighyl brz-css-rmnfi\">\n<div class=\"brz-css-bplew brz-css-ikcoi brz-wrapper\">\n<div class=\"brz-rich-text brz-css-hhzud\" data-custom-id=\"numoojbayqwpsncuwqpwaeetxhcwaqqockfu\">\n<div>\n<h2 class=\"brz-css-mlkfq\"><span>Kleinr\u00fcstfahrzeug &#8211; Allrad<\/span><\/h2>\n<\/div>\n<\/div>\n<\/div>\n<\/div>\n<\/div>\n<\/div>\n<\/div>\n<div class=\"brz-row__container brz-css-rinjn\" data-custom-id=\"jzfhhzagqherawkescksialkkercxtbckogf\">\n<div class=\"brz-row brz-css-jhgxh brz-css-zjgjz\">\n<div class=\"brz-columns brz-css-xehkh brz-css-ypxpz\" data-custom-id=\"hmasmpjxoplfgpxcvfynxzaaqwbudvcmzfaf\">\n<div class=\"brz-column__items brz-css-ighyl brz-css-tsccz\">\n<div class=\"brz-css-bplew brz-css-qqswg brz-wrapper\">\n<div class=\"brz-rich-text brz-css-hhzud\" data-custom-id=\"muqftsucmoobwtqturzrayschbwwfkjqewgm\">\n<div>\n<p class=\"brz-css-ibuhx\"><span class=\"brz-cp-color7\">Dieses Kleinr\u00fcstfahrzeug dient als Prim\u00e4rfahrzeug bei allen kleinen technischen Hilfeleistungen, wie z.B. \u00dcberschwemmung, Tierrettung, T\u00fcr\u00f6ffnung, \u00d6lwehr, blockierte Aufz\u00fcge, uvm.<\/span><\/p>\n<\/div>\n<\/div>\n<\/div>\n<\/div>\n<\/div>\n<\/div>\n<\/div>\n<div class=\"brz-row__container brz-css-rinjn\" data-custom-id=\"scuxysjgcppjfcqqrlsimjyrpswozrznywuq\">\n<div class=\"brz-row brz-css-jhgxh brz-css-zjgjz\">\n<div class=\"brz-columns brz-css-xehkh brz-css-gsvsh\" data-custom-id=\"iqnjnbdeqgkqcmclomnalhhzayryczjrgbam\">\n<div class=\"brz-column__items brz-css-ighyl brz-css-atkaq\">\n<div class=\"brz-css-bplew brz-css-ajywi brz-wrapper\">\n<div class=\"brz-icon-text brz-css-pujnw\" data-custom-id=\"mwkcyjxhdgjbgugsedigwvjtgxzcfvifzbkz\">\n<div id class=\"brz-icon__container\" data-custom-id=\"cqglkpjuorfabgfrugtbymdbftdhdpmprewq\"><span class=\"brz-span brz-icon css-8lc2bu\"><\/span><\/div>\n<div class=\"brz-text-btn\">\n<div class=\"brz-rich-text brz-css-hhzud\" data-custom-id=\"fjzzucokqqcportoltexcmngdsfuquaigrej\">\n<div>\n<p class=\"brz-css-xfyzo\"><span class=\"brz-cp-color7\">Besatzung:<\/span><\/p>\n<p class=\"brz-css-podff\"><span class=\"brz-cp-color7\">3 + 1 Mann<\/span><\/p>\n<\/div>\n<\/div>\n<\/div>\n<\/div>\n<\/div>\n<\/div>\n<\/div>\n<div class=\"brz-columns brz-css-xehkh brz-css-tvzqh\" data-custom-id=\"mnodxcfetnpxxiuqmfrctbpylowyosmkbefs\">\n<div class=\"brz-column__items brz-css-ighyl brz-css-hibnk\">\n<div class=\"brz-css-bplew brz-css-wvqov brz-wrapper\">\n<div class=\"brz-icon-text brz-css-pujnw\" data-custom-id=\"vptvrzevxrpughbqyyzaeslgbxsmgydooqeb\">\n<div id class=\"brz-icon__container\" data-custom-id=\"lhwztugzttkxivhdmnznxusiukhjsaqufolw\"><span class=\"brz-span brz-icon css-1q3m5hw\"><\/span><\/div>\n<div class=\"brz-text-btn\">\n<div class=\"brz-rich-text brz-css-hhzud\" data-custom-id=\"xcqbyzvkgfagnxyrmoeqlzgsmdfvglkfaphx\">\n<div>\n<p class=\"brz-css-jtpxp\"><span class=\"brz-cp-color7\">Gewicht: <\/span><\/p>\n<p class=\"brz-css-ncmfa\"><span class=\"brz-cp-color7\">3.500 kg<\/span><\/p>\n<\/div>\n<\/div>\n<\/div>\n<\/div>\n<\/div>\n<\/div>\n<\/div>\n<div class=\"brz-columns brz-css-xehkh brz-css-xpcos\" data-custom-id=\"xqrfikeghxnnqyxiewztrkixhakgqrslprho\">\n<div class=\"brz-column__items brz-css-ighyl brz-css-taptx\">\n<div class=\"brz-css-bplew brz-css-mwvtq brz-wrapper\">\n<div class=\"brz-icon-text brz-css-pujnw\" data-custom-id=\"tqktojylcsosyprpezootmeqdztxwxdzikom\">\n<div id class=\"brz-icon__container\" data-custom-id=\"sgbougjutrdntdhdiqvuosmlfwpqjzndxkxi\"><span class=\"brz-span brz-icon css-8lc2bu\"><\/span><\/div>\n<div class=\"brz-text-btn\">\n<div class=\"brz-rich-text brz-css-hhzud\" data-custom-id=\"txmttaahrysdyudgxpfhrsmssjkhhdqegflt\">\n<div>\n<p class=\"brz-css-dedjm\"><span class=\"brz-cp-color7\">Leistung:<\/span><\/p>\n<p class=\"brz-css-akxxk\"><span class=\"brz-cp-color7\">140 PS<\/span><\/p>\n<\/div>\n<\/div>\n<\/div>\n<\/div>\n<\/div>\n<\/div>\n<\/div>\n<\/div>\n<\/div>\n<div class=\"brz-row__container brz-css-rinjn\" data-custom-id=\"dqydcauruewgwkyenoyjntvyeqypsqtujzrm\">\n<div class=\"brz-row brz-css-jhgxh brz-css-zjgjz\">\n<div class=\"brz-columns brz-css-xehkh brz-css-lhebj\" data-custom-id=\"cdgarcdpnesgnqmydzbcpypdtfziebxcbxbh\">\n<div class=\"brz-column__items brz-css-ighyl brz-css-dimgf\">\n<div class=\"brz-css-bplew brz-css-dmqcm brz-wrapper\">\n<div class=\"brz-icon-text brz-css-pujnw\" data-custom-id=\"tncdpxfguqrqmgnhurvfzjxdxohusbaljygv\">\n<div id class=\"brz-icon__container\" data-custom-id=\"ftrcbnxsfrbgirvbfcuhoztzkfqukfdmoear\"><span class=\"brz-span brz-icon css-8lc2bu\"><\/span><\/div>\n<div class=\"brz-text-btn\">\n<div class=\"brz-rich-text brz-css-hhzud\" data-custom-id=\"vnhplfhpqylzndbltyissuagskilazyobjwr\">\n<div>\n<p class=\"brz-css-yxior\"><span class=\"brz-cp-color7\">Baujahr:<\/span><\/p>\n<p class=\"brz-css-pyhac\"><span class=\"brz-cp-color7\">2013<\/span><\/p>\n<\/div>\n<\/div>\n<\/div>\n<\/div>\n<\/div>\n<\/div>\n<\/div>\n<div class=\"brz-columns brz-css-xehkh brz-css-eljst\" data-custom-id=\"oinupviwtpcwkhyoznrfnvfeuxfekrnovjri\">\n<div class=\"brz-column__items brz-css-ighyl brz-css-cadck\">\n<div class=\"brz-css-bplew brz-css-sonnw brz-wrapper\">\n<div class=\"brz-icon-text brz-css-pujnw\" data-custom-id=\"axezyfesryfhtesueuqhvujmjcyewjcgfsvz\">\n<div id class=\"brz-icon__container\" data-custom-id=\"zrytxnjuxgghefecdeogvfcvgchrngaoreme\"><span class=\"brz-span brz-icon css-8lc2bu\"><\/span><\/div>\n<div class=\"brz-text-btn\">\n<div class=\"brz-rich-text brz-css-hhzud\" data-custom-id=\"wvayunmlyacjkfhtuvzwemgcddaksgcqbsii\">\n<div>\n<p class=\"brz-css-qslrv\"><span class=\"brz-cp-color7\">Antriebsart: <\/span><\/p>\n<p class=\"brz-css-wvqiw\"><span class=\"brz-cp-color7\">4&#215;2 | 4&#215;4 | Differentialsperre<\/span><\/p>\n<\/div>\n<\/div>\n<\/div>\n<\/div>\n<\/div>\n<\/div>\n<\/div>\n<\/div>\n<\/div>\n<\/div>\n<\/div>\n<\/section>\n<section data-uid=\"nhhgzlmcpdmheeuzbnjkcruvfqwgahxwxddm\" id=\"nhhgzlmcpdmheeuzbnjkcruvfqwgahxwxddm\" class=\"brz-section brz-css-csitz brz-css-pkptt\">\n<div class=\"brz-section__content brz-section--boxed brz-css-cuotw brz-css-pjhvr\" data-custom-id=\"ojhwasrcywvxxpompuqiogbhhrtzjqrtxzor\">\n<div class=\"brz-container brz-css-jtxin\">\n<div class=\"brz-css-bplew brz-css-pfbfi brz-wrapper\">\n<div class=\"brz-rich-text brz-css-hhzud\" data-custom-id=\"fnzxtwyserxkhlagbqtjqgwpfcgaefmvuthv\">\n<div>\n<p class=\"brz-css-njzqe\"><strong>Ausstattung<\/strong><\/p>\n<\/div>\n<\/div>\n<\/div>\n<\/div>\n<\/div>\n<\/section>\n<section data-uid=\"loafbrkkukcsuzrrjskevobwkvubbzigxcig\" id=\"loafbrkkukcsuzrrjskevobwkvubbzigxcig\" class=\"brz-section brz-css-csitz\">\n<div class=\"brz-section__content brz-section--boxed brz-css-cuotw brz-css-fujts\" data-custom-id=\"gepezcnhzqnwmkhednutvxiqiflzpipidcer\">\n<div class=\"brz-container brz-css-jtxin\">\n<div class=\"brz-css-bplew brz-css-kxxco brz-wrapper\">\n<div class=\"brz-rich-text brz-css-hhzud\" data-custom-id=\"mdtlvwtgdjplrsvefowwxajcrgrbxqoepmrh\">\n<div>\n<ul>\n<li class=\"brz-css-rtijf\"><span class=\"brz-cp-color7\">Kleinl\u00f6schger\u00e4te (Pulverl\u00f6scher, CO2-L\u00f6scher)<\/span><\/li>\n<li class=\"brz-css-hlqeo\"><span class=\"brz-cp-color7\">Beleuchtungsger\u00e4te (Flutlichtscheinwerfer, Stativ, Handscheinwerfer, etc.)<\/span><\/li>\n<li class=\"brz-css-xzbgp\"><span class=\"brz-cp-color7\">Mobiler Stromerzeuger mit Elektromaterial<\/span><\/li>\n<li class=\"brz-css-iaivb\"><span class=\"brz-cp-color7\">Erste-Hilfe-Ausr\u00fcstung<\/span><\/li>\n<li class=\"brz-css-notze\"><span class=\"brz-cp-color7\">H\u00f6henrettungsrucksack<\/span><\/li>\n<li class=\"brz-css-ypfot\"><span class=\"brz-cp-color7\">Absicherungmaterial (Warndreieck, Blitzleuchte, etc.)<\/span><\/li>\n<li class=\"brz-css-amkzt\"><span class=\"brz-cp-color7\">2 Tauchpumpen mit Zubeh\u00f6r<\/span><\/li>\n<li class=\"brz-css-ybrxg\"><span class=\"brz-cp-color7\">Wassersauger mit Zubeh\u00f6r<\/span><\/li>\n<li class=\"brz-css-ixxzg\"><span class=\"brz-cp-color7\">Schlauchmaterial und wasserf\u00fchrende Armaturen<\/span><\/li>\n<li class=\"brz-css-tlnfy\"><span class=\"brz-cp-color7\">Akkubohrmaschine und Winkelschleifer<\/span><\/li>\n<li class=\"brz-css-cezqj\"><span class=\"brz-cp-color7\">2 umluftunabh\u00e4ngige Atemschutzger\u00e4te mit Zubeh\u00f6r und Rettungsleine<\/span><\/li>\n<li class=\"brz-css-xiddr\"><span class=\"brz-cp-color7\">Werkzeugkoffer<\/span><\/li>\n<li class=\"brz-css-jmjon\"><span class=\"brz-cp-color7\">Verschiedene Werkzeuge (Schaufel, Besen, Pickel, etc.)<\/span><\/li>\n<li class=\"brz-css-zrili\"><span class=\"brz-cp-color7\">Motors\u00e4ge mit Zubeh\u00f6r und Schnittschutzkleidung<\/span><\/li>\n<li class=\"brz-css-unvkx\"><span class=\"brz-cp-color7\">Bienenkiste mit Zubeh\u00f6r und Imkerausr\u00fcstung<\/span><\/li>\n<li class=\"brz-css-gongh\"><a href=\"\/de\/ausruestung\/geraete\/oelwehrausruestung\/\" class=\"link--external\" data-brz-link-type=\"external\">\u00d6lwehrausr\u00fcstung<\/a><\/li>\n<li class=\"brz-css-oxjpl\"><span class=\"brz-cp-color7\">Haken- und Steckleiter<\/span><\/li>\n<\/ul>\n<\/div>\n<\/div>\n<\/div>\n<\/div>\n<\/div>\n<\/section>\n<\/div>\n<p><!-- version:1774472690 --><\/p>\n","protected":false},"excerpt":{"rendered":"<p>tail Kleinr\u00fcstfahrzeug &#8211; Allrad Dieses Kleinr\u00fcstfahrzeug dient als Prim\u00e4rfahrzeug bei allen kleinen technischen Hilfeleistungen, wie z.B. \u00dcberschwemmung, Tierrettung, T\u00fcr\u00f6ffnung, \u00d6lwehr, blockierte Aufz\u00fcge, uvm. Besatzung: 3 + 1 Mann Gewicht: 3.500 kg Leistung: 140 PS Baujahr: 2013 Antriebsart: 4&#215;2 | 4&#215;4 | Differentialsperre Ausstattung Kleinl\u00f6schger\u00e4te (Pulverl\u00f6scher, CO2-L\u00f6scher) Beleuchtungsger\u00e4te (Flutlichtscheinwerfer, Stativ, Handscheinwerfer, etc.) Mobiler Stromerzeuger mit Elektromaterial&nbsp;&hellip;<\/p>\n","protected":false},"author":1,"featured_media":0,"parent":175,"menu_order":0,"comment_status":"closed","ping_status":"closed","template":"","meta":[],"yoast_head":"<!-- This site is optimized with the Yoast SEO plugin v20.4 - https:\/\/yoast.com\/wordpress\/plugins\/seo\/ -->\n<title>Kleinr\u00fcstfahrzeug - Allrad - Freiwillige Feuerwehr Bozen EO<\/title>\n<meta name=\"robots\" content=\"index, follow, max-snippet:-1, max-image-preview:large, max-video-preview:-1\" \/>\n<link rel=\"canonical\" href=\"https:\/\/ffbozen.it\/de\/ausruestung\/fuhrpark\/kleinruestfahrzeug-allrad\/\" \/>\n<meta property=\"og:locale\" content=\"de_DE\" \/>\n<meta property=\"og:type\" content=\"article\" \/>\n<meta property=\"og:title\" content=\"Kleinr\u00fcstfahrzeug - Allrad - Freiwillige Feuerwehr Bozen EO\" \/>\n<meta property=\"og:description\" content=\"tail Kleinr\u00fcstfahrzeug &#8211; Allrad Dieses Kleinr\u00fcstfahrzeug dient als Prim\u00e4rfahrzeug bei allen kleinen technischen Hilfeleistungen, wie z.B. \u00dcberschwemmung, Tierrettung, T\u00fcr\u00f6ffnung, \u00d6lwehr, blockierte Aufz\u00fcge, uvm. Besatzung: 3 + 1 Mann Gewicht: 3.500 kg Leistung: 140 PS Baujahr: 2013 Antriebsart: 4&#215;2 | 4&#215;4 | Differentialsperre Ausstattung Kleinl\u00f6schger\u00e4te (Pulverl\u00f6scher, CO2-L\u00f6scher) Beleuchtungsger\u00e4te (Flutlichtscheinwerfer, Stativ, Handscheinwerfer, etc.) Mobiler Stromerzeuger mit Elektromaterial&nbsp;&hellip;\" \/>\n<meta property=\"og:url\" content=\"https:\/\/ffbozen.it\/de\/ausruestung\/fuhrpark\/kleinruestfahrzeug-allrad\/\" \/>\n<meta property=\"og:site_name\" content=\"Freiwillige Feuerwehr Bozen EO\" \/>\n<meta property=\"article:publisher\" content=\"https:\/\/www.facebook.com\/ff.bozen\" \/>\n<meta property=\"article:modified_time\" content=\"2026-03-25T21:04:50+00:00\" \/>\n<meta property=\"og:image\" content=\"https:\/\/ffbozen.it\/de\/wp-content\/uploads\/brizy\/imgs\/FFBozen_Fahrzeug3_01-1997x1123x38x0x1920x1123x1610543664.jpg\" \/>\n<meta name=\"twitter:card\" content=\"summary_large_image\" \/>\n<meta name=\"twitter:label1\" content=\"Gesch\u00e4tzte Lesezeit\" \/>\n\t<meta name=\"twitter:data1\" content=\"1\u00a0Minute\" \/>\n<script type=\"application\/ld+json\" class=\"yoast-schema-graph\">{\"@context\":\"https:\/\/schema.org\",\"@graph\":[{\"@type\":\"WebPage\",\"@id\":\"https:\/\/ffbozen.it\/de\/ausruestung\/fuhrpark\/kleinruestfahrzeug-allrad\/\",\"url\":\"https:\/\/ffbozen.it\/de\/ausruestung\/fuhrpark\/kleinruestfahrzeug-allrad\/\",\"name\":\"Kleinr\u00fcstfahrzeug - Allrad - Freiwillige Feuerwehr Bozen EO\",\"isPartOf\":{\"@id\":\"https:\/\/ffbozen.it\/de\/#website\"},\"datePublished\":\"2020-11-23T18:09:08+00:00\",\"dateModified\":\"2026-03-25T21:04:50+00:00\",\"breadcrumb\":{\"@id\":\"https:\/\/ffbozen.it\/de\/ausruestung\/fuhrpark\/kleinruestfahrzeug-allrad\/#breadcrumb\"},\"inLanguage\":\"de\",\"potentialAction\":[{\"@type\":\"ReadAction\",\"target\":[\"https:\/\/ffbozen.it\/de\/ausruestung\/fuhrpark\/kleinruestfahrzeug-allrad\/\"]}]},{\"@type\":\"BreadcrumbList\",\"@id\":\"https:\/\/ffbozen.it\/de\/ausruestung\/fuhrpark\/kleinruestfahrzeug-allrad\/#breadcrumb\",\"itemListElement\":[{\"@type\":\"ListItem\",\"position\":1,\"name\":\"Startseite\",\"item\":\"https:\/\/ffbozen.it\/de\/\"},{\"@type\":\"ListItem\",\"position\":2,\"name\":\"Ausr\u00fcstung\",\"item\":\"https:\/\/ffbozen.it\/de\/ausruestung\/\"},{\"@type\":\"ListItem\",\"position\":3,\"name\":\"Fuhrpark\",\"item\":\"https:\/\/ffbozen.it\/de\/ausruestung\/fuhrpark\/\"},{\"@type\":\"ListItem\",\"position\":4,\"name\":\"Kleinr\u00fcstfahrzeug &#8211; Allrad\"}]},{\"@type\":\"WebSite\",\"@id\":\"https:\/\/ffbozen.it\/de\/#website\",\"url\":\"https:\/\/ffbozen.it\/de\/\",\"name\":\"Freiwillige Feuerwehr Bozen EO\",\"description\":\"\",\"publisher\":{\"@id\":\"https:\/\/ffbozen.it\/de\/#organization\"},\"potentialAction\":[{\"@type\":\"SearchAction\",\"target\":{\"@type\":\"EntryPoint\",\"urlTemplate\":\"https:\/\/ffbozen.it\/de\/?s={search_term_string}\"},\"query-input\":\"required name=search_term_string\"}],\"inLanguage\":\"de\"},{\"@type\":\"Organization\",\"@id\":\"https:\/\/ffbozen.it\/de\/#organization\",\"name\":\"Freiwillige Feuerwehr Bozen\",\"url\":\"https:\/\/ffbozen.it\/de\/\",\"logo\":{\"@type\":\"ImageObject\",\"inLanguage\":\"de\",\"@id\":\"https:\/\/ffbozen.it\/de\/#\/schema\/logo\/image\/\",\"url\":\"https:\/\/ffbozen.it\/de\/wp-content\/uploads\/2020\/11\/Logo-ohne-Text-scaled-e1606231422963.jpg\",\"contentUrl\":\"https:\/\/ffbozen.it\/de\/wp-content\/uploads\/2020\/11\/Logo-ohne-Text-scaled-e1606231422963.jpg\",\"width\":350,\"height\":140,\"caption\":\"Freiwillige Feuerwehr Bozen\"},\"image\":{\"@id\":\"https:\/\/ffbozen.it\/de\/#\/schema\/logo\/image\/\"},\"sameAs\":[\"https:\/\/www.facebook.com\/ff.bozen\",\"https:\/\/www.instagram.com\/ff.bozen\/\"]}]}<\/script>\n<!-- \/ Yoast SEO plugin. -->","yoast_head_json":{"title":"Kleinr\u00fcstfahrzeug - Allrad - Freiwillige Feuerwehr Bozen EO","robots":{"index":"index","follow":"follow","max-snippet":"max-snippet:-1","max-image-preview":"max-image-preview:large","max-video-preview":"max-video-preview:-1"},"canonical":"https:\/\/ffbozen.it\/de\/ausruestung\/fuhrpark\/kleinruestfahrzeug-allrad\/","og_locale":"de_DE","og_type":"article","og_title":"Kleinr\u00fcstfahrzeug - Allrad - Freiwillige Feuerwehr Bozen EO","og_description":"tail Kleinr\u00fcstfahrzeug &#8211; Allrad Dieses Kleinr\u00fcstfahrzeug dient als Prim\u00e4rfahrzeug bei allen kleinen technischen Hilfeleistungen, wie z.B. \u00dcberschwemmung, Tierrettung, T\u00fcr\u00f6ffnung, \u00d6lwehr, blockierte Aufz\u00fcge, uvm. Besatzung: 3 + 1 Mann Gewicht: 3.500 kg Leistung: 140 PS Baujahr: 2013 Antriebsart: 4&#215;2 | 4&#215;4 | Differentialsperre Ausstattung Kleinl\u00f6schger\u00e4te (Pulverl\u00f6scher, CO2-L\u00f6scher) Beleuchtungsger\u00e4te (Flutlichtscheinwerfer, Stativ, Handscheinwerfer, etc.) Mobiler Stromerzeuger mit Elektromaterial&nbsp;&hellip;","og_url":"https:\/\/ffbozen.it\/de\/ausruestung\/fuhrpark\/kleinruestfahrzeug-allrad\/","og_site_name":"Freiwillige Feuerwehr Bozen EO","article_publisher":"https:\/\/www.facebook.com\/ff.bozen","article_modified_time":"2026-03-25T21:04:50+00:00","og_image":[{"url":"https:\/\/ffbozen.it\/de\/wp-content\/uploads\/brizy\/imgs\/FFBozen_Fahrzeug3_01-1997x1123x38x0x1920x1123x1610543664.jpg"}],"twitter_card":"summary_large_image","twitter_misc":{"Gesch\u00e4tzte Lesezeit":"1\u00a0Minute"},"schema":{"@context":"https:\/\/schema.org","@graph":[{"@type":"WebPage","@id":"https:\/\/ffbozen.it\/de\/ausruestung\/fuhrpark\/kleinruestfahrzeug-allrad\/","url":"https:\/\/ffbozen.it\/de\/ausruestung\/fuhrpark\/kleinruestfahrzeug-allrad\/","name":"Kleinr\u00fcstfahrzeug - Allrad - Freiwillige Feuerwehr Bozen EO","isPartOf":{"@id":"https:\/\/ffbozen.it\/de\/#website"},"datePublished":"2020-11-23T18:09:08+00:00","dateModified":"2026-03-25T21:04:50+00:00","breadcrumb":{"@id":"https:\/\/ffbozen.it\/de\/ausruestung\/fuhrpark\/kleinruestfahrzeug-allrad\/#breadcrumb"},"inLanguage":"de","potentialAction":[{"@type":"ReadAction","target":["https:\/\/ffbozen.it\/de\/ausruestung\/fuhrpark\/kleinruestfahrzeug-allrad\/"]}]},{"@type":"BreadcrumbList","@id":"https:\/\/ffbozen.it\/de\/ausruestung\/fuhrpark\/kleinruestfahrzeug-allrad\/#breadcrumb","itemListElement":[{"@type":"ListItem","position":1,"name":"Startseite","item":"https:\/\/ffbozen.it\/de\/"},{"@type":"ListItem","position":2,"name":"Ausr\u00fcstung","item":"https:\/\/ffbozen.it\/de\/ausruestung\/"},{"@type":"ListItem","position":3,"name":"Fuhrpark","item":"https:\/\/ffbozen.it\/de\/ausruestung\/fuhrpark\/"},{"@type":"ListItem","position":4,"name":"Kleinr\u00fcstfahrzeug &#8211; Allrad"}]},{"@type":"WebSite","@id":"https:\/\/ffbozen.it\/de\/#website","url":"https:\/\/ffbozen.it\/de\/","name":"Freiwillige Feuerwehr Bozen EO","description":"","publisher":{"@id":"https:\/\/ffbozen.it\/de\/#organization"},"potentialAction":[{"@type":"SearchAction","target":{"@type":"EntryPoint","urlTemplate":"https:\/\/ffbozen.it\/de\/?s={search_term_string}"},"query-input":"required name=search_term_string"}],"inLanguage":"de"},{"@type":"Organization","@id":"https:\/\/ffbozen.it\/de\/#organization","name":"Freiwillige Feuerwehr Bozen","url":"https:\/\/ffbozen.it\/de\/","logo":{"@type":"ImageObject","inLanguage":"de","@id":"https:\/\/ffbozen.it\/de\/#\/schema\/logo\/image\/","url":"https:\/\/ffbozen.it\/de\/wp-content\/uploads\/2020\/11\/Logo-ohne-Text-scaled-e1606231422963.jpg","contentUrl":"https:\/\/ffbozen.it\/de\/wp-content\/uploads\/2020\/11\/Logo-ohne-Text-scaled-e1606231422963.jpg","width":350,"height":140,"caption":"Freiwillige Feuerwehr Bozen"},"image":{"@id":"https:\/\/ffbozen.it\/de\/#\/schema\/logo\/image\/"},"sameAs":["https:\/\/www.facebook.com\/ff.bozen","https:\/\/www.instagram.com\/ff.bozen\/"]}]}},"_links":{"self":[{"href":"https:\/\/ffbozen.it\/de\/wp-json\/wp\/v2\/pages\/9224"}],"collection":[{"href":"https:\/\/ffbozen.it\/de\/wp-json\/wp\/v2\/pages"}],"about":[{"href":"https:\/\/ffbozen.it\/de\/wp-json\/wp\/v2\/types\/page"}],"author":[{"embeddable":true,"href":"https:\/\/ffbozen.it\/de\/wp-json\/wp\/v2\/users\/1"}],"replies":[{"embeddable":true,"href":"https:\/\/ffbozen.it\/de\/wp-json\/wp\/v2\/comments?post=9224"}],"version-history":[{"count":0,"href":"https:\/\/ffbozen.it\/de\/wp-json\/wp\/v2\/pages\/9224\/revisions"}],"up":[{"embeddable":true,"href":"https:\/\/ffbozen.it\/de\/wp-json\/wp\/v2\/pages\/175"}],"wp:attachment":[{"href":"https:\/\/ffbozen.it\/de\/wp-json\/wp\/v2\/media?parent=9224"}],"curies":[{"name":"wp","href":"https:\/\/api.w.org\/{rel}","templated":true}]}}